{"id":3,"date":"2025-07-23T10:07:50","date_gmt":"2025-07-23T10:07:50","guid":{"rendered":"http:\/\/bihac.rps.edu.ba\/?page_id=3"},"modified":"2025-07-23T12:25:30","modified_gmt":"2025-07-23T12:25:30","slug":"politika-privatnosti","status":"publish","type":"page","link":"https:\/\/bihac.rps.edu.ba\/bs\/politika-privatnosti\/","title":{"rendered":"Politika privatnosti"},"content":{"rendered":"[et_pb_section fb_built=\u201d1\u2033 fullwidth=\u201duklju\u010deno\u201d _builder_version=\u201d4.27.4\u2033 _module_preset=\u201ddefault\u201d hover_enabled=\u201d0\u2033 global_colors_info=\u201d{}\u201d theme_builder_area=\u201dpost_content\u201d background_color=\u201d#0e505b\u201d sticky_enabled=\u201d0\u2033][et_pb_fullwidth_header title=\u201d@ET-DC@eyJkeW5hbWljIjp0cnVlLCJjb250ZW50IjoicG9zdF9saW5rIiwic2V0dGluZ3MiOnsiYmVmb3JlIjoiIiwiYWZ0ZXIiOiIiLCJ0ZXh0IjoicG9zdF90aXRsZSIsImN1c3RvbV90ZXh0IjoiIn19@\u201d _builder_version=\u201d4.27.4\u2033 _dynamic_attributes=\u201dtitle\u201d _module_preset=\u201ddefault\u201d title_font=\u201d\u2013et_global_heading_font|700||on|||||\u201d title_font_size=\u201d54px\u201d title_font_size_tablet=\u201d50px\u201d title_font_size_phone=\u201d38px\u201d title_font_size_last_edited=\u201dna|telefonu\u201d global_colors_info=\u201d{}\u201d theme_builder_area=\u201dpost_content\u201d][\/et_pb_fullwidth_header][\/et_pb_section][et_pb_section fb_built=\u201d1\u2033 admin_label=\u201dodjeljak\u201d _builder_version=\u201d4.27.4\u2033 custom_padding=\u201d1vw||1vw||true|false\u201d global_colors_info=\u201d{}\u201d theme_builder_area=\u201dpost_content\u201d][et_pb_row admin_label=\u201dred\u201d _builder_version=\u201d4.27.4\u2033 background_size=\u201dpo\u010detna\u201d background_position=\u201dgore_lijevo\u201d background_repeat=\u201dponovi\u201d custom_padding=\u201d0vw||0vw||true|false\u201d global_colors_info=\u201d{}\u201d theme_builder_area=\u201dpost_content\u201d][et_pb_column type=\u201d4_4\u2033 _builder_version=\u201d4.16\u2033 custom_padding=\u201d|||\u201d global_colors_info=\u201d{}\u201d custom_padding__hover=\u201d|||\u201d theme_builder_area=\u201dpost_content\u201d][et_pb_text admin_label=\u201dTekst\u201d _builder_version=\u201d4.27.4\u2033 background_size=\u201dpo\u010detna\u201d background_position=\u201dgore_lijevo\u201d background_repeat=\u201dponavljanje\u201d global_colors_info=\u201d{}\u201d theme_builder_area=\u201dpost_content\u201d]<p><\/p>\n<p class=\"translation-block\"><span style=\"font-weight: 400\">Va\u0161a privatnost nam je va\u017ena. Politika <\/span><b>Richmond Park Schools<\/b><span style=\"font-weight: 400\"> je da po\u0161tuje i \u0161titi va\u0161e li\u010dne podatke kada posjetite na\u0161u web stranicu:<\/span><a href=\"https:\/\/rps.edu.ba\/\" target=\"_blank\" rel=\"noopener\"> <span style=\"font-weight: 400\">https:\/\/rps.edu.ba<\/span><\/a><span style=\"font-weight: 400\"> i sve njene poddomene.<\/span><\/p>\n<h3 class=\"wp-block-heading\"><b>1. Koje informacije prikupljamo<\/b><\/h3>\n<p><span style=\"font-weight: 400;\">Prikupljamo samo li\u010dne podatke koje dobrovoljno dajete kada:<\/span><\/p>\n<ul>\n<li style=\"font-weight: 400;\" aria-level=\"1\"><span style=\"font-weight: 400;\">Po\u0161aljete kontaktni obrazac ili obrazac za upit<\/span><\/li>\n<li style=\"font-weight: 400;\" aria-level=\"1\"><span style=\"font-weight: 400;\">Registrujte se za upis<\/span><\/li>\n<li style=\"font-weight: 400;\" aria-level=\"1\"><span style=\"font-weight: 400;\">Zatra\u017eite dodatne informacije o na\u0161im \u0161kolama ili programima<\/span><\/li>\n<\/ul>\n<p><span style=\"font-weight: 400;\">Ovi podaci mogu uklju\u010divati:<\/span><\/p>\n<ul>\n<li style=\"font-weight: 400;\" aria-level=\"1\"><span style=\"font-weight: 400;\">Va\u0161e ime<\/span><\/li>\n<li style=\"font-weight: 400;\" aria-level=\"1\"><span style=\"font-weight: 400;\">E-mail adresa<\/span><\/li>\n<li style=\"font-weight: 400;\" aria-level=\"1\"><span style=\"font-weight: 400;\">Broj telefona<\/span><\/li>\n<li style=\"font-weight: 400;\" aria-level=\"1\"><span style=\"font-weight: 400;\">Dob djeteta ili razred<\/span><\/li>\n<li style=\"font-weight: 400;\" aria-level=\"1\"><span style=\"font-weight: 400;\">Preferirani kampus ili program<\/span><\/li>\n<\/ul>\n<h3><b>2. Kako koristimo va\u0161e podatke<\/b><\/h3>\n<p><span style=\"font-weight: 400;\">Informacije koje nam pru\u017eite koristimo za:<\/span><\/p>\n<ul>\n<li style=\"font-weight: 400;\" aria-level=\"1\"><span style=\"font-weight: 400;\">Odgovorimo na va\u0161a pitanja<\/span><\/li>\n<li style=\"font-weight: 400;\" aria-level=\"1\"><span style=\"font-weight: 400;\">Pru\u017eimo detalje o na\u0161im \u0161kolama, upisima ili uslugama<\/span><\/li>\n<li style=\"font-weight: 400;\" aria-level=\"1\"><span style=\"font-weight: 400;\">Pratimo podnesene obrazace za interes ili prijavu<\/span><\/li>\n<li style=\"font-weight: 400;\" aria-level=\"1\"><span style=\"font-weight: 400;\">Pobolj\u0161amo na\u0161u web stranicu i komunikacijske napore<\/span><\/li>\n<\/ul>\n<p><span style=\"font-weight: 400;\">Mi <\/span><b>ne<\/b><span style=\"font-weight: 400;\"> koristimo va\u0161e podatke za marketing koji nije povezan sa \u0161kolama Richmond Parka, niti prodajemo ili iznajmljujemo va\u0161e podatke tre\u0107im stranama.<\/span><\/p>\n<h3><b>3. \u010cuvanje podataka<\/b><\/h3>\n<p><span style=\"font-weight: 400;\">Li\u010dne podatke \u010duvamo samo onoliko dugo koliko je potrebno za ispunjenje svrha za koje smo ih prikupili, uklju\u010duju\u0107i sve pravne, administrativne ili zahtjeve za izvje\u0161tavanje.<\/span><\/p>\n<h3><b>4. Usluge tre\u0107ih strana<\/b><\/h3>\n<p><span style=\"font-weight: 400;\">Mo\u017eemo koristiti usluge tre\u0107ih strana (kao \u0161to su procesori obrazaca ili alati za analitiku) kako bismo vam pomogli u upravljanju na\u0161om web stranicom. Ovi pru\u017eatelji usluga imaju pristup samo informacijama potrebnim za obavljanje svojih funkcija i nije im dozvoljeno da ih koriste u bilo koju drugu svrhu.<\/span><\/p>\n<p><span style=\"font-weight: 400;\">Na\u0161a web stranica mo\u017ee sadr\u017eavati linkove ili ugra\u0111eni sadr\u017eaj s vanjskih stranica (npr. Google Maps, YouTube, itd.). Imajte na umu da ne kontroliramo prakse privatnosti ovih web stranica tre\u0107ih strana.<\/span><\/p>\n<h3><b>5. Kola\u010di\u0107i<\/b><\/h3>\n<p><span style=\"font-weight: 400;\">Na\u0161a web stranica mo\u017ee koristiti <\/span><b>kola\u010di\u0107e<\/b><span style=\"font-weight: 400;\"> kako bismo pobolj\u0161ali va\u0161e iskustvo i prikupljali ograni\u010dene tehni\u010dke podatke kao \u0161to su tip preglednika, posje\u0107ene stranice ili vrijeme provedeno na na\u0161oj web stranici. Ovi kola\u010di\u0107i nam poma\u017eu da razumijemo interakciju korisnika i pobolj\u0161amo funkcionalnost web stranice.<\/span><\/p>\n<p><span style=\"font-weight: 400;\">Kola\u010di\u0107e mo\u017eete kontrolisati ili onemogu\u0107iti putem postavki va\u0161eg preglednika.<\/span><\/p>\n<h3><b>6. Kako \u0161titimo va\u0161e podatke<\/b><\/h3>\n<p><span style=\"font-weight: 400;\">Koristimo komercijalno prihvatljive metode i sigurnosne mjere kako bismo za\u0161titili va\u0161e podatke od neovla\u0161tenog pristupa, izmjene, otkrivanja ili uni\u0161tavanja.<\/span><\/p>\n<h3><b>7. Va\u0161a prava<\/b><\/h3>\n<p><span style=\"font-weight: 400;\">Prema GDPR-u i sli\u010dnim propisima, imate pravo na:<\/span><\/p>\n<ul>\n<li style=\"font-weight: 400;\" aria-level=\"1\"><span style=\"font-weight: 400;\">Zahtjev za pristup li\u010dnim podacima koje imamo o vama<\/span><\/li>\n<li style=\"font-weight: 400;\" aria-level=\"1\"><span style=\"font-weight: 400;\">Ispravite ili a\u017eurirajte svoje podatke<\/span><\/li>\n<li style=\"font-weight: 400;\" aria-level=\"1\"><span style=\"font-weight: 400;\">Zahtjev za brisanje va\u0161ih podataka<\/span><\/li>\n<li style=\"font-weight: 400;\" aria-level=\"1\"><span style=\"font-weight: 400;\">Povucite saglasnost u bilo kojem trenutku<\/span><\/li>\n<\/ul>\n<p><span style=\"font-weight: 400;\">Za podno\u0161enje zahtjeva, molimo kontaktirajte nas na: info@rps.edu.ba<\/span><\/p>\n<h3><b>8. Privatnost djece<\/b><\/h3>\n<p><span style=\"font-weight: 400;\">Ne prikupljamo svjesno li\u010dne podatke direktno od djece bez roditeljskog pristanka. Ako smatrate da smo mo\u017eda prikupili podatke od djeteta bez odgovaraju\u0107eg pristanka, odmah nas kontaktirajte.<\/span><\/p>\n<h3><b>9. Kontaktirajte nas<\/b><\/h3>\n<p><span style=\"font-weight: 400;\">Ako imate bilo kakvih pitanja o ovoj Politici privatnosti ili o tome kako se va\u0161i podaci obra\u0111uju, molimo vas da nas kontaktirate na:<\/span><\/p>\n<p><b>Richmond Park Schools<\/b><b><br \/><\/b><span style=\"font-weight: 400;\">E-mail: info@rps.edu.ba\u00a0<\/span><\/p>\n<p><span style=\"font-weight: 400;\">Telefon: +387 33 944 100\u00a0<\/span><\/p>\n<h2 class=\"wp-block-heading\"><\/h2>\n<p><\/p>[\/et_pb_text][\/et_pb_column][\/et_pb_row][\/et_pb_section]","protected":false},"excerpt":{"rendered":"<p>Va\u0161a privatnost nam je va\u017ena. Politika \u0161kola Richmond Park je da po\u0161tuju i \u0161tite va\u0161e li\u010dne podatke kada posjetite na\u0161u web stranicu: https:\/\/rps.edu.ba i bilo koju od njenih poddomena. 1. Koje informacije prikupljamo Prikupljamo samo li\u010dne podatke koje dobrovoljno dajete kada: Po\u0161aljite kontakt ili obrazac za upit Registrujte se [\u2026]<\/p>","protected":false},"author":1,"featured_media":0,"parent":0,"menu_order":0,"comment_status":"closed","ping_status":"open","template":"","meta":{"_et_pb_use_builder":"on","_et_pb_old_content":"<!-- wp:heading -->\n<h2 class=\"wp-block-heading\">Who we are<\/h2>\n<!-- \/wp:heading -->\n<!-- wp:paragraph -->\n<p><strong class=\"privacy-policy-tutorial\">Suggested text: <\/strong>Our website address is: http:\/\/bihac.rps.edu.ba.<\/p>\n<!-- \/wp:paragraph -->\n<!-- wp:heading -->\n<h2 class=\"wp-block-heading\">Comments<\/h2>\n<!-- \/wp:heading -->\n<!-- wp:paragraph -->\n<p><strong class=\"privacy-policy-tutorial\">Suggested text: <\/strong>When visitors leave comments on the site we collect the data shown in the comments form, and also the visitor&#8217;s IP address and browser user agent string to help spam detection.<\/p>\n<!-- \/wp:paragraph -->\n<!-- wp:paragraph -->\n<p>An anonymized string created from your email address (also called a hash) may be provided to the Gravatar service to see if you are using it. The Gravatar service privacy policy is available here: https:\/\/automattic.com\/privacy\/. After approval of your comment, your profile picture is visible to the public in the context of your comment.<\/p>\n<!-- \/wp:paragraph -->\n<!-- wp:heading -->\n<h2 class=\"wp-block-heading\">Media<\/h2>\n<!-- \/wp:heading -->\n<!-- wp:paragraph -->\n<p><strong class=\"privacy-policy-tutorial\">Suggested text: <\/strong>If you upload images to the website, you should avoid uploading images with embedded location data (EXIF GPS) included. Visitors to the website can download and extract any location data from images on the website.<\/p>\n<!-- \/wp:paragraph -->\n<!-- wp:heading -->\n<h2 class=\"wp-block-heading\">Cookies<\/h2>\n<!-- \/wp:heading -->\n<!-- wp:paragraph -->\n<p><strong class=\"privacy-policy-tutorial\">Suggested text: <\/strong>If you leave a comment on our site you may opt-in to saving your name, email address and website in cookies. These are for your convenience so that you do not have to fill in your details again when you leave another comment. These cookies will last for one year.<\/p>\n<!-- \/wp:paragraph -->\n<!-- wp:paragraph -->\n<p>If you visit our login page, we will set a temporary cookie to determine if your browser accepts cookies. This cookie contains no personal data and is discarded when you close your browser.<\/p>\n<!-- \/wp:paragraph -->\n<!-- wp:paragraph -->\n<p>When you log in, we will also set up several cookies to save your login information and your screen display choices. Login cookies last for two days, and screen options cookies last for a year. If you select &quot;Remember Me&quot;, your login will persist for two weeks. If you log out of your account, the login cookies will be removed.<\/p>\n<!-- \/wp:paragraph -->\n<!-- wp:paragraph -->\n<p>If you edit or publish an article, an additional cookie will be saved in your browser. This cookie includes no personal data and simply indicates the post ID of the article you just edited. It expires after 1 day.<\/p>\n<!-- \/wp:paragraph -->\n<!-- wp:heading -->\n<h2 class=\"wp-block-heading\">Embedded content from other websites<\/h2>\n<!-- \/wp:heading -->\n<!-- wp:paragraph -->\n<p><strong class=\"privacy-policy-tutorial\">Suggested text: <\/strong>Articles on this site may include embedded content (e.g. videos, images, articles, etc.). Embedded content from other websites behaves in the exact same way as if the visitor has visited the other website.<\/p>\n<!-- \/wp:paragraph -->\n<!-- wp:paragraph -->\n<p>These websites may collect data about you, use cookies, embed additional third-party tracking, and monitor your interaction with that embedded content, including tracking your interaction with the embedded content if you have an account and are logged in to that website.<\/p>\n<!-- \/wp:paragraph -->\n<!-- wp:heading -->\n<h2 class=\"wp-block-heading\">Who we share your data with<\/h2>\n<!-- \/wp:heading -->\n<!-- wp:paragraph -->\n<p><strong class=\"privacy-policy-tutorial\">Suggested text: <\/strong>If you request a password reset, your IP address will be included in the reset email.<\/p>\n<!-- \/wp:paragraph -->\n<!-- wp:heading -->\n<h2 class=\"wp-block-heading\">How long we retain your data<\/h2>\n<!-- \/wp:heading -->\n<!-- wp:paragraph -->\n<p><strong class=\"privacy-policy-tutorial\">Suggested text: <\/strong>If you leave a comment, the comment and its metadata are retained indefinitely. This is so we can recognize and approve any follow-up comments automatically instead of holding them in a moderation queue.<\/p>\n<!-- \/wp:paragraph -->\n<!-- wp:paragraph -->\n<p>For users that register on our website (if any), we also store the personal information they provide in their user profile. All users can see, edit, or delete their personal information at any time (except they cannot change their username). Website administrators can also see and edit that information.<\/p>\n<!-- \/wp:paragraph -->\n<!-- wp:heading -->\n<h2 class=\"wp-block-heading\">What rights you have over your data<\/h2>\n<!-- \/wp:heading -->\n<!-- wp:paragraph -->\n<p><strong class=\"privacy-policy-tutorial\">Suggested text: <\/strong>If you have an account on this site, or have left comments, you can request to receive an exported file of the personal data we hold about you, including any data you have provided to us. You can also request that we erase any personal data we hold about you. This does not include any data we are obliged to keep for administrative, legal, or security purposes.<\/p>\n<!-- \/wp:paragraph -->\n<!-- wp:heading -->\n<h2 class=\"wp-block-heading\">Where your data is sent<\/h2>\n<!-- \/wp:heading -->\n<!-- wp:paragraph -->\n<p><strong class=\"privacy-policy-tutorial\">Suggested text: <\/strong>Visitor comments may be checked through an automated spam detection service.<\/p>\n<!-- \/wp:paragraph -->\n","_et_gb_content_width":"","iawp_total_views":3,"footnotes":""},"class_list":["post-3","page","type-page","status-publish","hentry"],"_links":{"self":[{"href":"https:\/\/bihac.rps.edu.ba\/bs\/wp-json\/wp\/v2\/pages\/3","targetHints":{"allow":["GET"]}}],"collection":[{"href":"https:\/\/bihac.rps.edu.ba\/bs\/wp-json\/wp\/v2\/pages"}],"about":[{"href":"https:\/\/bihac.rps.edu.ba\/bs\/wp-json\/wp\/v2\/types\/page"}],"author":[{"embeddable":true,"href":"https:\/\/bihac.rps.edu.ba\/bs\/wp-json\/wp\/v2\/users\/1"}],"replies":[{"embeddable":true,"href":"https:\/\/bihac.rps.edu.ba\/bs\/wp-json\/wp\/v2\/comments?post=3"}],"version-history":[{"count":2,"href":"https:\/\/bihac.rps.edu.ba\/bs\/wp-json\/wp\/v2\/pages\/3\/revisions"}],"predecessor-version":[{"id":242314,"href":"https:\/\/bihac.rps.edu.ba\/bs\/wp-json\/wp\/v2\/pages\/3\/revisions\/242314"}],"wp:attachment":[{"href":"https:\/\/bihac.rps.edu.ba\/bs\/wp-json\/wp\/v2\/media?parent=3"}],"curies":[{"name":"radni list","href":"https:\/\/api.w.org\/{rel}","templated":true}]}}