{"id":242846,"date":"2025-07-30T07:47:19","date_gmt":"2025-07-30T07:47:19","guid":{"rendered":"https:\/\/bihac.rps.edu.ba\/?page_id=242846"},"modified":"2025-09-29T12:13:55","modified_gmt":"2025-09-29T12:13:55","slug":"koledz","status":"publish","type":"page","link":"https:\/\/bihac.rps.edu.ba\/bs\/koledz\/","title":{"rendered":"Pregled"},"content":{"rendered":"<p>[et_pb_section fb_built=&#8221;1&#8243; fullwidth=&#8221;on&#8221; _builder_version=&#8221;4.27.4&#8243; _module_preset=&#8221;default&#8221; scroll_blur_enable=&#8221;on&#8221; global_colors_info=&#8221;{}&#8221;][et_pb_fullwidth_header title=&#8221;Richmond Park College Biha\u0107&#8221; subhead=&#8221;The first private secondary school in Bosnia, combining local curriculum with Cambridge elements and English instruction&#8221; text_orientation=&#8221;center&#8221; header_fullscreen=&#8221;on&#8221; button_one_text=&#8221;View Our Academic Structure&#8221; button_one_url=&#8221;#curriculum&#8221; button_two_text=&#8221;Book a School Tour&#8221; button_two_url=&#8221;@ET-DC@eyJkeW5hbWljIjp0cnVlLCJjb250ZW50IjoicG9zdF9saW5rX3VybF9wYWdlIiwic2V0dGluZ3MiOnsicG9zdF9pZCI6IjI0MjMyMyJ9fQ==@&#8221; _builder_version=&#8221;4.27.4&#8243; _dynamic_attributes=&#8221;button_two_url&#8221; _module_preset=&#8221;default&#8221; title_font=&#8221;Questrial|700|||||||&#8221; title_text_align=&#8221;center&#8221; title_font_size=&#8221;60px&#8221; content_font=&#8221;||||||||&#8221; subhead_font=&#8221;||||||||&#8221; subhead_font_size=&#8221;20px&#8221; background_image=&#8221;https:\/\/bihac.rps.edu.ba\/wp-content\/uploads\/2025\/09\/RPS-Bihac-College-Graduation.jpg&#8221; background_enable_video_mp4=&#8221;off&#8221; background_video_pause_outside_viewport=&#8221;off&#8221; button_one_icon=&#8221;&#x33;||divi||400&#8243; custom_button_two=&#8221;on&#8221; button_two_bg_color=&#8221;RGBA(255,255,255,0)&#8221; title_font_size_tablet=&#8221;60px&#8221; title_font_size_phone=&#8221;35px&#8221; title_font_size_last_edited=&#8221;on|desktop&#8221; subhead_font_size_tablet=&#8221;20px&#8221; subhead_font_size_phone=&#8221;18px&#8221; subhead_font_size_last_edited=&#8221;on|tablet&#8221; custom_css_before=&#8221;content:%22%22;||display: block;||position: absolute;||top: 0;||left: 0;||width: 100%;||height: 100%;||background-image: linear-gradient(||142deg||,rgba(14, 81, 88,0.51) 0%,#1f544e 100%)!important;||z-index: 1;&#8221; title_text_shadow_style=&#8221;preset1&#8243; global_colors_info=&#8221;{}&#8221; button_two_bg_color__hover_enabled=&#8221;on|hover&#8221; button_two_bg_color__hover=&#8221;#EB5E42&#8243; button_two_bg_enable_color__hover=&#8221;on&#8221;][\/et_pb_fullwidth_header][\/et_pb_section][et_pb_section fb_built=&#8221;1&#8243; module_id=&#8221;curriculum&#8221; _builder_version=&#8221;4.27.4&#8243; _module_preset=&#8221;default&#8221; top_divider_color=&#8221;#0E5058&#8243; bottom_divider_style=&#8221;curve2&#8243; bottom_divider_color=&#8221;#0E5058&#8243; bottom_divider_arrangement=&#8221;below_content&#8221; bottom_divider_style_tablet=&#8221;curve2&#8243; bottom_divider_style_phone=&#8221;curve2&#8243; bottom_divider_style_last_edited=&#8221;on|phone&#8221; animation_style=&#8221;fade&#8221; animation_direction=&#8221;top&#8221; animation_speed_curve=&#8221;ease-in&#8221; global_colors_info=&#8221;{}&#8221;][et_pb_row _builder_version=&#8221;4.27.4&#8243; _module_preset=&#8221;default&#8221; global_colors_info=&#8221;{}&#8221;][et_pb_column type=&#8221;4_4&#8243; _builder_version=&#8221;4.27.4&#8243; _module_preset=&#8221;default&#8221; global_colors_info=&#8221;{}&#8221;][et_pb_text _builder_version=&#8221;4.27.4&#8243; _module_preset=&#8221;default&#8221; header_font=&#8221;&#8211;et_global_heading_font|800||on|||||&#8221; global_colors_info=&#8221;{}&#8221;]<\/p>\n<h1 style=\"text-align: center;\"><strong>Na\u0161a obrazovna filozofija<\/strong><\/h1>\n<p>[\/et_pb_text][\/et_pb_column][\/et_pb_row][et_pb_row column_structure=\u201d2_3,1_3\u2033 _builder_version=\u201d4.27.4\u2033 _module_preset=\u201ddefault\u201d global_colors_info=\u201d{}\u201d][et_pb_column type=\u201d2_3\u2033 _builder_version=\u201d4.27.4\u2033 _module_preset=\u201ddefault\u201d global_colors_info=\u201d{}\u201d][et_pb_text _builder_version=\u201d4.27.4\u2033 _module_preset=\u201ddefault\u201d text_font=\u201d\u2013et_global_body_font||||||||\u201d text_font_size=\u201d19px\u201d header_font=\u201d\u2013et_global_heading_font|800||na|||||\u201d hover_enabled=\u201d0\u2033 text_font_size_tablet=\u201d19px\u201d text_font_size_phone=\u201d19px\u201d text_font_size_last_edited=\u201dna|telefonu\u201d text_orientation_last_edited=\u201disklju\u010deno|desktopu\u201d global_colors_info=\u201d{}\u201d sticky_enabled=\u201d0\u2033]<\/p>\n<p style=\"text-align: justify;\"><span style=\"font-weight: 400;\">Richmond Park College Biha\u0107 nudi sveobuhvatno srednjo\u0161kolsko obrazovanje zasnovano na nastavnom planu i programu Unsko-sanskog kantona, oboga\u0107enom metodama inspirisanim Cambridgeom u klju\u010dnim predmetima. Na\u0161 cilj je pripremiti u\u010denike za uspje\u0161an upis na lokalne i regionalne univerzitete, istovremeno ja\u010daju\u0107i njihove vje\u0161tine engleskog jezika, kriti\u010dko razmi\u0161ljanje i globalnu perspektivu.<\/span><\/p>\n<p style=\"text-align: justify;\"><span style=\"font-weight: 400;\">\u00a0<\/span><\/p>\n<p>[\/et_pb_text][\/et_pb_column][et_pb_column type=\u201d1_3\u2033 _builder_version=\u201d4.27.4\u2033 _module_preset=\u201ddefault\u201d global_colors_info=\u201d{}\u201d][et_pb_icon font_icon=\u201d\uf549||fa||900\u2033 _builder_version=\u201d4.27.4\u2033 _module_preset=\u201ddefault\u201d global_colors_info=\u201d{}\u201d][\/et_pb_icon][\/et_pb_column][\/et_pb_row][\/et_pb_section][et_pb_section fb_built=\u201d1\u2033 custom_padding_last_edited=\u201dna|telefonu\u201d _builder_version=\u201d4.27.4\u2033 _module_preset=\u201ddefault\u201d custom_padding=\u201d7%||0px||false|false\u201d custom_padding_tablet=\u201d11%||||false|false\u201d custom_padding_phone=\u201d22%||||false|false\u201d top_divider_style=\u201darrow2\u2033 top_divider_color=\u201d#0E5058\u2033 global_colors_info=\u201d{}\u201d][et_pb_row _builder_version=\u201d4.27.4\u2033 _module_preset=\u201ddefault\u201d global_colors_info=\u201d{}\u201d][et_pb_column type=\u201d4_4\u2033 _builder_version=\u201d4.27.4\u2033 _module_preset=\u201ddefault\u201d global_colors_info=\u201d{}\u201d][et_pb_text _builder_version=\u201d4.27.4\u2033 _module_preset=\u201ddefault\u201d header_font=\u201d\u2013et_global_heading_font|800||na|||||\u201d global_colors_info=\u201d{}\u201d]<\/p>\n<h1 style=\"text-align: center;\"><strong>Pregled smjerova<\/strong><\/h1>\n<p>[\/et_pb_text][\/et_pb_column][\/et_pb_row][\/et_pb_section][et_pb_section fb_built=\u201d1\u2033 admin_label=\u201dNajpopularnije kategorije\u201d _builder_version=\u201d4.27.4\u2033 _module_preset=\u201ddefault\u201d overflow-x=\u201dskriveno\u201d overflow-y=\u201dskriveno\u201d custom_padding=\u201d0px|||||\u201d bottom_divider_style=\u201dcurve2\u2033 bottom_divider_color=\u201d#EB5E42\u2033 bottom_divider_height_last_edited=\u201doff|desktop\u201d collapsed=\u201doff\u201d global_colors_info=\u201d{}\u201d bottom_divider_height__hover_enabled=\u201doff|desktop\u201d][et_pb_row _builder_version=\u201d4.27.4\u2033 _module_preset=\u201ddefault\u201d custom_padding=\u201d0vw||||false|false\u201d global_colors_info=\u201d{}\u201d][et_pb_column type=\u201d4_4\u2033 _builder_version=\u201d4.27.4\u2033 _module_preset=\u201ddefault\u201d global_colors_info=\u201d{}\u201d][et_pb_text _builder_version=\u201d4.27.4\u2033 _module_preset=\u201ddefault\u201d hover_enabled=\u201d0\u2033 global_colors_info=\u201d{}\u201d sticky_enabled=\u201d0\u2033]<\/p>\n<p data-start=\"146\" data-end=\"406\">U\u010denici po\u010dinju sa \u0161irokom akademskom osnovom u 10. i 11. razredu, koja obuhvata prirodne nauke, humanisti\u010dke nauke, jezike i umjetnost. U 12. i 13. razredu biraju specijalizirani odsjek koji je uskla\u0111en s njihovim interesima i budu\u0107im ciljevima studija:<\/p>\n<ul data-start=\"408\" data-end=\"480\">\n<li data-start=\"408\" data-end=\"424\">\n<p data-start=\"410\" data-end=\"424\"><strong data-start=\"410\" data-end=\"422\">Prirodne nauke<\/strong><\/p>\n<\/li>\n<li data-start=\"425\" data-end=\"443\">\n<p data-start=\"427\" data-end=\"443\"><strong data-start=\"427\" data-end=\"441\">Humanisti\u010dke nauke<\/strong><\/p>\n<\/li>\n<li data-start=\"444\" data-end=\"461\">\n<p data-start=\"446\" data-end=\"461\"><strong data-start=\"446\" data-end=\"459\">Jezici<\/strong><\/p>\n<\/li>\n<li data-start=\"462\" data-end=\"480\">\n<p data-start=\"464\" data-end=\"480\"><strong data-start=\"464\" data-end=\"478\">Matematika i informatika<\/strong><\/p>\n<\/li>\n<\/ul>\n<p data-start=\"482\" data-end=\"681\">Sve predmete predaju specijalisti, s pribli\u017eno 70% nastave na engleskom jeziku, a ostatak na bosanskom, \u0161to osigurava da su u\u010denici dobro pripremljeni za lokalne i me\u0111unarodne prilike.<\/p>\n<p>[\/et_pb_text][\/et_pb_column][\/et_pb_row][et_pb_row column_structure=\u201d1_2,1_2\u2033 _builder_version=\u201d4.27.4\u2033 _module_preset=\u201ddefault\u201d global_colors_info=\u201d{}\u201d][et_pb_column type=\u201d1_2\u2033 _builder_version=\u201d4.27.4\u2033 _module_preset=\u201ddefault\u201d global_colors_info=\u201d{}\u201d][et_pb_blurb title=\u201dDvojezi\u010dni akademski pristup\u201d use_icon=\u201don\u201d font_icon=\u201di||divi||400\u2033 icon_placement=\u201dleft\u201d _builder_version=\u201d4.27.4\u2033 _module_preset=\u201ddefault\u201d global_colors_info=\u201d{}\u201d]<\/p>\n<p>STEM predmeti se predaju na engleskom jeziku, dok se humanisti\u010dke nauke i izborni predmeti predaju na bosanskom jeziku, \u0161to osigurava i akademsku dubinu i te\u010dnost u poznavanju jezika.<\/p>\n<p>[\/et_pb_blurb][\/et_pb_column][et_pb_column type=\u201d1_2\u2033 _builder_version=\u201d4.27.4\u2033 _module_preset=\u201ddefault\u201d global_colors_info=\u201d{}\u201d][et_pb_blurb title=\u201dPodr\u0161ka za engleski jezik\u201d use_icon=\u201duklju\u010deno\u201d font_icon=\u201dw||divi||400\u2033 icon_placement=\u201dlijevo\u201d _builder_version=\u201d4.27.4\u2033 _module_preset=\u201ddefault\u201d global_colors_info=\u201d{}\u201d]<\/p>\n<p data-start=\"526\" data-end=\"755\">U\u010denici dobijaju pomo\u0107 u u\u010denju engleskog kao stranog jezika (ESL) po potrebi, s fokusom na razvijanje samopouzdanja u akademskom engleskom jeziku na svim nivoima razreda.<\/p>\n<p>[\/et_pb_blurb][\/et_pb_column][\/et_pb_row][\/et_pb_section][et_pb_section fb_built=\u201d1\u2033 _builder_version=\u201d4.27.4\u2033 _module_preset=\u201ddefault\u201d min_height=\u201d100px\u201d custom_margin=\u201d0px||||false|false\u201d custom_padding=\u201d0px||0px|||\u201d top_divider_style=\u201dstrelica\u201d top_divider_color=\u201d#EB5E42\u2033 top_divider_height=\u201d98px\u201d top_divider_repeat=\u201d1x\u201d top_divider_height_tablet=\u201d117px\u201d top_divider_height_phone=\u201d119px\u201d top_divider_height_last_edited=\u201dna|telefonu\u201d collapsed=\u201duklju\u010deno\u201d global_colors_info=\u201d{}\u201d][\/et_pb_section][et_pb_section fb_built=\u201d1\u2033 _builder_version=\u201d4.27.4\u2033 _module_preset=\u201ddefault\u201d background_color=\u201d#FFFFFF\u201d top_divider_color=\u201d#0E5058\u2033 bottom_divider_style=\u201dcurve2\u2033 bottom_divider_color=\u201d#EB5E42\u2033 global_colors_info=\u201d{}\u201d][et_pb_row _builder_version=\u201d4.27.4\u2033 _module_preset=\u201dpodrazumevano\u201d global_colors_info=\u201d{}\u201d][et_pb_column type=\u201d4_4\u2033 _builder_version=\u201d4.27.4\u2033 _module_preset=\u201dpodrazumevano\u201d global_colors_info=\u201d{}\u201d][et_pb_text _builder_version=\u201d4.27.4\u2033 _module_preset=\u201dpodrazumevano\u201d header_font=\u201d\u2013et_global_heading_font|800||na|||||\u201d global_colors_info=\u201d{}\u201d]<\/p>\n<h2><strong>\u0160ta nas izdvaja<\/strong><\/h2>\n<p>[\/et_pb_text][\/et_pb_column][\/et_pb_row][et_pb_row column_structure=\u201d1_3,1_3,1_3\u2033 _builder_version=\u201d4.27.4\u2033 _module_preset=\u201ddefault\u201d global_colors_info=\u201d{}\u201d][et_pb_column type=\u201d1_3\u2033 _builder_version=\u201d4.27.4\u2033 _module_preset=\u201ddefault\u201d global_colors_info=\u201d{}\u201d][et_pb_blurb title=\u201dTakmi\u010denja i olimpijade\u201d image=\u201dhttps:\/\/bihac.rps.edu.ba\/wp-content\/uploads\/2025\/07\/genius.jpg\u201d alt=\u201dU\u010denici Richmond Parka osvojili medalje na Genius Olimpijadi 2025. u SAD-u\u201d _builder_version=\u201d4.27.4\u2033 _module_preset=\u201ddefault\u201d orijentacija_texta=\u201dcentar\u201d global_colors_info=\u201d{}\u201d]<\/p>\n<p>Nacionalna i me\u0111unarodna dostignu\u0107a<\/p>\n<p>[\/et_pb_blurb][\/et_pb_column][et_pb_column type=\u201d1_3\u2033 _builder_version=\u201d4.27.4\u2033 _module_preset=\u201ddefault\u201d global_colors_info=\u201d{}\u201d][et_pb_blurb title=\u201dFokus na kriti\u010dkom mi\u0161ljenju\u201d image=\u201dhttps:\/\/bihac.rps.edu.ba\/wp-content\/uploads\/2025\/09\/Richmond-Park-Schools-Bihac-critical-thinking.png\u201d _builder_version=\u201d4.27.4\u2033 _module_preset=\u201ddefault\u201d text_orientation=\u201dcenter\u201d hover_enabled=\u201d0\u2033 global_colors_info=\u201d{}\u201d title_text=\u201d\u0160kole Richmond Parka Biha\u0107-kriti\u010dko-mi\u0161ljenje\u201d sticky_enabled=\u201d0\u2033]<\/p>\n<p><span style=\"font-weight: 400;\">Zadaci i procjene koje idu dalje od pam\u0107enja<\/span><\/p>\n<p>[\/et_pb_blurb][\/et_pb_column][et_pb_column type=\u201d1_3\u2033 _builder_version=\u201d4.27.4\u2033 _module_preset=\u201ddefault\u201d global_colors_info=\u201d{}\u201d][et_pb_blurb title=\u201dGlobalna perspektiva\u201d image=\u201dhttps:\/\/bihac.rps.edu.ba\/wp-content\/uploads\/2025\/07\/culture-scaled.jpg\u201d _builder_version=\u201d4.27.4\u2033 _module_preset=\u201ddefault\u201d text_orientation=\u201dcenter\u201d global_colors_info=\u201d{}\u201d]<\/p>\n<p><span style=\"font-weight: 400;\">Projekti tolerancije, u\u010denje jezika i me\u0111unarodni doga\u0111aji<\/span><\/p>\n<p>[\/et_pb_blurb][\/et_pb_column][\/et_pb_row][et_pb_row column_structure=\u201d1_3,1_3,1_3\u2033 _builder_version=\u201d4.27.4\u2033 _module_preset=\u201ddefault\u201d global_colors_info=\u201d{}\u201d][et_pb_column type=\u201d1_3\u2033 _builder_version=\u201d4.27.4\u2033 _module_preset=\u201ddefault\u201d global_colors_info=\u201d{}\u201d][et_pb_blurb title=\u201dIskusni nastavnici\u201d image=\u201dhttps:\/\/bihac.rps.edu.ba\/wp-content\/uploads\/2025\/07\/teachers-squared.jpg\u201d _builder_version=\u201d4.27.4\u2033 _module_preset=\u201ddefault\u201d text_orientation=\u201dcenter\u201d global_colors_info=\u201d{}\u201d]<\/p>\n<p><span style=\"font-weight: 400;\">Sve predmete predaju kvalifikovani stru\u010dnjaci<\/span><\/p>\n<p>[\/et_pb_blurb][\/et_pb_column][et_pb_column type=\u201d1_3\u2033 _builder_version=\u201d4.27.4\u2033 _module_preset=\u201ddefault\u201d global_colors_info=\u201d{}\u201d][et_pb_blurb title=\u201dRazvoj jezika\u201d image=\u201dhttps:\/\/bihac.rps.edu.ba\/wp-content\/uploads\/2025\/09\/Richmond-Park-Schools-Bihac-english.jpg\u201d _builder_version=\u201d4.27.4\u2033 _module_preset=\u201ddefault\u201d text_orientation=\u201dcenter\u201d hover_enabled=\u201d0\u2033 global_colors_info=\u201d{}\u201d title_text=\u201d\u0160kole Richmond Parka Biha\u0107-engleski\u201d sticky_enabled=\u201d0\u2033]<\/p>\n<p><span style=\"font-weight: 400;\">Sna\u017ean naglasak na engleskom jeziku u vi\u0161e predmeta<\/span><\/p>\n<p>[\/et_pb_blurb][\/et_pb_column][et_pb_column type=\u201d1_3\u2033 _builder_version=\u201d4.27.4\u2033 _module_preset=\u201ddefault\u201d global_colors_info=\u201d{}\u201d][et_pb_blurb title=\u201dKarakter i vrijednosti\u201d image=\u201dhttps:\/\/bihac.rps.edu.ba\/wp-content\/uploads\/2025\/09\/Richmond-Park-Schools-Bihac-values.jpg\u201d _builder_version=\u201d4.27.4\u2033 _module_preset=\u201ddefault\u201d text_orientation=\u201dcenter\u201d hover_enabled=\u201d0\u2033 global_colors_info=\u201d{}\u201d title_text=\u201d\u0160kole Richmond Parka Biha\u0107-vrijednosti\u201d sticky_enabled=\u201d0\u2033]<\/p>\n<p><span style=\"font-weight: 400;\">Gra\u0111ansko obrazovanje prisutno u svim dijelovima programa<\/span><\/p>\n<p>[\/et_pb_blurb][\/et_pb_column][\/et_pb_row][\/et_pb_section][et_pb_section fb_built=\u201d1\u2033 _builder_version=\u201d4.27.4\u2033 _module_preset=\u201ddefault\u201d top_divider_style=\u201dslant2\u2033 top_divider_color=\u201d#EB5E42\u2033 global_colors_info=\u201d{}\u201d][et_pb_row _builder_version=\u201d4.27.4\u2033 _module_preset=\u201ddefault\u201d global_colors_info=\u201d{}\u201d][et_pb_column type=\u201d4_4\u2033 _builder_version=\u201d4.27.4\u2033 _module_preset=\u201ddefault\u201d global_colors_info=\u201d{}\u201d][et_pb_text _builder_version=\u201d4.27.4\u2033 _module_preset=\u201ddefault\u201d global_colors_info=\u201d{}\u201d]<\/p>\n<h2><strong>Podr\u0161ka spremnosti univerziteta<\/strong><\/h2>\n<p data-start=\"114\" data-end=\"419\">Iako Koled\u017e Biha\u0107 ne prati puni program Cambridge ispita, nekoliko predmeta se predaje kroz Cambridge nastavni plan i program. Ovaj kombinovani pristup daje studentima sna\u017enu akademsku osnovu i priprema ih za lokalne i me\u0111unarodne univerzitete. Pru\u017eamo:<\/p>\n<p>[\/et_pb_text][\/et_pb_column][\/et_pb_row][et_pb_row column_structure=&#8221;1_3,1_3,1_3&#8243; _builder_version=&#8221;4.27.4&#8243; _module_preset=&#8221;default&#8221; global_colors_info=&#8221;{}&#8221;][et_pb_column type=&#8221;1_3&#8243; _builder_version=&#8221;4.27.4&#8243; _module_preset=&#8221;default&#8221; global_colors_info=&#8221;{}&#8221;][et_pb_blurb title=&#8221;University application support&#8221; use_icon=&#8221;on&#8221; font_icon=&#8221;&#xf549;||fa||900&#8243; icon_placement=&#8221;left&#8221; _builder_version=&#8221;4.27.4&#8243; _module_preset=&#8221;default&#8221; global_colors_info=&#8221;{}&#8221;][\/et_pb_blurb][\/et_pb_column][et_pb_column type=&#8221;1_3&#8243; _builder_version=&#8221;4.27.4&#8243; _module_preset=&#8221;default&#8221; global_colors_info=&#8221;{}&#8221;][et_pb_blurb title=&#8221;Personal academic advising&#8221; use_icon=&#8221;on&#8221; font_icon=&#8221;&#xf19d;||fa||900&#8243; icon_placement=&#8221;left&#8221; _builder_version=&#8221;4.27.4&#8243; _module_preset=&#8221;default&#8221; global_colors_info=&#8221;{}&#8221;][\/et_pb_blurb][\/et_pb_column][et_pb_column type=&#8221;1_3&#8243; _builder_version=&#8221;4.27.4&#8243; _module_preset=&#8221;default&#8221; global_colors_info=&#8221;{}&#8221;][et_pb_blurb title=&#8221;Workshops and career exploration activities&#8221; use_icon=&#8221;on&#8221; font_icon=&#8221;&#xf06e;||fa||900&#8243; icon_placement=&#8221;left&#8221; _builder_version=&#8221;4.27.4&#8243; _module_preset=&#8221;default&#8221; global_colors_info=&#8221;{}&#8221;][\/et_pb_blurb][\/et_pb_column][\/et_pb_row][\/et_pb_section][et_pb_section fb_built=&#8221;1&#8243; prev_background_color=&#8221;#ffffff&#8221; next_background_color=&#8221;#ffffff&#8221; admin_label=&#8221;Call to Action&#8221; _builder_version=&#8221;4.27.4&#8243; _module_preset=&#8221;default&#8221; background_color=&#8221;#0E5058&#8243; background_enable_image=&#8221;off&#8221; custom_padding=&#8221;5vw||5vw||true|false&#8221; top_divider_style=&#8221;curve2&#8243; top_divider_height_tablet=&#8221;43px&#8221; top_divider_height_phone=&#8221;20px&#8221; top_divider_height_last_edited=&#8221;on|tablet&#8221; bottom_divider_style=&#8221;curve2&#8243; bottom_divider_flip=&#8221;vertical&#8221; bottom_divider_height_tablet=&#8221;41px&#8221; bottom_divider_height_phone=&#8221;26px&#8221; bottom_divider_height_last_edited=&#8221;on|desktop&#8221; locked=&#8221;off&#8221; collapsed=&#8221;off&#8221; global_colors_info=&#8221;{%22gcid-36fd78a7-34bc-404d-873c-dafa34efaae5%22:%91%22background_color%22%93}&#8221;][et_pb_row _builder_version=&#8221;4.27.4&#8243; _module_preset=&#8221;5138c454-be54-4233-bd3b-f8e6a8747976&#8243; background_color=&#8221;RGBA(255,255,255,0)&#8221; custom_padding=&#8221;3vw||3vw||true|false&#8221; locked=&#8221;off&#8221; global_colors_info=&#8221;{}&#8221;][et_pb_column type=&#8221;4_4&#8243; _builder_version=&#8221;4.27.4&#8243; _module_preset=&#8221;73121f80-a3ef-4484-8763-c3f18e3c56d2&#8243; background_color=&#8221;RGBA(255,255,255,0)&#8221; global_colors_info=&#8221;{}&#8221;][et_pb_text _builder_version=&#8221;4.27.4&#8243; _module_preset=&#8221;default&#8221; text_text_color=&#8221;#FFFFFF&#8221; background_layout=&#8221;dark&#8221; hover_enabled=&#8221;0&#8243; global_colors_info=&#8221;{}&#8221; sticky_enabled=&#8221;0&#8243;]<\/p>\n<h2 style=\"text-align: center;\"><strong>\u00a0Spremni da saznate vi\u0161e?<\/strong><\/h2>\n<p style=\"text-align: center;\"><span style=\"font-weight: 400;\">Ako tra\u017eite kvalitetno op\u0107e srednjo\u0161kolsko obrazovanje sa sna\u017enom podr\u0161kom za engleski jezik, stru\u010dnom nastavom i zanimljivim studentskim \u017eivotom, Richmond Park College Biha\u0107 bi mogao biti pravi izbor za va\u0161e dijete.<\/span><\/p>\n<p>[\/et_pb_text][\/et_pb_column][\/et_pb_row][et_pb_row column_structure=\u201d1_2,1_2\u2033 _builder_version=\u201d4.27.4\u2033 _module_preset=\u201ddefault\u201d background_color=\u201dRGBA(255,255,255,0)\u201d custom_margin=\u201d|||false|false\u201d custom_padding=\u201d0vw||4vw||false|false\u201d global_colors_info=\u201d{}\u201d][et_pb_column type=\u201d1_2\u2033 _builder_version=\u201d4.27.4\u2033 _module_preset=\u201ddefault\u201d global_colors_info=\u201d{}\u201d][et_pb_button button_url=\u201d@ET-DC@eyJkeW5hbWljIjp0cnVlLCJjb250ZW50IjoicG9zdF9saW5rX3VybF9wYWdlIiwic2V0dGluZ3MiOnsicG9zdF9pZCI6IjI0MjMyMyJ9fQ==@\u201d button_text=\u201dRezervi\u0161ite obilazak \u0161kole\u201d button_alignment=\u201ddesno\u201d button_alignment_tablet=\u201dcentar\u201d button_alignment_phone=\u201dcentar\u201d button_alignment_last_edited=\u201dna|telefonu\u201d _builder_version=\u201d4.27.4\u2033 _dynamic_attributes=\u201dbutton_url\u201d _module_preset=\u201dpodrazumevano\u201d global_colors_info=\u201d{}\u201d][\/et_pb_button][\/et_pb_column][et_pb_column type=\u201d1_2\u2033 _builder_version=\u201d4.27.4\u2033 _module_preset=\u201dpodrazumevano\u201d global_colors_info=\u201d{}\u201d][et_pb_button button_url=\u201d@ET-DC@eyJkeW5hbWljIjp0cnVlLCJjb250ZW50IjoicG9zdF9saW5rX3VybF9wYWdlIiwic2V0dGluZ3MiOnsicG9zdF9pZCI6IjI0MjUxOSJ9fQ==@\u201d button_text=\u201dPrijavite se odmah\u201d button_alignment=\u201dlijevo\u201d button_alignment_tablet=\u201dcentar\u201d button_alignment_phone=\u201dcentar\u201d button_alignment_last_edited=\u201dna|telefonu\u201d _builder_version=\u201d4.27.4\u2033 _dynamic_attributes=\u201dbutton_url\u201d _module_preset=\u201dpodrazumevano\u201d global_colors_info=\u201d{}\u201d][\/et_pb_button][\/et_pb_column][\/et_pb_row][\/et_pb_section]<\/p>","protected":false},"excerpt":{"rendered":"<p>Na\u0161a obrazovna filozofija Richmond Park College Biha\u0107 nudi sveobuhvatno srednjo\u0161kolsko obrazovanje zasnovano na nastavnom planu i programu Unsko-sanskog kantona, oboga\u0107eno metodama inspirisanim Cambridgeom u klju\u010dnim predmetima. Na\u0161 cilj je pripremiti u\u010denike za uspje\u0161an upis na lokalne i regionalne univerzitete, istovremeno ja\u010daju\u0107i njihove vje\u0161tine engleskog jezika, kriti\u010dko razmi\u0161ljanje i globalnu perspektivu. Struktura programa Studenti po\u010dinju sa \u0161irokim akademskim [\u2026]<\/p>","protected":false},"author":1,"featured_media":0,"parent":0,"menu_order":0,"comment_status":"closed","ping_status":"closed","template":"","meta":{"_et_pb_use_builder":"on","_et_pb_old_content":"","_et_gb_content_width":"","iawp_total_views":263,"footnotes":""},"class_list":["post-242846","page","type-page","status-publish","hentry"],"_links":{"self":[{"href":"https:\/\/bihac.rps.edu.ba\/bs\/wp-json\/wp\/v2\/pages\/242846","targetHints":{"allow":["GET"]}}],"collection":[{"href":"https:\/\/bihac.rps.edu.ba\/bs\/wp-json\/wp\/v2\/pages"}],"about":[{"href":"https:\/\/bihac.rps.edu.ba\/bs\/wp-json\/wp\/v2\/types\/page"}],"author":[{"embeddable":true,"href":"https:\/\/bihac.rps.edu.ba\/bs\/wp-json\/wp\/v2\/users\/1"}],"replies":[{"embeddable":true,"href":"https:\/\/bihac.rps.edu.ba\/bs\/wp-json\/wp\/v2\/comments?post=242846"}],"version-history":[{"count":13,"href":"https:\/\/bihac.rps.edu.ba\/bs\/wp-json\/wp\/v2\/pages\/242846\/revisions"}],"predecessor-version":[{"id":243245,"href":"https:\/\/bihac.rps.edu.ba\/bs\/wp-json\/wp\/v2\/pages\/242846\/revisions\/243245"}],"wp:attachment":[{"href":"https:\/\/bihac.rps.edu.ba\/bs\/wp-json\/wp\/v2\/media?parent=242846"}],"curies":[{"name":"radni list","href":"https:\/\/api.w.org\/{rel}","templated":true}]}}