{"id":242707,"date":"2025-07-28T12:02:11","date_gmt":"2025-07-28T12:02:11","guid":{"rendered":"https:\/\/bihac.rps.edu.ba\/?page_id=242707"},"modified":"2025-09-29T11:54:47","modified_gmt":"2025-09-29T11:54:47","slug":"aktivnosti-primarnih-klubova","status":"publish","type":"page","link":"https:\/\/bihac.rps.edu.ba\/bs\/aktivnosti-primarnih-klubova\/","title":{"rendered":"Klubovi i aktivnosti"},"content":{"rendered":"<p>[et_pb_section fb_built=\u201d1\u2033 fullwidth=\u201duklju\u010deno\u201d _builder_version=\u201d4.27.4\u2033 _module_preset=\u201dpodrazumevano\u201d global_colors_info=\u201d{}\u201d][et_pb_fullwidth_header title=\u201d@ET-DC@eyJkeW5hbWljIjp0cnVlLCJjb250ZW50IjoicG9zdF9saW5rIiwic2V0dGluZ3MiOnsiYmVmb3JlIjoiIiwiYWZ0ZXIiOiIiLCJ0ZXh0IjoicG9zdF90aXRsZSIsImN1c3RvbV90ZXh0IjoiIn19@\u201d _builder_version=\u201d4.27.4\u2033 _dynamic_attributes=\u201dnaslov\u201d _module_preset=\u201dpodrazumevano\u201d title_font=\u201d\u2013et_global_heading_font|700||na|||||\u201d title_font_size=\u201d54px\u201d title_font_size_tablet=\u201d50px\u201d title_font_size_phone=\u201d38px\u201d title_font_size_last_edited=\u201dna|telefonu\u201d global_colors_info=\u201d{}\u201d][\/et_pb_fullwidth_header][\/et_pb_section][et_pb_section fb_built=\u201d1\u2033 _builder_version=\u201d4.27.4\u2033 _module_preset=\u201dpodrazumevano\u201d background_color=\u201d#FFFFFF\u201d top_divider_color=\u201d#EB5E42\u2033 bottom_divider_style=\u201dcurve2\u2033 bottom_divider_color=\u201d#0E5058\u2033 global_colors_info=\u201d{}\u201d][et_pb_row _builder_version=\u201d4.27.4\u2033 _module_preset=\u201dpodrazumevano\u201d global_colors_info=\u201d{}\u201d][et_pb_column type=\u201d4_4\u2033 _builder_version=\u201d4.27.4\u2033 _module_preset=\u201ddefault\u201d global_colors_info=\u201d{}\u201d][et_pb_text _builder_version=\u201d4.27.4\u2033 _module_preset=\u201ddefault\u201d header_font=\u201d\u2013et_global_heading_font|800||na|||||\u201d global_colors_info=\u201d{}\u201d]<\/p>\n<h2 style=\"text-align: left;\"><strong>U\u010denje izvan u\u010dionice<\/strong><\/h2>\n<p style=\"text-align: justify;\"><span style=\"font-weight: 400;\">U Osnovnoj \u0161koli Richmond Park vjerujemo da obrazovanje nije ograni\u010deno samo na u\u010dionicu. Kroz pa\u017eljivo strukturiran program klubova, aktivnosti, takmi\u010denja i posebnih doga\u0111aja, u\u010denici se podsti\u010du da istra\u017euju svoje talente, razvijaju nove vje\u0161tine i rastu kao samouvjereni, znati\u017eeljni u\u010denici. Ove prilike podr\u017eavaju akademski, li\u010dni i dru\u0161tveni razvoj - istovremeno \u010dine\u0107i \u0161kolski \u017eivot energi\u0107nim i uzbudljivim.<\/span><\/p>\n<p>[\/et_pb_text][\/et_pb_column][\/et_pb_row][et_pb_row column_structure=\u201d1_2,1_2\u2033 _builder_version=\u201d4.27.4\u2033 _module_preset=\u201ddefault\u201d hover_enabled=\u201d0\u2033 global_colors_info=\u201d{}\u201d sticky_enabled=\u201d0\u2033][et_pb_column type=\u201d1_2\u2033 _builder_version=\u201d4.27.4\u2033 _module_preset=\u201ddefault\u201d global_colors_info=\u201d{}\u201d][et_pb_blurb title=\u201dSedmi\u010dni klubovi\u201d image=\u201dhttps:\/\/bihac.rps.edu.ba\/wp-content\/uploads\/2025\/09\/rps-primary-school-bihac-clubs.jpg\u201d _builder_version=\u201d4.27.4\u2033 _module_preset=\u201ddefault\u201d text_orientation=\u201dcenter\u201d hover_enabled=\u201d0\u2033 global_colors_info=\u201d{}\u201d title_text=\u201dklubovi osnovne \u0161kole RPS Biha\u0107\u201d sticky_enabled=\u201d0\u2033]<\/p>\n<p><span style=\"font-weight: 400;\">Svaki u\u010denik bira klub na osnovu svojih interesa. Ove \u010dasovi su dio redovnog \u0161kolskog vremena i vode ih na\u0161i entuzijasti\u010dni nastavnici i osoblje.<\/span><\/p>\n<p>[\/et_pb_blurb][\/et_pb_column][et_pb_column type=\u201d1_2\u2033 _builder_version=\u201d4.27.4\u2033 _module_preset=\u201ddefault\u201d global_colors_info=\u201d{}\u201d][et_pb_blurb title=\u201dVan\u0161kolske aktivnosti\u201d image=\u201dhttps:\/\/bihac.rps.edu.ba\/wp-content\/uploads\/2025\/09\/rps-primary-school-bihac-sports.jpg\u201d _builder_version=\u201d4.27.4\u2033 _module_preset=\u201ddefault\u201d text_orientation=\u201dcenter\u201d hover_enabled=\u201d0\u2033 global_colors_info=\u201d{}\u201d title_text=\u201drps osnovna \u0161kola Biha\u0107 sport\u201d sticky_enabled=\u201d0\u2033]<\/p>\n<p><span style=\"font-weight: 400;\">Nakon nastave nude se opcionalni sportski i klubovi zasnovani na vje\u0161tinama. U\u010denici u\u017eivaju u opu\u0161tenom, aktivnom zavr\u0161etku \u0161kolskog dana aktivnostima poput sporta, umjetnosti i timskih igara.<\/span><\/p>\n<p>[\/et_pb_blurb][\/et_pb_column][\/et_pb_row][et_pb_row column_structure=\u201d1_2,1_2\u2033 _builder_version=\u201d4.27.4\u2033 _module_preset=\u201ddefault\u201d hover_enabled=\u201d0\u2033 global_colors_info=\u201d{}\u201d sticky_enabled=\u201d0\u2033][et_pb_column type=\u201d1_2\u2033 _builder_version=\u201d4.27.4\u2033 _module_preset=\u201ddefault\u201d global_colors_info=\u201d{}\u201d][et_pb_blurb title=\u201dTakmi\u010denja i olimpijade\u201d image=\u201dhttps:\/\/bihac.rps.edu.ba\/wp-content\/uploads\/2025\/07\/competitions.jpg\u201d _builder_version=\u201d4.27.4\u2033 _module_preset=\u201ddefault\u201d text_orientation=\u201dcenter\u201d global_colors_info=\u201d{}\u201d]<\/p>\n<p class=\"translation-block\"><span style=\"font-weight: 400\">Na\u0161i u\u010denici redovno u\u010destvuju na lokalnim i me\u0111unarodnim takmi\u010denjima \u2014 od STEM sajmova poput <\/span><b>BOSEPO<\/b><span style=\"font-weight: 400\"> do takmi\u010denja iz engleskog jezika, debatnih doga\u0111aja i likovnih izazova.<\/span><\/p>\n<p>[\/et_pb_blurb][\/et_pb_column][et_pb_column type=\u201d1_2\u2033 _builder_version=\u201d4.27.4\u2033 _module_preset=\u201ddefault\u201d global_colors_info=\u201d{}\u201d][et_pb_blurb title=\u201dEdukativna putovanja\u201d image=\u201dhttps:\/\/bihac.rps.edu.ba\/wp-content\/uploads\/2025\/07\/trips-1.jpg\u201d _builder_version=\u201d4.27.4\u2033 _module_preset=\u201ddefault\u201d text_orientation=\u201dcenter\u201d global_colors_info=\u201d{}\u201d]<\/p>\n<p><span style=\"font-weight: 400;\">Tokom cijele godine planirani su terenski izleti i \u0161kolski izleti kako bi se u\u010denje u u\u010dionici povezalo sa stvarnim svijetom.<\/span><\/p>\n<p>[\/et_pb_blurb][\/et_pb_column][\/et_pb_row][\/et_pb_section][et_pb_section fb_built=\u201d1\u2033 _builder_version=\u201d4.27.4\u2033 _module_preset=\u201ddefault\u201d top_divider_style=\u201dslant2\u2033 top_divider_color=\u201d#0E5058\u2033 bottom_divider_color=\u201d#EB5E42\u2033 hover_enabled=\u201d0\u2033 global_colors_info=\u201d{}\u201d sticky_enabled=\u201d0\u2033][et_pb_row _builder_version=\u201d4.27.4\u2033 _module_preset=\u201ddefault\u201d global_colors_info=\u201d{}\u201d][et_pb_column type=\u201d4_4\u2033 _builder_version=\u201d4.27.4\u2033 _module_preset=\u201ddefault\u201d global_colors_info=\u201d{}\u201d][et_pb_text _builder_version=\u201d4.27.4\u2033 _module_preset=\u201dpodrazumevano\u201d global_colors_info=\u201d{}\u201d]<\/p>\n<h2><b>Istra\u017eite na\u0161e klubove<\/b><\/h2>\n<p><span style=\"font-weight: 400;\">Program na\u0161ih klubova osmi\u0161ljen je tako da omogu\u0107i u\u010denicima da slijede svoju znati\u017eelju i izraze se kroz prakti\u010dno u\u010denje. Svaki klub vodi nastavnik ili stru\u010dnjak koji u predmet unosi energiju i iskustvo.<\/span><\/p>\n<p>[\/et_pb_text][\/et_pb_column][\/et_pb_row][et_pb_row column_structure=&#8221;1_5,1_5,1_5,1_5,1_5&#8243; disabled_on=&#8221;on|on|off&#8221; _builder_version=&#8221;4.27.4&#8243; _module_preset=&#8221;default&#8221; global_colors_info=&#8221;{}&#8221;][et_pb_column type=&#8221;1_5&#8243; _builder_version=&#8221;4.27.4&#8243; _module_preset=&#8221;default&#8221; global_colors_info=&#8221;{}&#8221;][et_pb_blurb title=&#8221;Robotics&#8221; use_icon=&#8221;on&#8221; font_icon=&#8221;&#xf544;||fa||900&#8243; image_icon_width=&#8221;70px&#8221; _builder_version=&#8221;4.27.4&#8243; _module_preset=&#8221;default&#8221; text_orientation=&#8221;center&#8221; global_colors_info=&#8221;{}&#8221;][\/et_pb_blurb][\/et_pb_column][et_pb_column type=&#8221;1_5&#8243; _builder_version=&#8221;4.27.4&#8243; _module_preset=&#8221;default&#8221; global_colors_info=&#8221;{}&#8221;][et_pb_blurb title=&#8221;Mathematics&#8221; use_icon=&#8221;on&#8221; font_icon=&#8221;&#xf529;||fa||900&#8243; image_icon_width=&#8221;70px&#8221; _builder_version=&#8221;4.27.4&#8243; _module_preset=&#8221;default&#8221; text_orientation=&#8221;center&#8221; global_colors_info=&#8221;{}&#8221;][\/et_pb_blurb][\/et_pb_column][et_pb_column type=&#8221;1_5&#8243; _builder_version=&#8221;4.27.4&#8243; _module_preset=&#8221;default&#8221; global_colors_info=&#8221;{}&#8221;][et_pb_blurb title=&#8221;DIY&#8221; use_icon=&#8221;on&#8221; font_icon=&#8221;&#xf7d9;||fa||900&#8243; image_icon_width=&#8221;70px&#8221; _builder_version=&#8221;4.27.4&#8243; _module_preset=&#8221;default&#8221; text_orientation=&#8221;center&#8221; global_colors_info=&#8221;{}&#8221;][\/et_pb_blurb][\/et_pb_column][et_pb_column type=&#8221;1_5&#8243; _builder_version=&#8221;4.27.4&#8243; _module_preset=&#8221;default&#8221; global_colors_info=&#8221;{}&#8221;][et_pb_blurb title=&#8221;Sport&#8221; use_icon=&#8221;on&#8221; font_icon=&#8221;&#xf1e3;||fa||400&#8243; image_icon_width=&#8221;70px&#8221; _builder_version=&#8221;4.27.4&#8243; _module_preset=&#8221;default&#8221; text_orientation=&#8221;center&#8221; global_colors_info=&#8221;{}&#8221;][\/et_pb_blurb][\/et_pb_column][et_pb_column type=&#8221;1_5&#8243; _builder_version=&#8221;4.27.4&#8243; _module_preset=&#8221;default&#8221; global_colors_info=&#8221;{}&#8221;][et_pb_blurb title=&#8221;Photography&#8221; use_icon=&#8221;on&#8221; font_icon=&#8221;&#xf030;||fa||900&#8243; image_icon_width=&#8221;70px&#8221; _builder_version=&#8221;4.27.4&#8243; _module_preset=&#8221;default&#8221; text_orientation=&#8221;center&#8221; global_colors_info=&#8221;{}&#8221;][\/et_pb_blurb][\/et_pb_column][\/et_pb_row][et_pb_row column_structure=&#8221;1_4,1_4,1_4,1_4&#8243; disabled_on=&#8221;off|off|on&#8221; module_class=&#8221;two-col-mob two-col-tab&#8221; _builder_version=&#8221;4.27.4&#8243; _module_preset=&#8221;default&#8221; global_colors_info=&#8221;{}&#8221;][et_pb_column type=&#8221;1_4&#8243; _builder_version=&#8221;4.27.4&#8243; _module_preset=&#8221;default&#8221; global_colors_info=&#8221;{}&#8221;][et_pb_blurb title=&#8221;Robotics&#8221; use_icon=&#8221;on&#8221; font_icon=&#8221;&#xf544;||fa||900&#8243; image_icon_width=&#8221;70px&#8221; _builder_version=&#8221;4.27.4&#8243; _module_preset=&#8221;default&#8221; text_orientation=&#8221;center&#8221; global_colors_info=&#8221;{}&#8221;][\/et_pb_blurb][\/et_pb_column][et_pb_column type=&#8221;1_4&#8243; _builder_version=&#8221;4.27.4&#8243; _module_preset=&#8221;default&#8221; global_colors_info=&#8221;{}&#8221;][et_pb_blurb title=&#8221;Mathematics&#8221; use_icon=&#8221;on&#8221; font_icon=&#8221;&#xf529;||fa||900&#8243; image_icon_width=&#8221;70px&#8221; _builder_version=&#8221;4.27.4&#8243; _module_preset=&#8221;default&#8221; text_orientation=&#8221;center&#8221; global_colors_info=&#8221;{}&#8221;][\/et_pb_blurb][\/et_pb_column][et_pb_column type=&#8221;1_4&#8243; _builder_version=&#8221;4.27.4&#8243; _module_preset=&#8221;default&#8221; global_colors_info=&#8221;{}&#8221;][et_pb_blurb title=&#8221;DIY&#8221; use_icon=&#8221;on&#8221; font_icon=&#8221;&#xf7d9;||fa||900&#8243; image_icon_width=&#8221;70px&#8221; _builder_version=&#8221;4.27.4&#8243; _module_preset=&#8221;default&#8221; text_orientation=&#8221;center&#8221; global_colors_info=&#8221;{}&#8221;][\/et_pb_blurb][\/et_pb_column][et_pb_column type=&#8221;1_4&#8243; _builder_version=&#8221;4.27.4&#8243; _module_preset=&#8221;default&#8221; global_colors_info=&#8221;{}&#8221;][et_pb_blurb title=&#8221;Sport&#8221; use_icon=&#8221;on&#8221; font_icon=&#8221;&#xf1e3;||fa||400&#8243; image_icon_width=&#8221;70px&#8221; _builder_version=&#8221;4.27.4&#8243; _module_preset=&#8221;default&#8221; text_orientation=&#8221;center&#8221; global_colors_info=&#8221;{}&#8221;][\/et_pb_blurb][\/et_pb_column][\/et_pb_row][et_pb_row column_structure=&#8221;1_2,1_2&#8243; disabled_on=&#8221;off|off|on&#8221; module_class=&#8221;two-col-mob two-col-tab&#8221; _builder_version=&#8221;4.27.4&#8243; _module_preset=&#8221;default&#8221; global_colors_info=&#8221;{}&#8221;][et_pb_column type=&#8221;1_2&#8243; _builder_version=&#8221;4.27.4&#8243; _module_preset=&#8221;default&#8221; global_colors_info=&#8221;{}&#8221;][et_pb_blurb title=&#8221;Photography&#8221; use_icon=&#8221;on&#8221; font_icon=&#8221;&#xf030;||fa||900&#8243; image_icon_width=&#8221;70px&#8221; _builder_version=&#8221;4.27.4&#8243; _module_preset=&#8221;default&#8221; text_orientation=&#8221;center&#8221; global_colors_info=&#8221;{}&#8221;][\/et_pb_blurb][\/et_pb_column][et_pb_column type=&#8221;1_2&#8243; _builder_version=&#8221;4.27.4&#8243; _module_preset=&#8221;default&#8221; global_colors_info=&#8221;{}&#8221;][et_pb_blurb title=&#8221;Social Media&#8221; use_icon=&#8221;on&#8221; font_icon=&#8221;&#xe0a1;||divi||400&#8243; image_icon_width=&#8221;70px&#8221; _builder_version=&#8221;4.27.4&#8243; _module_preset=&#8221;default&#8221; text_orientation=&#8221;center&#8221; global_colors_info=&#8221;{}&#8221;][\/et_pb_blurb][\/et_pb_column][\/et_pb_row][et_pb_row column_structure=&#8221;1_4,1_4,1_4,1_4&#8243; disabled_on=&#8221;off|off|on&#8221; module_class=&#8221;two-col-mob two-col-tab&#8221; _builder_version=&#8221;4.27.4&#8243; _module_preset=&#8221;default&#8221; global_colors_info=&#8221;{}&#8221;][et_pb_column type=&#8221;1_4&#8243; _builder_version=&#8221;4.27.4&#8243; _module_preset=&#8221;default&#8221; global_colors_info=&#8221;{}&#8221;][et_pb_blurb title=&#8221;Music&#8221; use_icon=&#8221;on&#8221; font_icon=&#8221;&#xe08e;||divi||400&#8243; image_icon_width=&#8221;70px&#8221; _builder_version=&#8221;4.27.4&#8243; _module_preset=&#8221;default&#8221; text_orientation=&#8221;center&#8221; global_colors_info=&#8221;{}&#8221;][\/et_pb_blurb][\/et_pb_column][et_pb_column type=&#8221;1_4&#8243; _builder_version=&#8221;4.27.4&#8243; _module_preset=&#8221;default&#8221; global_colors_info=&#8221;{}&#8221;][et_pb_blurb title=&#8221;Art&#8221; use_icon=&#8221;on&#8221; font_icon=&#8221;&#xf53f;||fa||900&#8243; image_icon_width=&#8221;70px&#8221; _builder_version=&#8221;4.27.4&#8243; _module_preset=&#8221;default&#8221; text_orientation=&#8221;center&#8221; global_colors_info=&#8221;{}&#8221;][\/et_pb_blurb][\/et_pb_column][et_pb_column type=&#8221;1_4&#8243; _builder_version=&#8221;4.27.4&#8243; _module_preset=&#8221;default&#8221; global_colors_info=&#8221;{}&#8221;][et_pb_blurb title=&#8221;Origami&#8221; use_icon=&#8221;on&#8221; font_icon=&#8221;&#xf1d8;||fa||900&#8243; image_icon_width=&#8221;70px&#8221; _builder_version=&#8221;4.27.4&#8243; _module_preset=&#8221;default&#8221; text_orientation=&#8221;center&#8221; global_colors_info=&#8221;{}&#8221;][\/et_pb_blurb][\/et_pb_column][et_pb_column type=&#8221;1_4&#8243; _builder_version=&#8221;4.27.4&#8243; _module_preset=&#8221;default&#8221; global_colors_info=&#8221;{}&#8221;][et_pb_blurb title=&#8221;Drama&#8221; use_icon=&#8221;on&#8221; font_icon=&#8221;&#xf630;||fa||900&#8243; image_icon_width=&#8221;70px&#8221; _builder_version=&#8221;4.27.4&#8243; _module_preset=&#8221;default&#8221; text_orientation=&#8221;center&#8221; global_colors_info=&#8221;{}&#8221;][\/et_pb_blurb][\/et_pb_column][\/et_pb_row][et_pb_row column_structure=&#8221;1_5,1_5,1_5,1_5,1_5&#8243; disabled_on=&#8221;on|on|off&#8221; _builder_version=&#8221;4.27.4&#8243; _module_preset=&#8221;default&#8221; global_colors_info=&#8221;{}&#8221;][et_pb_column type=&#8221;1_5&#8243; _builder_version=&#8221;4.27.4&#8243; _module_preset=&#8221;default&#8221; global_colors_info=&#8221;{}&#8221;][et_pb_blurb title=&#8221;Music&#8221; use_icon=&#8221;on&#8221; font_icon=&#8221;&#xe08e;||divi||400&#8243; image_icon_width=&#8221;70px&#8221; _builder_version=&#8221;4.27.4&#8243; _module_preset=&#8221;default&#8221; text_orientation=&#8221;center&#8221; global_colors_info=&#8221;{}&#8221;][\/et_pb_blurb][\/et_pb_column][et_pb_column type=&#8221;1_5&#8243; _builder_version=&#8221;4.27.4&#8243; _module_preset=&#8221;default&#8221; global_colors_info=&#8221;{}&#8221;][et_pb_blurb title=&#8221;Art&#8221; use_icon=&#8221;on&#8221; font_icon=&#8221;&#xf53f;||fa||900&#8243; image_icon_width=&#8221;70px&#8221; _builder_version=&#8221;4.27.4&#8243; _module_preset=&#8221;default&#8221; text_orientation=&#8221;center&#8221; global_colors_info=&#8221;{}&#8221;][\/et_pb_blurb][\/et_pb_column][et_pb_column type=&#8221;1_5&#8243; _builder_version=&#8221;4.27.4&#8243; _module_preset=&#8221;default&#8221; global_colors_info=&#8221;{}&#8221;][et_pb_blurb title=&#8221;Origami&#8221; use_icon=&#8221;on&#8221; font_icon=&#8221;&#xf1d8;||fa||900&#8243; image_icon_width=&#8221;70px&#8221; _builder_version=&#8221;4.27.4&#8243; _module_preset=&#8221;default&#8221; text_orientation=&#8221;center&#8221; global_colors_info=&#8221;{}&#8221;][\/et_pb_blurb][\/et_pb_column][et_pb_column type=&#8221;1_5&#8243; _builder_version=&#8221;4.27.4&#8243; _module_preset=&#8221;default&#8221; global_colors_info=&#8221;{}&#8221;][et_pb_blurb title=&#8221;Drama&#8221; use_icon=&#8221;on&#8221; font_icon=&#8221;&#xf630;||fa||900&#8243; image_icon_width=&#8221;70px&#8221; _builder_version=&#8221;4.27.4&#8243; _module_preset=&#8221;default&#8221; text_orientation=&#8221;center&#8221; global_colors_info=&#8221;{}&#8221;][\/et_pb_blurb][\/et_pb_column][et_pb_column type=&#8221;1_5&#8243; _builder_version=&#8221;4.27.4&#8243; _module_preset=&#8221;default&#8221; global_colors_info=&#8221;{}&#8221;][et_pb_blurb title=&#8221;Social Media&#8221; use_icon=&#8221;on&#8221; font_icon=&#8221;&#xe0a1;||divi||400&#8243; image_icon_width=&#8221;70px&#8221; _builder_version=&#8221;4.27.4&#8243; _module_preset=&#8221;default&#8221; text_orientation=&#8221;center&#8221; global_colors_info=&#8221;{}&#8221;][\/et_pb_blurb][\/et_pb_column][\/et_pb_row][\/et_pb_section][et_pb_section fb_built=&#8221;1&#8243; prev_background_color=&#8221;#ffffff&#8221; next_background_color=&#8221;#ffffff&#8221; admin_label=&#8221;Call to Action&#8221; _builder_version=&#8221;4.27.4&#8243; _module_preset=&#8221;default&#8221; background_color=&#8221;#0E5058&#8243; background_enable_image=&#8221;off&#8221; custom_padding=&#8221;5vw||5vw||true|false&#8221; top_divider_style=&#8221;curve2&#8243; top_divider_height_tablet=&#8221;43px&#8221; top_divider_height_phone=&#8221;20px&#8221; top_divider_height_last_edited=&#8221;on|tablet&#8221; bottom_divider_style=&#8221;curve2&#8243; bottom_divider_flip=&#8221;vertical&#8221; bottom_divider_height_tablet=&#8221;41px&#8221; bottom_divider_height_phone=&#8221;26px&#8221; bottom_divider_height_last_edited=&#8221;on|desktop&#8221; locked=&#8221;off&#8221; collapsed=&#8221;off&#8221; global_colors_info=&#8221;{%22gcid-36fd78a7-34bc-404d-873c-dafa34efaae5%22:%91%22background_color%22%93}&#8221;][et_pb_row _builder_version=&#8221;4.27.4&#8243; _module_preset=&#8221;5138c454-be54-4233-bd3b-f8e6a8747976&#8243; background_color=&#8221;RGBA(255,255,255,0)&#8221; custom_padding=&#8221;3vw||1vw||false|false&#8221; locked=&#8221;off&#8221; global_colors_info=&#8221;{}&#8221;][et_pb_column type=&#8221;4_4&#8243; _builder_version=&#8221;4.27.4&#8243; _module_preset=&#8221;73121f80-a3ef-4484-8763-c3f18e3c56d2&#8243; background_color=&#8221;RGBA(255,255,255,0)&#8221; global_colors_info=&#8221;{}&#8221;][et_pb_text _builder_version=&#8221;4.27.4&#8243; _module_preset=&#8221;default&#8221; text_text_color=&#8221;#FFFFFF&#8221; background_layout=&#8221;dark&#8221; hover_enabled=&#8221;0&#8243; global_colors_info=&#8221;{}&#8221; sticky_enabled=&#8221;0&#8243;]<\/p>\n<p style=\"text-align: center;\"><span style=\"font-weight: 400;\">Vjerujemo da svako dijete posjeduje jedinstveni talenat koji samo \u010deka da bude otkriven. Kroz na\u0161 \u0161irok i zanimljiv vannastavni program, u\u010denici mogu u\u010diti, istra\u017eivati i rasti na na\u010dine koje samo tradicionalne akademske aktivnosti ne mogu pru\u017eiti.<\/span><\/p>\n<p style=\"text-align: center;\"><span style=\"font-weight: 400;\"><\/span><\/p>\n<h4 style=\"text-align: center;\"><span style=\"font-weight: 400;\"><b>\u017delite li saznati vi\u0161e?<\/b><\/span><\/h4>\n<p>[\/et_pb_text][\/et_pb_column][\/et_pb_row][et_pb_row _builder_version=\u201d4.27.4\u2033 _module_preset=\u201ddefault\u201d background_color=\u201dRGBA(255,255,255,0)\u201d custom_margin=\u201d||||false|false\u201d custom_padding=\u201d0vw||4vw||false|false\u201d global_colors_info=\u201d{}\u201d][et_pb_column type=\u201d4_4\u2033 _builder_version=\u201d4.27.4\u2033 _module_preset=\u201ddefault\u201d global_colors_info=\u201d{}\u201d][et_pb_button button_url=\u201d@ET-DC@eyJkeW5hbWljIjp0cnVlLCJjb250ZW50IjoicG9zdF9saW5rX3VybF9wYWdlIiwic2V0dGluZ3MiOnsicG9zdF9pZCI6IjI0MjMyMyJ9fQ==@\u201d button_text=\u201dKontaktirajte nas\u201d button_alignment=\u201dcenter\u201d _builder_version=\u201d4.27.4\u2033 _dynamic_attributes=\u201dbutton_url\u201d _module_preset=\u201ddefault\u201d global_colors_info=\u201d{}\u201d][\/et_pb_button][\/et_pb_column][\/et_pb_row][\/et_pb_section]<\/p>","protected":false},"excerpt":{"rendered":"<p>U\u010denje izvan u\u010dionice U Osnovnoj \u0161koli Richmond Park vjerujemo da obrazovanje nije ograni\u010deno na u\u010dionicu. Kroz pa\u017eljivo strukturiran program klubova, aktivnosti, takmi\u010denja i posebnih doga\u0111aja, u\u010denici se podsti\u010du da istra\u017euju svoje talente, razvijaju nove vje\u0161tine i rastu kao samouvjereni, znati\u017eeljni u\u010denici. Ove prilike podr\u017eavaju akademski, li\u010dni i dru\u0161tveni razvoj \u2014 [\u2026]<\/p>","protected":false},"author":1,"featured_media":0,"parent":0,"menu_order":0,"comment_status":"closed","ping_status":"closed","template":"","meta":{"_et_pb_use_builder":"on","_et_pb_old_content":"","_et_gb_content_width":"","iawp_total_views":36,"footnotes":""},"class_list":["post-242707","page","type-page","status-publish","hentry"],"_links":{"self":[{"href":"https:\/\/bihac.rps.edu.ba\/bs\/wp-json\/wp\/v2\/pages\/242707","targetHints":{"allow":["GET"]}}],"collection":[{"href":"https:\/\/bihac.rps.edu.ba\/bs\/wp-json\/wp\/v2\/pages"}],"about":[{"href":"https:\/\/bihac.rps.edu.ba\/bs\/wp-json\/wp\/v2\/types\/page"}],"author":[{"embeddable":true,"href":"https:\/\/bihac.rps.edu.ba\/bs\/wp-json\/wp\/v2\/users\/1"}],"replies":[{"embeddable":true,"href":"https:\/\/bihac.rps.edu.ba\/bs\/wp-json\/wp\/v2\/comments?post=242707"}],"version-history":[{"count":9,"href":"https:\/\/bihac.rps.edu.ba\/bs\/wp-json\/wp\/v2\/pages\/242707\/revisions"}],"predecessor-version":[{"id":243239,"href":"https:\/\/bihac.rps.edu.ba\/bs\/wp-json\/wp\/v2\/pages\/242707\/revisions\/243239"}],"wp:attachment":[{"href":"https:\/\/bihac.rps.edu.ba\/bs\/wp-json\/wp\/v2\/media?parent=242707"}],"curies":[{"name":"radni list","href":"https:\/\/api.w.org\/{rel}","templated":true}]}}