{"id":242705,"date":"2025-07-28T12:01:56","date_gmt":"2025-07-28T12:01:56","guid":{"rendered":"https:\/\/bihac.rps.edu.ba\/?page_id=242705"},"modified":"2025-09-29T11:50:20","modified_gmt":"2025-09-29T11:50:20","slug":"produzeni-boravak","status":"publish","type":"page","link":"https:\/\/bihac.rps.edu.ba\/bs\/produzeni-boravak\/","title":{"rendered":"Produ\u017eeni boravak"},"content":{"rendered":"<p>[et_pb_section fb_built=\u201d1\u2033 fullwidth=\u201duklju\u010deno\u201d _builder_version=\u201d4.27.4\u2033 _module_preset=\u201dpodrazumevano\u201d global_colors_info=\u201d{}\u201d][et_pb_fullwidth_header title=\u201d@ET-DC@eyJkeW5hbWljIjp0cnVlLCJjb250ZW50IjoicG9zdF9saW5rIiwic2V0dGluZ3MiOnsiYmVmb3JlIjoiIiwiYWZ0ZXIiOiIiLCJ0ZXh0IjoicG9zdF90aXRsZSIsImN1c3RvbV90ZXh0IjoiIn19@\u201d _builder_version=\u201d4.27.4\u2033 _dynamic_attributes=\u201dnaslov\u201d _module_preset=\u201dpodrazumevano\u201d title_font=\u201d\u2013et_global_heading_font|700||na|||||\u201d title_font_size=\u201d54px\u201d title_font_size_tablet=\u201d50px\u201d title_font_size_phone=\u201d38px\u201d title_font_size_last_edited=\u201dna|telefonu\u201d global_colors_info=\u201d{}\u201d][\/et_pb_fullwidth_header][\/et_pb_section][et_pb_section fb_built=\u201d1\u2033 _builder_version=\u201d4.27.4\u2033 _module_preset=\u201ddefault\u201d bottom_divider_style=\u201dasymmetric2\u2033 bottom_divider_color=\u201d#EB5E42\u2033 bottom_divider_height=\u201d57px\u201d global_colors_info=\u201d{}\u201d][et_pb_row column_structure=\u201d1_2,1_2\u2033 _builder_version=\u201d4.27.4\u2033 _module_preset=\u201ddefault\u201d global_colors_info=\u201d{}\u201d][et_pb_column tip=\u201d1_2\u2033 _builder_version=\u201d4.27.4\u2033 _module_preset=\u201dpodrazumevano\u201d global_colors_info=\u201d{}\u201d][et_pb_text _builder_version=\u201d4.27.4\u2033 _module_preset=\u201dpodrazumevano\u201d global_colors_info=\u201d{}\u201d]<\/p>\n<h3><span style=\"font-weight: 400;\"><b>U \u010demu se sastoji program produ\u017eenog boravka?<\/b><\/span><\/h3>\n<p class=\"translation-block\"><span style=\"font-weight: 400\">Na\u0161 Program produ\u017eenog boravka traje od <\/span><b>15:00 do 17:00<\/b><span style=\"font-weight: 400\">, od ponedjeljka do petka, i <\/span><b>uklju\u010den je u cijenu \u0161kolarine<\/b><span style=\"font-weight: 400\">. Namijenjen podr\u0161ci radnim porodicama, pru\u017ea u\u010denicima sigurno, strukturirano i podsticajno okru\u017eenje nakon redovnog \u0161kolskog dana.<\/span><\/p>\n<p><span style=\"font-weight: 400;\">Djeca se uklju\u010duju u smislene aktivnosti koje poti\u010du i li\u010dni razvoj i dru\u0161tvenu interakciju. Od akademske podr\u0161ke do fizi\u010dkih i kreativnih aktivnosti, ovaj program poma\u017ee u\u010denicima da se opuste dok istovremeno nastavljaju u\u010diti i rasti.<\/span><\/p>\n<p>[\/et_pb_text][\/et_pb_column][et_pb_column type=\u201d1_2\u2033 _builder_version=\u201d4.27.4\u2033 _module_preset=\u201ddefault\u201d global_colors_info=\u201d{}\u201d][et_pb_image src=\u201dhttps:\/\/bihac.rps.edu.ba\/wp-content\/uploads\/2025\/09\/Richmond-Park-Schools-Bihac-5-scaled.jpg\u201d title_text=\u201d\u0160kole Richmond Parka Biha\u0107-5\u2033 _builder_version=\u201d4.27.4\u2033 _module_preset=\u201ddefault\u201d global_colors_info=\u201d{}\u201d][\/et_pb_image][\/et_pb_column][\/et_pb_row][\/et_pb_section][et_pb_section fb_built=\u201d1\u2033 _builder_version=\u201d4.27.4\u2033 _module_preset=\u201dzadano\u201d background_color=\u201d#FFFFFF\u201d top_divider_style=\u201dkriva2\u2033 top_divider_color=\u201d#EB5E42\u2033 top_divider_flip=\u201dvertikalno\u201d bottom_divider_color=\u201d#0E5058\u2033 hover_enabled=\u201d0\u2033 global_colors_info=\u201d{}\u201d sticky_enabled=\u201d0\u2033][et_pb_row _builder_version=\u201d4.27.4\u2033 _module_preset=\u201dzadano\u201d global_colors_info=\u201d{}\u201d][et_pb_column type=\u201d4_4\u2033 _builder_version=\u201d4.27.4\u2033 _module_preset=\u201dzadano\u201d global_colors_info=\u201d{}\u201d][et_pb_text _builder_version=\u201d4.27.4\u2033 _module_preset=\u201dzadano\u201d global_colors_info=\u201d{}\u201d]<\/p>\n<h2 style=\"text-align: center;\"><b>Klju\u010dne prednosti<\/b><\/h2>\n<p>[\/et_pb_text][\/et_pb_column][\/et_pb_row][et_pb_row column_structure=\u201d1_5,1_5,1_5,1_5,1_5\u2033 _builder_version=\u201d4.27.4\u2033 _module_preset=\u201ddefault\u201d global_colors_info=\u201d{}\u201d][et_pb_column type=\u201d1_5\u2033 _builder_version=\u201d4.27.4\u2033 _module_preset=\u201ddefault\u201d global_colors_info=\u201d{}\u201d][et_pb_blurb title=\u201dZavr\u0161etak doma\u0107eg zadatka\u201d use_icon=\u201don\u201d font_icon=\u201d\uf044||fa||400\u2033 _builder_version=\u201d4.27.4\u2033 _module_preset=\u201ddefault\u201d text_orientation=\u201dcenter\u201d global_colors_info=\u201d{}\u201d]<\/p>\n<p><span style=\"font-weight: 400;\">U\u010denici izvr\u0161avaju doma\u0107e zadatke pod nadzorom nastavnika u tihoj grupi.<\/span><\/p>\n<p>[\/et_pb_blurb][\/et_pb_column][et_pb_column type=\u201d1_5\u2033 _builder_version=\u201d4.27.4\u2033 _module_preset=\u201ddefault\u201d global_colors_info=\u201d{}\u201d][et_pb_blurb title=\u201dKreativne aktivnosti\u201d use_icon=\u201duklju\u010deno\u201d font_icon=\u201d\uf12e||fa||900\u2033 icon_color=\u201d#EB5E42\u2033 _builder_version=\u201d4.27.4\u2033 _module_preset=\u201ddefault\u201d background_color=\u201dRGBA(255,255,255,0)\u201d text_orientation=\u201dcenter\u201d global_colors_info=\u201d{}\u201d]<\/p>\n<p><span style=\"font-weight: 400;\">Crtanje, pripovijedanje i edukativne igre razvijaju ma\u0161tu i izra\u017eavanje.<\/span><\/p>\n<p>[\/et_pb_blurb][\/et_pb_column][et_pb_column type=\u201d1_5\u2033 _builder_version=\u201d4.27.4\u2033 _module_preset=\u201ddefault\u201d global_colors_info=\u201d{}\u201d][et_pb_blurb title=\u201dDru\u0161tveni razvoj\u201d use_icon=\u201duklju\u010deno\u201d font_icon=\u201d\uf4c4||fa||900\u2033 icon_color=\u201d#0E5058\u2033 _builder_version=\u201d4.27.4\u2033 _module_preset=\u201ddefault\u201d text_orientation=\u201dcenter\u201d global_colors_info=\u201d{}\u201d]<\/p>\n<p>Prilike za izgradnju prijateljstava u opu\u0161tenoj i podr\u017eavaju\u0107oj atmosferi.<\/p>\n<p>[\/et_pb_blurb][\/et_pb_column][et_pb_column type=\u201d1_5\u2033 _builder_version=\u201d4.27.4\u2033 _module_preset=\u201ddefault\u201d global_colors_info=\u201d{}\u201d][et_pb_blurb title=\u201dMir za roditelje\u201d use_icon=\u201duklju\u010deno\u201d font_icon=\u201d\uf3ed||fa||900\u2033 icon_color=\u201d#EB5E42\u2033 _builder_version=\u201d4.27.4\u2033 _module_preset=\u201ddefault\u201d text_orientation=\u201dcenter\u201d global_colors_info=\u201d{}\u201d]<\/p>\n<p>Sigurna i nadzirana njega daje porodicama samopouzdanje i fleksibilnost.<\/p>\n<p>[\/et_pb_blurb][\/et_pb_column][et_pb_column type=\u201d1_5\u2033 _builder_version=\u201d4.27.4\u2033 _module_preset=\u201ddefault\u201d global_colors_info=\u201d{}\u201d][et_pb_blurb title=\u201dOpu\u0161teno okru\u017eenje\u201d use_icon=\u201duklju\u010deno\u201d font_icon=\u201d\uf4b8||fa||900\u2033 icon_color=\u201d#0E5058\u2033 _builder_version=\u201d4.27.4\u2033 _module_preset=\u201ddefault\u201d text_orientation=\u201dcenter\u201d global_colors_info=\u201d{}\u201d]<\/p>\n<p>Uravnote\u017een ritam izme\u0111u u\u010denja, zabave i mirnog vremena.<\/p>\n<p>[\/et_pb_blurb][\/et_pb_column][\/et_pb_row][\/et_pb_section][et_pb_section fb_built=\u201d1\u2033 disabled_on=\u201duklju\u010deno|uklju\u010deno|uklju\u010deno\u201d _builder_version=\u201d4.27.4\u2033 _module_preset=\u201ddefault\u201d top_divider_style=\u201dslant2\u2033 top_divider_color=\u201d#0E5058\u2033 disabled=\u201duklju\u010deno\u201d global_colors_info=\u201d{}\u201d][et_pb_row _builder_version=\u201d4.27.4\u2033 _module_preset=\u201ddefault\u201d global_colors_info=\u201d{}\u201d][et_pb_column type=\u201d4_4\u2033 _builder_version=\u201d4.27.4\u2033 _module_preset=\u201ddefault\u201d global_colors_info=\u201d{}\u201d][et_pb_text _builder_version=\u201d4.27.4\u2033 _module_preset=\u201dzadano\u201d global_colors_info=\u201d{}\u201d]<\/p>\n<h2><b>Vannastavne aktivnosti putem pouzdanih partnera<\/b><\/h2>\n<p><span style=\"font-weight: 400;\">Pored \u0161kolskog boravka, nudimo i opcionalne vannastavne aktivnosti kroz profesionalne sportske i klubove oboga\u0107enog obrazovanja.<\/span><\/p>\n<p><span style=\"font-weight: 400;\">Aktivnosti uklju\u010duju:<\/span><\/p>\n<ul>\n<li style=\"font-weight: 400;\" aria-level=\"1\"><span style=\"font-weight: 400;\">Ko\u0161arka<\/span><\/li>\n<li style=\"font-weight: 400;\" aria-level=\"1\"><span style=\"font-weight: 400;\">Odbojka<\/span><\/li>\n<li style=\"font-weight: 400;\" aria-level=\"1\"><span style=\"font-weight: 400;\">Gimnastika<\/span><\/li>\n<li style=\"font-weight: 400;\" aria-level=\"1\"><span style=\"font-weight: 400;\">Karate i Taekwondo<\/span><\/li>\n<\/ul>\n<p><span style=\"font-weight: 400;\">Ove programe vode iskusni vanjski treneri, i <\/span><b>u\u010denici Richmond Park \u0161kola dobijaju popust na \u010dlanarinu<\/b><span style=\"font-weight: 400;\">.<\/span><\/p>\n<p>[\/et_pb_text][\/et_pb_column][\/et_pb_row][\/et_pb_section][et_pb_section fb_built=&#8221;1&#8243; prev_background_color=&#8221;#ffffff&#8221; next_background_color=&#8221;#ffffff&#8221; admin_label=&#8221;Call to Action&#8221; _builder_version=&#8221;4.27.4&#8243; _module_preset=&#8221;default&#8221; background_color=&#8221;#0E5058&#8243; background_enable_image=&#8221;off&#8221; custom_padding=&#8221;5vw||5vw||true|false&#8221; top_divider_style=&#8221;curve2&#8243; top_divider_height_tablet=&#8221;43px&#8221; top_divider_height_phone=&#8221;20px&#8221; top_divider_height_last_edited=&#8221;on|tablet&#8221; bottom_divider_style=&#8221;curve2&#8243; bottom_divider_flip=&#8221;vertical&#8221; bottom_divider_height_tablet=&#8221;41px&#8221; bottom_divider_height_phone=&#8221;26px&#8221; bottom_divider_height_last_edited=&#8221;on|desktop&#8221; locked=&#8221;off&#8221; collapsed=&#8221;off&#8221; global_colors_info=&#8221;{%22gcid-36fd78a7-34bc-404d-873c-dafa34efaae5%22:%91%22background_color%22%93}&#8221;][et_pb_row _builder_version=&#8221;4.27.4&#8243; _module_preset=&#8221;5138c454-be54-4233-bd3b-f8e6a8747976&#8243; background_color=&#8221;RGBA(255,255,255,0)&#8221; custom_padding=&#8221;3vw||3vw||true|false&#8221; locked=&#8221;off&#8221; global_colors_info=&#8221;{}&#8221;][et_pb_column type=&#8221;4_4&#8243; _builder_version=&#8221;4.27.4&#8243; _module_preset=&#8221;73121f80-a3ef-4484-8763-c3f18e3c56d2&#8243; background_color=&#8221;RGBA(255,255,255,0)&#8221; global_colors_info=&#8221;{}&#8221;][et_pb_text _builder_version=&#8221;4.27.4&#8243; _module_preset=&#8221;default&#8221; text_text_color=&#8221;#FFFFFF&#8221; background_layout=&#8221;dark&#8221; global_colors_info=&#8221;{}&#8221;]<\/p>\n<h2 style=\"text-align: center;\"><b>\u017delite li saznati vi\u0161e?<\/b><\/h2>\n<p style=\"text-align: center;\"><span style=\"font-weight: 400;\">Kontaktirajte na\u0161u \u0161kolu ili nas posjetite kako biste saznali kako se na\u0161 program produ\u017eenog boravka uklapa u dan va\u0161eg djeteta.<\/span><\/p>\n<p>[\/et_pb_text][\/et_pb_column][\/et_pb_row][et_pb_row _builder_version=\u201d4.27.4\u2033 _module_preset=\u201ddefault\u201d background_color=\u201dRGBA(255,255,255,0)\u201d custom_margin=\u201d||||false|false\u201d custom_padding=\u201d0vw||4vw||false|false\u201d global_colors_info=\u201d{}\u201d][et_pb_column type=\u201d4_4\u2033 _builder_version=\u201d4.27.4\u2033 _module_preset=\u201ddefault\u201d global_colors_info=\u201d{}\u201d][et_pb_button button_url=\u201d@ET-DC@eyJkeW5hbWljIjp0cnVlLCJjb250ZW50IjoicG9zdF9saW5rX3VybF9wYWdlIiwic2V0dGluZ3MiOnsicG9zdF9pZCI6IjI0MjMyMyJ9fQ==@\u201d button_text=\u201dKontaktirajte nas\u201d button_alignment=\u201dcenter\u201d _builder_version=\u201d4.27.4\u2033 _dynamic_attributes=\u201dbutton_url\u201d _module_preset=\u201ddefault\u201d global_colors_info=\u201d{}\u201d][\/et_pb_button][\/et_pb_column][\/et_pb_row][\/et_pb_section]<\/p>","protected":false},"excerpt":{"rendered":"<p>\u0160ta je Program produ\u017eene brige? Na\u0161 Program produ\u017eene brige traje od 15:00 do 17:00, od ponedjeljka do petka, i uklju\u010den je u \u0161kolarinu. Osmi\u0161ljen da podr\u017ei zaposlene porodice, nudi u\u010denicima sigurno, strukturirano i stimulativno okru\u017eenje nakon zavr\u0161etka redovnog \u0161kolskog dana. Djeca se uklju\u010duju u smislene aktivnosti koje promovi\u0161u i li\u010dni razvoj [\u2026]<\/p>","protected":false},"author":1,"featured_media":0,"parent":0,"menu_order":0,"comment_status":"closed","ping_status":"closed","template":"","meta":{"_et_pb_use_builder":"on","_et_pb_old_content":"","_et_gb_content_width":"","iawp_total_views":42,"footnotes":""},"class_list":["post-242705","page","type-page","status-publish","hentry"],"_links":{"self":[{"href":"https:\/\/bihac.rps.edu.ba\/bs\/wp-json\/wp\/v2\/pages\/242705","targetHints":{"allow":["GET"]}}],"collection":[{"href":"https:\/\/bihac.rps.edu.ba\/bs\/wp-json\/wp\/v2\/pages"}],"about":[{"href":"https:\/\/bihac.rps.edu.ba\/bs\/wp-json\/wp\/v2\/types\/page"}],"author":[{"embeddable":true,"href":"https:\/\/bihac.rps.edu.ba\/bs\/wp-json\/wp\/v2\/users\/1"}],"replies":[{"embeddable":true,"href":"https:\/\/bihac.rps.edu.ba\/bs\/wp-json\/wp\/v2\/comments?post=242705"}],"version-history":[{"count":8,"href":"https:\/\/bihac.rps.edu.ba\/bs\/wp-json\/wp\/v2\/pages\/242705\/revisions"}],"predecessor-version":[{"id":243237,"href":"https:\/\/bihac.rps.edu.ba\/bs\/wp-json\/wp\/v2\/pages\/242705\/revisions\/243237"}],"wp:attachment":[{"href":"https:\/\/bihac.rps.edu.ba\/bs\/wp-json\/wp\/v2\/media?parent=242705"}],"curies":[{"name":"radni list","href":"https:\/\/api.w.org\/{rel}","templated":true}]}}