{"id":242699,"date":"2025-07-28T12:00:24","date_gmt":"2025-07-28T12:00:24","guid":{"rendered":"https:\/\/bihac.rps.edu.ba\/?page_id=242699"},"modified":"2025-07-29T13:22:43","modified_gmt":"2025-07-29T13:22:43","slug":"osnovna-raspored","status":"publish","type":"page","link":"https:\/\/bihac.rps.edu.ba\/bs\/osnovna-raspored\/","title":{"rendered":"Raspored"},"content":{"rendered":"<p>[et_pb_section fb_built=\u201d1\u2033 fullwidth=\u201duklju\u010deno\u201d theme_builder_area=\u201dpost_content\u201d _builder_version=\u201d4.27.4\u2033 _module_preset=\u201dpodrazumevano\u201d][et_pb_fullwidth_header title=\u201d@ET-DC@eyJkeW5hbWljIjp0cnVlLCJjb250ZW50IjoicG9zdF9saW5rIiwic2V0dGluZ3MiOnsiYmVmb3JlIjoiIiwiYWZ0ZXIiOiIiLCJ0ZXh0IjoicG9zdF90aXRsZSIsImN1c3RvbV90ZXh0IjoiIn19@\u201d _builder_version=\u201d4.27.4\u2033 _dynamic_attributes=\u201dnaslov\u201d _module_preset=\u201dpodrazumevano\u201d title_font=\u201d\u2013et_global_heading_font|700||na|||||\u201d title_font_size=\u201d54px\u201d title_font_size_tablet=\u201d50px\u201d title_font_size_phone=\u201d38px\u201d title_font_size_last_edited=\u201dna|telefonu\u201d global_colors_info=\u201d{}\u201d theme_builder_area=\u201dpost_content\u201d][\/et_pb_fullwidth_header][\/et_pb_section][et_pb_section fb_built=\u201d1\u2033 theme_builder_area=\u201dpost_content\u201d _builder_version=\u201d4.27.4\u2033 _module_preset=\u201ddefault\u201d][et_pb_row _builder_version=\u201d4.27.4\u2033 _module_preset=\u201ddefault\u201d theme_builder_area=\u201dpost_content\u201d][et_pb_column _builder_version=\u201d4.27.4\u2033 _module_preset=\u201ddefault\u201d type=\u201d4_4\u2033 theme_builder_area=\u201dpost_content\u201d][et_pb_text _builder_version=\u201d4.27.4\u2033 _module_preset=\u201ddefault\u201d theme_builder_area=\u201dpost_content\u201d hover_enabled=\u201d0\u2033 sticky_enabled=\u201d0\u2033]<\/p>\n<h4>Novi raspored sti\u017ee uskoro<\/h4>\n<p>Na\u0161i rasporedi se a\u017euriraju na po\u010detku svakog polugodi\u0161ta kako bi odra\u017eavali sve promjene u rasporedu, osoblju i potrebama u\u010denika.<\/p>\n<p><strong>Trenutno smo na ljetnom raspustu.<\/strong><\/p>\n<p class=\"translation-block\">Novi raspored bi\u0107e dostupan <strong>u septembru<\/strong>, prije po\u010detka \u0161kolske godine. Molimo vas da uskoro ponovo provjerite.<\/p>\n<p class=\"translation-block\">U me\u0111uvremenu, ako imate bilo kakvih pitanja, slobodno <a href=\"https:\/\/bihac.rps.edu.ba\/bs\/kontakt\/\" target=\"_self\">kontaktirajte na\u0161u \u0161kolu<\/a> ili posjetite <a href=\"https:\/\/bihac.rps.edu.ba\/bs\/akademski-kalendar\/\" target=\"_self\">akademski kalendar<\/a> za va\u017ene datume.<\/p>\n<p>[\/et_pb_text][\/et_pb_column][\/et_pb_row][\/et_pb_section]<\/p>","protected":false},"excerpt":{"rendered":"<p>A\u017euriranje rasporeda uskoro sti\u017ee Na\u0161i rasporedi se osvje\u017eavaju na po\u010detku svakog semestra kako bi odra\u017eavali sve izmjene u rasporedu, osoblju i potrebama studenata. Trenutno smo na ljetnom raspustu. Novi raspored bit \u0107e dostupan u septembru prije po\u010detka akademske godine. Molimo vas da uskoro provjerite ponovo. U me\u0111uvremenu, ako imate bilo kakvih [\u2026]<\/p>","protected":false},"author":1,"featured_media":0,"parent":0,"menu_order":0,"comment_status":"closed","ping_status":"closed","template":"","meta":{"_et_pb_use_builder":"on","_et_pb_old_content":"","_et_gb_content_width":"","iawp_total_views":29,"footnotes":""},"class_list":["post-242699","page","type-page","status-publish","hentry"],"_links":{"self":[{"href":"https:\/\/bihac.rps.edu.ba\/bs\/wp-json\/wp\/v2\/pages\/242699","targetHints":{"allow":["GET"]}}],"collection":[{"href":"https:\/\/bihac.rps.edu.ba\/bs\/wp-json\/wp\/v2\/pages"}],"about":[{"href":"https:\/\/bihac.rps.edu.ba\/bs\/wp-json\/wp\/v2\/types\/page"}],"author":[{"embeddable":true,"href":"https:\/\/bihac.rps.edu.ba\/bs\/wp-json\/wp\/v2\/users\/1"}],"replies":[{"embeddable":true,"href":"https:\/\/bihac.rps.edu.ba\/bs\/wp-json\/wp\/v2\/comments?post=242699"}],"version-history":[{"count":4,"href":"https:\/\/bihac.rps.edu.ba\/bs\/wp-json\/wp\/v2\/pages\/242699\/revisions"}],"predecessor-version":[{"id":242765,"href":"https:\/\/bihac.rps.edu.ba\/bs\/wp-json\/wp\/v2\/pages\/242699\/revisions\/242765"}],"wp:attachment":[{"href":"https:\/\/bihac.rps.edu.ba\/bs\/wp-json\/wp\/v2\/media?parent=242699"}],"curies":[{"name":"radni list","href":"https:\/\/api.w.org\/{rel}","templated":true}]}}