{"id":242586,"date":"2025-07-26T23:48:35","date_gmt":"2025-07-26T23:48:35","guid":{"rendered":"https:\/\/bihac.rps.edu.ba\/?page_id=242586"},"modified":"2025-09-29T11:19:42","modified_gmt":"2025-09-29T11:19:42","slug":"vrtic-dnevni-raspored","status":"publish","type":"page","link":"https:\/\/bihac.rps.edu.ba\/bs\/vrtic-dnevni-raspored\/","title":{"rendered":"Dnevni raspored"},"content":{"rendered":"<p>[et_pb_section fb_built=\u201d1\u2033 fullwidth=\u201duklju\u010deno\u201d _builder_version=\u201d4.27.4\u2033 _module_preset=\u201dpodrazumevano\u201d global_colors_info=\u201d{}\u201d][et_pb_fullwidth_header title=\u201d@ET-DC@eyJkeW5hbWljIjp0cnVlLCJjb250ZW50IjoicG9zdF9saW5rIiwic2V0dGluZ3MiOnsiYmVmb3JlIjoiIiwiYWZ0ZXIiOiIiLCJ0ZXh0IjoicG9zdF90aXRsZSIsImN1c3RvbV90ZXh0IjoiIn19@\u201d _builder_version=\u201d4.27.4\u2033 _dynamic_attributes=\u201dnaslov\u201d _module_preset=\u201dpodrazumevano\u201d title_font=\u201d\u2013et_global_heading_font|700||na|||||\u201d title_font_size=\u201d54px\u201d title_font_size_tablet=\u201d50px\u201d title_font_size_phone=\u201d38px\u201d title_font_size_last_edited=\u201dna|telefonu\u201d global_colors_info=\u201d{}\u201d][\/et_pb_fullwidth_header][\/et_pb_section][et_pb_section fb_built=\u201d1\u2033 _builder_version=\u201d4.27.4\u2033 _module_preset=\u201ddefault\u201d global_colors_info=\u201d{}\u201d][et_pb_row _builder_version=\u201d4.27.4\u2033 _module_preset=\u201ddefault\u201d global_colors_info=\u201d{}\u201d][et_pb_column type=\u201d4_4\u2033 _builder_version=\u201d4.27.4\u2033 _module_preset=\u201ddefault\u201d global_colors_info=\u201d{}\u201d][et_pb_text _builder_version=\u201d4.27.4\u2033 _module_preset=\u201dpodrazumevano\u201d global_colors_info=\u201d{}\u201d]<\/p>\n<p data-start=\"114\" data-end=\"487\" style=\"text-align: justify;\">U vrti\u0107u Richmond Park slijedimo strukturiran dnevni raspored koji uravnote\u017euje u\u010denje, igru, odmor i zdrave obroke. Na\u0161 raspored osigurava da djeca imaju dovoljno vremena za zanimljive aktivnosti, zdrave obroke i periode odmora, kako bi se podr\u017eao njihov rast i cjelokupno blagostanje tokom dana. U nastavku je prikazan pregled tipi\u010dne dnevne rutine od ponedjeljka do petka.<\/p>\n<p>[\/et_pb_text][\/et_pb_column][\/et_pb_row][et_pb_row _builder_version=\u201d4.27.4\u2033 _module_preset=\u201ddefault\u201d global_colors_info=\u201d{}\u201d][et_pb_column type=\u201d4_4\u2033 _builder_version=\u201d4.27.4\u2033 _module_preset=\u201ddefault\u201d global_colors_info=\u201d{}\u201d][et_pb_code _builder_version=\u201d4.27.4\u2033 _module_preset=\u201ddefault\u201d hover_enabled=\u201d0\u2033 global_colors_info=\u201d{}\u201d sticky_enabled=\u201d0\u2033]<\/p>\n<section class=\"daily-schedule-section\"><!-- [et_pb_line_break_holder] -->  <\/p>\n<h2 class=\"schedule-title\">Dnevni raspored<\/h2>\n<p><!-- [et_pb_line_break_holder] -->  <pee class=\"schedule-subtitle\">Ponedjeljak \u2013 Petak<\/pee><!-- [et_pb_line_break_holder] --><!-- [et_pb_line_break_holder] -->  <\/p>\n<div class=\"schedule-table-wrapper\"><!-- [et_pb_line_break_holder] -->    <\/p>\n<table class=\"schedule-table\"><!-- [et_pb_line_break_holder] -->      <\/p>\n<thead><!-- [et_pb_line_break_holder] -->        <\/p>\n<tr><!-- [et_pb_line_break_holder] -->          <\/p>\n<th style=\"color:white;\">Aktivnost<\/th>\n<p><!-- [et_pb_line_break_holder] -->          <\/p>\n<th style=\"color:white;\">Vrijeme<\/th>\n<p><!-- [et_pb_line_break_holder] -->        <\/tr>\n<p><!-- [et_pb_line_break_holder] -->      <\/thead>\n<p><!-- [et_pb_line_break_holder] -->      <\/p>\n<tbody><!-- [et_pb_line_break_holder] -->        <\/p>\n<tr>\n<td>Registracija<\/td>\n<td>06:30 \u2013 08:00<\/td>\n<\/tr>\n<p><!-- [et_pb_line_break_holder] -->        <\/p>\n<tr>\n<td>Doru\u010dak<\/td>\n<td>08:00 \u2013 08:45<\/td>\n<\/tr>\n<p><!-- [et_pb_line_break_holder] -->        <\/p>\n<tr>\n<td>Pospremanje i li\u010dna higijena<\/td>\n<td>08:45 \u2013 09:00<\/td>\n<\/tr>\n<p><!-- [et_pb_line_break_holder] -->        <\/p>\n<tr>\n<td>Vrijeme za aktivnosti<\/td>\n<td>09:00 \u2013 12:00<\/td>\n<\/tr>\n<p><!-- [et_pb_line_break_holder] -->        <\/p>\n<tr>\n<td>Ru\u010dak<\/td>\n<td>12:00 \u2013 12:45<\/td>\n<\/tr>\n<p><!-- [et_pb_line_break_holder] -->        <\/p>\n<tr>\n<td>Pospremanje i li\u010dna higijena<\/td>\n<td>12:45 \u2013 13:00<\/td>\n<\/tr>\n<p><!-- [et_pb_line_break_holder] -->        <\/p>\n<tr>\n<td>Vrijeme za spavanje<\/td>\n<td>13:00 \u2013 14:15<\/td>\n<\/tr>\n<p><!-- [et_pb_line_break_holder] -->        <\/p>\n<tr>\n<td>Vrijeme za aktivnosti<\/td>\n<td>14:15 \u2013 16:30<\/td>\n<\/tr>\n<p><!-- [et_pb_line_break_holder] -->      <\/tbody>\n<p><!-- [et_pb_line_break_holder] -->    <\/table>\n<p><!-- [et_pb_line_break_holder] -->  <\/div>\n<p><!-- [et_pb_line_break_holder] --><\/section>\n<p><!-- [et_pb_line_break_holder] --><!-- [et_pb_line_break_holder] --><\/p>\n<style><!-- [et_pb_line_break_holder] -->  :root {<!-- [et_pb_line_break_holder] -->    --main-color: #0e5058;<!-- [et_pb_line_break_holder] -->    --main-color-light: rgba(14, 80, 88, 0.1);<!-- [et_pb_line_break_holder] -->    --main-color-lighter: rgba(14, 80, 88, 0.05);<!-- [et_pb_line_break_holder] -->    --main-color-contrast: #ffffff;<!-- [et_pb_line_break_holder] -->  }<!-- [et_pb_line_break_holder] --><!-- [et_pb_line_break_holder] -->  .daily-schedule-section {<!-- [et_pb_line_break_holder] -->    max-width: 800px;<!-- [et_pb_line_break_holder] -->    margin: 0 auto;<!-- [et_pb_line_break_holder] -->    padding: 2rem 1rem;<!-- [et_pb_line_break_holder] -->    font-family: inherit;<!-- [et_pb_line_break_holder] -->    color: #333;<!-- [et_pb_line_break_holder] -->  }<!-- [et_pb_line_break_holder] --><!-- [et_pb_line_break_holder] -->  .schedule-title {<!-- [et_pb_line_break_holder] -->    font-size: 32px;<!-- [et_pb_line_break_holder] -->    font-weight: 700;<!-- [et_pb_line_break_holder] -->    margin-bottom: 0.25rem;<!-- [et_pb_line_break_holder] -->    text-align: center;<!-- [et_pb_line_break_holder] -->  }<!-- [et_pb_line_break_holder] --><!-- [et_pb_line_break_holder] -->  .schedule-subtitle {<!-- [et_pb_line_break_holder] -->    font-size: 18px;<!-- [et_pb_line_break_holder] -->    text-align: center;<!-- [et_pb_line_break_holder] -->    margin-bottom: 1.5rem;<!-- [et_pb_line_break_holder] -->    color: #666;<!-- [et_pb_line_break_holder] -->  }<!-- [et_pb_line_break_holder] --><!-- [et_pb_line_break_holder] -->  .schedule-table-wrapper {<!-- [et_pb_line_break_holder] -->    overflow-x: auto;<!-- [et_pb_line_break_holder] -->    border: 1px solid #e0e0e0;<!-- [et_pb_line_break_holder] -->    border-radius: 8px;<!-- [et_pb_line_break_holder] -->  }<!-- [et_pb_line_break_holder] --><!-- [et_pb_line_break_holder] -->  \/* Scrollbar styling *\/<!-- [et_pb_line_break_holder] -->  .schedule-table-wrapper::-webkit-scrollbar {<!-- [et_pb_line_break_holder] -->    height: 6px;<!-- [et_pb_line_break_holder] -->  }<!-- [et_pb_line_break_holder] -->  .schedule-table-wrapper::-webkit-scrollbar-thumb {<!-- [et_pb_line_break_holder] -->    background: #ccc;<!-- [et_pb_line_break_holder] -->    border-radius: 4px;<!-- [et_pb_line_break_holder] -->  }<!-- [et_pb_line_break_holder] --><!-- [et_pb_line_break_holder] -->  .schedule-table {<!-- [et_pb_line_break_holder] -->    width: 100%;<!-- [et_pb_line_break_holder] -->    border-collapse: collapse;<!-- [et_pb_line_break_holder] -->    min-width: 400px;<!-- [et_pb_line_break_holder] -->    font-family: inherit;<!-- [et_pb_line_break_holder] -->    font-size: 16px;<!-- [et_pb_line_break_holder] -->    color: inherit;<!-- [et_pb_line_break_holder] -->  }<!-- [et_pb_line_break_holder] --><!-- [et_pb_line_break_holder] -->  .schedule-table thead {<!-- [et_pb_line_break_holder] -->    background-color: var(--main-color);<!-- [et_pb_line_break_holder] -->    color: var(--main-color-contrast);<!-- [et_pb_line_break_holder] -->    font-weight: 700;<!-- [et_pb_line_break_holder] -->  }<!-- [et_pb_line_break_holder] --><!-- [et_pb_line_break_holder] -->  .schedule-table th,<!-- [et_pb_line_break_holder] -->  .schedule-table td {<!-- [et_pb_line_break_holder] -->    padding: 12px 16px;<!-- [et_pb_line_break_holder] -->    border: 1px solid #ddd;<!-- [et_pb_line_break_holder] -->    text-align: left;<!-- [et_pb_line_break_holder] -->  }<!-- [et_pb_line_break_holder] --><!-- [et_pb_line_break_holder] -->  \/* Striped rows with brand color *\/<!-- [et_pb_line_break_holder] -->  .schedule-table tbody tr:nth-child(odd) {<!-- [et_pb_line_break_holder] -->    background-color: var(--main-color-lighter);<!-- [et_pb_line_break_holder] -->  }<!-- [et_pb_line_break_holder] --><!-- [et_pb_line_break_holder] -->  .schedule-table tbody tr:nth-child(even) {<!-- [et_pb_line_break_holder] -->    background-color: var(--main-color-light);<!-- [et_pb_line_break_holder] -->  }<!-- [et_pb_line_break_holder] --><\/style>\n<p><!-- [et_pb_line_break_holder] -->[\/et_pb_code][\/et_pb_column][\/et_pb_row][\/et_pb_section]<\/p>","protected":false},"excerpt":{"rendered":"<p>U pred\u0161kolskoj ustanovi Richmond Park slijedimo strukturirani dnevni raspored osmi\u0161ljen da uravnote\u017ei u\u010denje, igru, odmor i hranjive obroke. Na\u0161 raspored osigurava da djeca imaju dovoljno vremena za zanimljive aktivnosti, zdrave obroke i periode odmora kako bi podr\u017eali svoj rast i dobrobit tokom cijelog dana. U nastavku slijedi pregled tipi\u010dne rutine tokom sedmice od [\u2026]<\/p>","protected":false},"author":1,"featured_media":0,"parent":0,"menu_order":0,"comment_status":"closed","ping_status":"closed","template":"","meta":{"_et_pb_use_builder":"on","_et_pb_old_content":"","_et_gb_content_width":"","iawp_total_views":65,"footnotes":""},"class_list":["post-242586","page","type-page","status-publish","hentry"],"_links":{"self":[{"href":"https:\/\/bihac.rps.edu.ba\/bs\/wp-json\/wp\/v2\/pages\/242586","targetHints":{"allow":["GET"]}}],"collection":[{"href":"https:\/\/bihac.rps.edu.ba\/bs\/wp-json\/wp\/v2\/pages"}],"about":[{"href":"https:\/\/bihac.rps.edu.ba\/bs\/wp-json\/wp\/v2\/types\/page"}],"author":[{"embeddable":true,"href":"https:\/\/bihac.rps.edu.ba\/bs\/wp-json\/wp\/v2\/users\/1"}],"replies":[{"embeddable":true,"href":"https:\/\/bihac.rps.edu.ba\/bs\/wp-json\/wp\/v2\/comments?post=242586"}],"version-history":[{"count":7,"href":"https:\/\/bihac.rps.edu.ba\/bs\/wp-json\/wp\/v2\/pages\/242586\/revisions"}],"predecessor-version":[{"id":243220,"href":"https:\/\/bihac.rps.edu.ba\/bs\/wp-json\/wp\/v2\/pages\/242586\/revisions\/243220"}],"wp:attachment":[{"href":"https:\/\/bihac.rps.edu.ba\/bs\/wp-json\/wp\/v2\/media?parent=242586"}],"curies":[{"name":"radni list","href":"https:\/\/api.w.org\/{rel}","templated":true}]}}