{"id":242585,"date":"2025-07-26T23:50:49","date_gmt":"2025-07-26T23:50:49","guid":{"rendered":"https:\/\/bihac.rps.edu.ba\/?page_id=242585"},"modified":"2025-07-28T14:28:52","modified_gmt":"2025-07-28T14:28:52","slug":"predskolski-kurikulum","status":"publish","type":"page","link":"https:\/\/bihac.rps.edu.ba\/bs\/predskolski-kurikulum\/","title":{"rendered":"Nastavni plan i program"},"content":{"rendered":"<p>[et_pb_section fb_built=\u201d1\u2033 fullwidth=\u201duklju\u010deno\u201d _builder_version=\u201d4.27.4\u2033 _module_preset=\u201dpodrazumevano\u201d global_colors_info=\u201d{}\u201d][et_pb_fullwidth_header title=\u201d@ET-DC@eyJkeW5hbWljIjp0cnVlLCJjb250ZW50IjoicG9zdF9saW5rIiwic2V0dGluZ3MiOnsiYmVmb3JlIjoiIiwiYWZ0ZXIiOiIiLCJ0ZXh0IjoicG9zdF90aXRsZSIsImN1c3RvbV90ZXh0IjoiIn19@\u201d _builder_version=\u201d4.27.4\u2033 _dynamic_attributes=\u201dnaslov\u201d _module_preset=\u201dpodrazumevano\u201d title_font=\u201d\u2013et_global_heading_font|700||na|||||\u201d title_font_size=\u201d54px\u201d title_font_size_tablet=\u201d50px\u201d title_font_size_phone=\u201d38px\u201d title_font_size_last_edited=\u201dna|telefonu\u201d global_colors_info=\u201d{}\u201d][\/et_pb_fullwidth_header][\/et_pb_section][et_pb_section fb_built=\u201d1\u2033 _builder_version=\u201d4.27.4\u2033 _module_preset=\u201ddefault\u201d custom_padding=\u201d2vw||2vw||true|false\u201d bottom_divider_style=\u201dcurve2\u2033 bottom_divider_color=\u201d#0E5058\u2033 bottom_divider_height_tablet=\u201d\u201d bottom_divider_height_phone=\u201d73px\u201d bottom_divider_height_last_edited=\u201dna|telefonu\u201d global_colors_info=\u201d{}\u201d][et_pb_row _builder_version=\u201d4.27.4\u2033 _module_preset=\u201dpodrazumevano\u201d global_colors_info=\u201d{}\u201d][et_pb_column type=\u201d4_4\u2033 _builder_version=\u201d4.27.4\u2033 _module_preset=\u201dpodrazumevano\u201d global_colors_info=\u201d{}\u201d][et_pb_text _builder_version=\u201d4.27.4\u2033 _module_preset=\u201dpodrazumevano\u201d global_colors_info=\u201d{}\u201d]<\/p>\n<h2><b>Visokokvalitetno rano obrazovanje za va\u0161e dijete<\/b><\/h2>\n<p><span style=\"font-weight: 400;\">U pred\u0161kolskoj ustanovi Richmond Park, na\u0161 nastavni plan i program osmi\u0161ljen je tako da njeguje fizi\u010dki, intelektualni, emocionalni i dru\u0161tveni rast svakog djeteta u toplom, stimulativnom i sigurnom okru\u017eenju. Kroz aktivno u\u010denje zasnovano na igri, djeca istra\u017euju, otkrivaju i razvijaju esencijalne vje\u0161tine koje ih pripremaju za cjelo\u017eivotni uspjeh.<\/span><\/p>\n<p>[\/et_pb_text][\/et_pb_column][\/et_pb_row][et_pb_row _builder_version=\u201d4.27.4\u2033 _module_preset=\u201ddefault\u201d global_colors_info=\u201d{}\u201d][et_pb_column type=\u201d4_4\u2033 _builder_version=\u201d4.27.4\u2033 _module_preset=\u201ddefault\u201d global_colors_info=\u201d{}\u201d][et_pb_text _builder_version=\u201d4.27.4\u2033 _module_preset=\u201ddefault\u201d global_colors_info=\u201d{}\u201d]<\/p>\n<h3 style=\"text-align: center;\"><b>\u0160ta djeca rade svakodnevno<\/b><\/h3>\n<p style=\"text-align: center;\"><b><span style=\"font-weight: 400;\">Na\u0161 nastavni plan fokusira se na aktivnosti prilago\u0111ene uzrastu koje poti\u010du cjelokupni razvoj kroz prakti\u010dna iskustva u\u010denja, interakcije u malim grupama i vo\u0111ena otkri\u0107a, uklju\u010duju\u0107i:<\/span><\/b><\/p>\n<p>[\/et_pb_text][\/et_pb_column][\/et_pb_row][et_pb_row column_structure=\u201d1_4,1_4,1_4,1_4\u2033 _builder_version=\u201d4.27.4\u2033 _module_preset=\u201ddefault\u201d global_colors_info=\u201d{}\u201d][et_pb_column type=\u201d1_4\u2033 _builder_version=\u201d4.27.4\u2033 _module_preset=\u201ddefault\u201d global_colors_info=\u201d{}\u201d][et_pb_blurb title=\u201dIstra\u017eivanje i igranje\u201d use_icon=\u201duklju\u010deno\u201d font_icon=\u201d\uf002||fa||900\u2033 _builder_version=\u201d4.27.4\u2033 _module_preset=\u201ddefault\u201d text_orientation=\u201dcenter\u201d global_colors_info=\u201d{}\u201d]<\/p>\n<p><span style=\"font-weight: 400;\">Eksperimentisanje, istra\u017eivanje i me\u0111usobna razmjena ideja u bogato opremljenim centrima za u\u010denje<\/span><\/p>\n<p>[\/et_pb_blurb][\/et_pb_column][et_pb_column type=\u201d1_4\u2033 _builder_version=\u201d4.27.4\u2033 _module_preset=\u201ddefault\u201d global_colors_info=\u201d{}\u201d][et_pb_blurb title=\u201dJezik i komunikacija\u201d use_icon=\u201duklju\u010deno\u201d font_icon=\u201d\uf086||fa||400\u2033 icon_color=\u201d#EB5E42\u2033 _builder_version=\u201d4.27.4\u2033 _module_preset=\u201ddefault\u201d text_orientation=\u201dcenter\u201d global_colors_info=\u201d{}\u201d]<\/p>\n<p><span style=\"font-weight: 400;\">Izgradnja vokabulara, pripovijedanje, fonetska svijest i rana pismenost kroz interaktivne diskusije i \u010ditanje.<\/span><\/p>\n<p>[\/et_pb_blurb][\/et_pb_column][et_pb_column type=\u201d1_4\u2033 _builder_version=\u201d4.27.4\u2033 _module_preset=\u201ddefault\u201d global_colors_info=\u201d{}\u201d][et_pb_blurb title=\u201dMatemati\u010dki koncepti\u201d use_icon=\u201duklju\u010deno\u201d font_icon=\u201d\ue0e7||divi||400\u2033 _builder_version=\u201d4.27.4\u2033 _module_preset=\u201ddefault\u201d text_orientation=\u201dcenter\u201d global_colors_info=\u201d{}\u201d]<\/p>\n<p><span style=\"font-weight: 400;\">Razvijanje brojanja, oblika, uzoraka i vje\u0161tina rje\u0161avanja problema u svakodnevnim aktivnostima.<\/span><\/p>\n<p>[\/et_pb_blurb][\/et_pb_column][et_pb_column type=\u201d1_4\u2033 _builder_version=\u201d4.27.4\u2033 _module_preset=\u201ddefault\u201d global_colors_info=\u201d{}\u201d][et_pb_blurb title=\u201dKreativni izraz\u201d use_icon=\u201duklju\u010deno\u201d font_icon=\u201d\uf1fc||fa||900\u2033 icon_color=\u201d#EB5E42\u2033 _builder_version=\u201d4.27.4\u2033 _module_preset=\u201ddefault\u201d text_orientation=\u201dcenter\u201d global_colors_info=\u201d{}\u201d]<\/p>\n<p><span style=\"font-weight: 400;\">U\u017eivanje u umjetnosti, muzici i pokretu razvija ma\u0161tu i finu motoriku.<\/span><\/p>\n<p>[\/et_pb_blurb][\/et_pb_column][\/et_pb_row][et_pb_row column_structure=\u201d1_3,1_3,1_3\u2033 _builder_version=\u201d4.27.4\u2033 _module_preset=\u201ddefault\u201d global_colors_info=\u201d{}\u201d][et_pb_column type=\u201d1_3\u2033 _builder_version=\u201d4.27.4\u2033 _module_preset=\u201ddefault\u201d global_colors_info=\u201d{}\u201d][et_pb_blurb title=\u201dFizi\u010dki razvoj\u201d use_icon=\u201don\u201d font_icon=\u201d\uf70c||fa||900\u2033 _builder_version=\u201d4.27.4\u2033 _module_preset=\u201ddefault\u201d text_orientation=\u201dcenter\u201d global_colors_info=\u201d{}\u201d]<\/p>\n<p><span style=\"font-weight: 400;\">Ja\u010danje motori\u010dkih sposobnosti i koordinacije kroz igru u zatvorenom i na otvorenom prostoru.<\/span><\/p>\n<p>[\/et_pb_blurb][\/et_pb_column][et_pb_column type=\u201d1_3\u2033 _builder_version=\u201d4.27.4\u2033 _module_preset=\u201ddefault\u201d global_colors_info=\u201d{}\u201d][et_pb_blurb title=\u201dSocijalne vje\u0161tine i emocionalni rast\u201d use_icon=\u201don\u201d font_icon=\u201d\uf2b5||fa||400\u2033 icon_color=\u201d#EB5E42\u2033 _builder_version=\u201d4.27.4\u2033 _module_preset=\u201ddefault\u201d text_orientation=\u201dcenter\u201d global_colors_info=\u201d{}\u201d]<\/p>\n<p><span style=\"font-weight: 400;\">Stvaranje pozitivnih odnosa, u\u010denje saradnje, empatije i samopouzdanja.<\/span><\/p>\n<p>[\/et_pb_blurb][\/et_pb_column][et_pb_column type=\u201d1_3\u2033 _builder_version=\u201d4.27.4\u2033 _module_preset=\u201ddefault\u201d global_colors_info=\u201d{}\u201d][et_pb_blurb title=\u201dPrakti\u010dne \u017eivotne vje\u0161tine\u201d use_icon=\u201duklju\u010deno\u201d font_icon=\u201d\ue05e||fa||900\u2033 _builder_version=\u201d4.27.4\u2033 _module_preset=\u201ddefault\u201d text_orientation=\u201dcenter\u201d global_colors_info=\u201d{}\u201d]<\/p>\n<p><span style=\"font-weight: 400;\">Primjena higijenskih rutina, navika i navika brige o sebi radi izgradnje samostalnosti.<\/span><span style=\"font-weight: 400;\"><br \/><\/span><\/p>\n<p>[\/et_pb_blurb][\/et_pb_column][\/et_pb_row][\/et_pb_section][et_pb_section fb_built=\u201d1\u2033 _builder_version=\u201d4.27.4\u2033 _module_preset=\u201ddefault\u201d top_divider_style=\u201dslant2\u2033 top_divider_color=\u201d#0E5058\u2033 bottom_divider_style=\u201dcurve2\u2033 bottom_divider_color=\u201d#EB5E42\u2033 global_colors_info=\u201d{}\u201d][et_pb_row _builder_version=\u201d4.27.4\u2033 _module_preset=\u201ddefault\u201d global_colors_info=\u201d{}\u201d][et_pb_column type=\u201d4_4\u2033 _builder_version=\u201d4.27.4\u2033 _module_preset=\u201ddefault\u201d global_colors_info=\u201d{}\u201d][et_pb_text _builder_version=\u201d4.27.4\u2033 _module_preset=\u201dpodrazumevano\u201d global_colors_info=\u201d{}\u201d]<\/p>\n<h2><b>Dobne grupe i fokus u\u010denja<\/b><\/h2>\n<p>[\/et_pb_text][et_pb_tabs _builder_version=\u201d4.27.4\u2033 _module_preset=\u201ddefault\u201d hover_enabled=\u201d0\u2033 global_colors_info=\u201d{}\u201d active_tab_background_color=\u201d#EB5E42\u2033 sticky_enabled=\u201d0\u2033 active_tab_text_color=\u201d#FFFFFF\u201d tab_text_color=\u201d#0E5058\u2033][et_pb_tab title=\u201dMla\u0111a djeca\u201d _builder_version=\u201d4.27.4\u2033 _module_preset=\u201ddefault\u201d hover_enabled=\u201d0\u2033 global_colors_info=\u201d{}\u201d sticky_enabled=\u201d0\u2033]<\/p>\n<p><a href=\"https:\/\/bihac.rps.edu.ba\/bs\/predskolski-kurikulum\/?et_fb=1&amp;PageSpeed=off\" class=\"et-fb-editable-element et-fb-editable-element__editing\" data-shortcode-id=\"3.0.0.0.0-1753700383936\" data-quickaccess-id=\"tab-tab\" contenteditable=\"true\"><strong>\u00a01-2 godine starosti<\/strong><\/a><span style=\"font-weight: 400;\"><\/span><\/p>\n<p><span style=\"font-weight: 400;\">Senzorno istra\u017eivanje, stimulacija jezika, osnovne motori\u010dke vje\u0161tine i razvijanje povjerenja i sigurnosti.<\/span><\/p>\n<p>[\/et_pb_tab][et_pb_tab title=\u201dStarija mala djeca\u201d _builder_version=\u201d4.27.4\u2033 _module_preset=\u201ddefault\u201d global_colors_info=\u201d{}\u201d]<\/p>\n<p><a href=\"https:\/\/bihac.rps.edu.ba\/bs\/predskolski-kurikulum\/?et_fb=1&amp;PageSpeed=off\" class=\"et-fb-editable-element et-fb-editable-element__editing\" data-shortcode-id=\"3.0.0.0.1-1753700383937\" data-quickaccess-id=\"tab-tab\" contenteditable=\"true\"><strong>2-3 godine<\/strong><\/a><span style=\"font-weight: 400;\"><\/span><\/p>\n<p><span style=\"font-weight: 400;\">Pro\u0161irenje komunikacije, po\u010detak rje\u0161avanja problema, dru\u0161tvena interakcija i rana samostalnost.<\/span><\/p>\n<p>[\/et_pb_tab][et_pb_tab title=\u201dMla\u0111i pred\u0161kolci\u201d _builder_version=\u201d4.27.4\u2033 _module_preset=\u201ddefault\u201d global_colors_info=\u201d{}\u201d]<\/p>\n<p><a href=\"https:\/\/bihac.rps.edu.ba\/bs\/predskolski-kurikulum\/?et_fb=1&amp;PageSpeed=off\" class=\"et-fb-editable-element et-fb-editable-element__editing\" data-shortcode-id=\"3.0.0.1.2-1753700447161\" data-quickaccess-id=\"tab-tab\" contenteditable=\"true\"><strong>3-4,5 godina<\/strong><\/a><span style=\"font-weight: 400;\"><\/span><\/p>\n<p><span style=\"font-weight: 400;\">Grupne aktivnosti, predpismenost, osnovni matemati\u010dki koncepti, kreativne umjetnosti i kretanje.<\/span><\/p>\n<p>[\/et_pb_tab][et_pb_tab title=\u201dStariji pred\u0161kolci\u201d _builder_version=\u201d4.27.4\u2033 _module_preset=\u201ddefault\u201d global_colors_info=\u201d{}\u201d]<\/p>\n<p><a href=\"https:\/\/bihac.rps.edu.ba\/bs\/predskolski-kurikulum\/?et_fb=1&amp;PageSpeed=off\" class=\"et-fb-editable-element et-fb-editable-element__editing\" data-shortcode-id=\"3.0.0.1.2-1753700446037\" data-quickaccess-id=\"tab-tab\" contenteditable=\"true\"><span><\/span><strong>4,5-6 godina<\/strong><\/a><span style=\"font-weight: 400;\"><\/span><\/p>\n<p><span style=\"font-weight: 400;\">Pripremna pismenost, ra\u010dunanje, dru\u0161tvena odgovornost, kriti\u010dko razmi\u0161ljanje i uvodno kori\u0161tenje tehnologije.<\/span><\/p>\n<p>[\/et_pb_tab][\/et_pb_tabs][\/et_pb_column][\/et_pb_row][\/et_pb_section][et_pb_section fb_built=\u201d1\u2033 _builder_version=\u201d4.27.4\u2033 _module_preset=\u201ddefault\u201d top_divider_style=\u201dasymmetric2\u2033 top_divider_color=\u201d#EB5E42\u2033 global_colors_info=\u201d{}\u201d][et_pb_row _builder_version=\u201d4.27.4\u2033 _module_preset=\u201ddefault\u201d global_colors_info=\u201d{}\u201d][et_pb_column type=\u201d4_4\u2033 _builder_version=\u201d4.27.4\u2033 _module_preset=\u201ddefault\u201d global_colors_info=\u201d{}\u201d][et_pb_text _builder_version=\u201d4.27.4\u2033 _module_preset=\u201dzadano\u201d global_colors_info=\u201d{}\u201d]<\/p>\n<h2><b>Saxon program ranog u\u010denja<\/b><\/h2>\n<p>[\/et_pb_text][\/et_pb_column][\/et_pb_row][et_pb_row _builder_version=\u201d4.27.4\u2033 _module_preset=\u201ddefault\u201d hover_enabled=\u201d0\u2033 global_colors_info=\u201d{}\u201d sticky_enabled=\u201d0\u2033][et_pb_column type=\u201d4_4\u2033 _builder_version=\u201d4.27.4\u2033 _module_preset=\u201ddefault\u201d global_colors_info=\u201d{}\u201d][et_pb_image src=\u201dhttps:\/\/bihac.rps.edu.ba\/wp-content\/uploads\/2025\/07\/RPS-preschool-saxon1.jpg\u201d title_text=\u201dRPS-preschool-saxon1\u2033 _builder_version=\u201d4.27.4\u2033 _module_preset=\u201ddefault\u201d global_colors_info=\u201d{}\u201d][\/et_pb_image][et_pb_text _builder_version=\u201d4.27.4\u2033 _module_preset=\u201dpodrazumevano\u201d global_colors_info=\u201d{}\u201d]<\/p>\n<p><span style=\"font-weight: 400;\">Na\u0161e starije pred\u0161kolske grupe slijede <\/span><b>Saxon program ranog u\u010denja<\/b><span style=\"font-weight: 400;\">, dobro strukturiran nastavni plan i program osmi\u0161ljen da:<\/span><\/p>\n<ul>\n<li style=\"font-weight: 400;\" aria-level=\"1\"><span style=\"font-weight: 400;\">Obezbijedi motiviraju\u0107e i razvojno primjerene aktivnosti.<\/span><\/li>\n<li style=\"font-weight: 400;\" aria-level=\"1\"><span style=\"font-weight: 400;\">Razvije rane vje\u0161tine pismenosti, uklju\u010duju\u0107i fonetsku svjesnost i odnose slova i glasova.<\/span><\/li>\n<li style=\"font-weight: 400;\" aria-level=\"1\"><span style=\"font-weight: 400;\">Podstakne verbalno izra\u017eavanje, u\u010de\u0161\u0107e u u\u010dionici i socijalnu adaptaciju.<\/span><\/li>\n<li style=\"font-weight: 400;\" aria-level=\"1\"><span style=\"font-weight: 400;\">Izgradi sna\u017enu osnovu za spremnost za \u0161kolu s naglaskom na jezik, moralni razvoj i izgradnju karaktera.<\/span><\/li>\n<\/ul>\n<p>[\/et_pb_text][\/et_pb_column][\/et_pb_row][\/et_pb_section]<\/p>","protected":false},"excerpt":{"rendered":"<p>Visokokvalitetno rano obrazovanje za va\u0161e dijete U pred\u0161kolskoj ustanovi Richmond Park, na\u0161 nastavni plan i program osmi\u0161ljen je tako da njeguje fizi\u010dki, intelektualni, emocionalni i dru\u0161tveni rast svakog djeteta u toplom, stimulativnom i sigurnom okru\u017eenju. Kroz aktivno u\u010denje zasnovano na igri, djeca istra\u017euju, otkrivaju i razvijaju esencijalne vje\u0161tine koje ih pripremaju za cjelo\u017eivotni uspjeh. \u0160ta djeca rade svakodnevno Na\u0161 nastavni plan i program fokusira se na [\u2026]<\/p>","protected":false},"author":1,"featured_media":0,"parent":0,"menu_order":0,"comment_status":"closed","ping_status":"closed","template":"","meta":{"_et_pb_use_builder":"on","_et_pb_old_content":"","_et_gb_content_width":"","iawp_total_views":39,"footnotes":""},"class_list":["post-242585","page","type-page","status-publish","hentry"],"_links":{"self":[{"href":"https:\/\/bihac.rps.edu.ba\/bs\/wp-json\/wp\/v2\/pages\/242585","targetHints":{"allow":["GET"]}}],"collection":[{"href":"https:\/\/bihac.rps.edu.ba\/bs\/wp-json\/wp\/v2\/pages"}],"about":[{"href":"https:\/\/bihac.rps.edu.ba\/bs\/wp-json\/wp\/v2\/types\/page"}],"author":[{"embeddable":true,"href":"https:\/\/bihac.rps.edu.ba\/bs\/wp-json\/wp\/v2\/users\/1"}],"replies":[{"embeddable":true,"href":"https:\/\/bihac.rps.edu.ba\/bs\/wp-json\/wp\/v2\/comments?post=242585"}],"version-history":[{"count":8,"href":"https:\/\/bihac.rps.edu.ba\/bs\/wp-json\/wp\/v2\/pages\/242585\/revisions"}],"predecessor-version":[{"id":242737,"href":"https:\/\/bihac.rps.edu.ba\/bs\/wp-json\/wp\/v2\/pages\/242585\/revisions\/242737"}],"wp:attachment":[{"href":"https:\/\/bihac.rps.edu.ba\/bs\/wp-json\/wp\/v2\/media?parent=242585"}],"curies":[{"name":"radni list","href":"https:\/\/api.w.org\/{rel}","templated":true}]}}