{"id":242519,"date":"2025-07-25T09:34:21","date_gmt":"2025-07-25T09:34:21","guid":{"rendered":"https:\/\/bihac.rps.edu.ba\/?page_id=242519"},"modified":"2025-07-26T22:40:30","modified_gmt":"2025-07-26T22:40:30","slug":"prijavite-se-sada","status":"publish","type":"page","link":"https:\/\/bihac.rps.edu.ba\/bs\/prijavite-se-sada\/","title":{"rendered":"Prijavi se odmah"},"content":{"rendered":"<p>[et_pb_section fb_built=\u201d1\u2033 _builder_version=\u201d4.27.4\u2033 _module_preset=\u201ddefault\u201d global_colors_info=\u201d{}\u201d][et_pb_row _builder_version=\u201d4.27.4\u2033 _module_preset=\u201ddefault\u201d hover_enabled=\u201d0\u2033 sticky_enabled=\u201d0\u2033][et_pb_column _builder_version=\u201d4.27.4\u2033 _module_preset=\u201ddefault\u201d type=\u201d4_4\u2033][et_pb_text _builder_version=\u201d4.27.4\u2033 _module_preset=\u201ddefault\u201d hover_enabled=\u201d0\u2033 sticky_enabled=\u201d0\u2033]<\/p>\n<div class=\"mcb-wrap-background-overlay\">\n<h3 data-start=\"115\" data-end=\"146\"><strong data-start=\"119\" data-end=\"146\">Po\u0161aljite svoju prijavu<\/strong><\/h3>\n<p data-start=\"148\" data-end=\"422\">Uzbu\u0111eni smo \u0161to razmatrate Richmond Park \u0161kole za obrazovanje va\u0161eg djeteta. Da biste zapo\u010deli proces upisa, jednostavno popunite obrazac za prijavu ispod. Nakon \u0161to ga po\u0161aljete, \u010dlan na\u0161eg tima za upis \u0107e vas uskoro kontaktirati kako bi vas vodio kroz sljede\u0107e korake.<\/p>\n<p data-start=\"424\" data-end=\"710\" class=\"translation-block\">Richmond Park Schools nudi niz <strong data-start=\"464\" data-end=\"487\">pogodnosti pri upisu<\/strong>, uklju\u010duju\u0107i fleksibilne planove pla\u0107anja \u0161kolarine u ratama i <strong data-start=\"538\" data-end=\"559\">posebne popuste<\/strong> na osnovu kriterija podobnosti dostupnih tokom odre\u0111enih perioda upisa. Za detaljne informacije, slobodno kontaktirajte na\u0161u kancelariju za upis.<\/p>\n<p data-start=\"712\" data-end=\"882\" class=\"translation-block\">Za <strong data-start=\"716\" data-end=\"742\">me\u0111unarodne porodice<\/strong> pru\u017eamo i podr\u0161ku u <strong data-start=\"776\" data-end=\"799\">priznavanju diploma<\/strong> te <strong data-start=\"804\" data-end=\"835\">procesu izdavanja boravi\u0161ne dozvole<\/strong>, kako bismo va\u0161u tranziciju u\u010dinili \u0161to jednostavnijom.<\/em><\/p>\n<\/div>\n<p>[\/et_pb_text][\/et_pb_column][\/et_pb_row][et_pb_row _builder_version=\u201d4.27.4\u2033 _module_preset=\u201ddefault\u201d hover_enabled=\u201d0\u2033 custom_css_free_form=\u201d.cf7cf-hidden {|| display: none;||}\u201d global_colors_info=\u201d{}\u201d custom_padding=\u201d0px||0px||true|false\u201d sticky_enabled=\u201d0\u2033][et_pb_column type=\u201d4_4\u2033 _builder_version=\u201d4.27.4\u2033 _module_preset=\u201ddefault\u201d global_colors_info=\u201d{}\u201d][et_pb_code _builder_version=\u201d4.27.4\u2033 _module_preset=\u201ddefault\u201d global_colors_info=\u201d{}\u201d]<\/p>\n<style><!-- [et_pb_line_break_holder] -->  #school-email {<!-- [et_pb_line_break_holder] -->  display: none !important;<!-- [et_pb_line_break_holder] -->  visibility: hidden;<!-- [et_pb_line_break_holder] -->  height: 0;<!-- [et_pb_line_break_holder] -->  margin: 0;<!-- [et_pb_line_break_holder] -->  padding: 0;<!-- [et_pb_line_break_holder] -->  border: none;<!-- [et_pb_line_break_holder] -->}<!-- [et_pb_line_break_holder] -->\/* Form container *\/<!-- [et_pb_line_break_holder] -->.wpcf7 {<!-- [et_pb_line_break_holder] -->  background-color: #f9f9f9 !important;<!-- [et_pb_line_break_holder] -->  padding: 40px !important;<!-- [et_pb_line_break_holder] -->  border-radius: 16px !important;<!-- [et_pb_line_break_holder] -->  box-shadow: 0 5px 20px rgba(0, 0, 0, 0.05) !important;<!-- [et_pb_line_break_holder] -->  max-width: 700px !important;<!-- [et_pb_line_break_holder] -->  margin: 0 auto !important;<!-- [et_pb_line_break_holder] -->}<!-- [et_pb_line_break_holder] --><!-- [et_pb_line_break_holder] -->\/* Labels *\/<!-- [et_pb_line_break_holder] -->.wpcf7 label {<!-- [et_pb_line_break_holder] -->  display: block !important;<!-- [et_pb_line_break_holder] -->  font-weight: 600 !important;<!-- [et_pb_line_break_holder] -->  margin-bottom: 8px !important;<!-- [et_pb_line_break_holder] -->  color: #333 !important;<!-- [et_pb_line_break_holder] -->}<!-- [et_pb_line_break_holder] --><!-- [et_pb_line_break_holder] -->\/* Text inputs, dropdowns, textarea *\/<!-- [et_pb_line_break_holder] -->.wpcf7 input[type=\"text\"],<!-- [et_pb_line_break_holder] -->.wpcf7 input[type=\"email\"],<!-- [et_pb_line_break_holder] -->.wpcf7 input[type=\"tel\"],<!-- [et_pb_line_break_holder] -->.wpcf7 textarea,<!-- [et_pb_line_break_holder] -->.wpcf7 select {<!-- [et_pb_line_break_holder] -->  width: 100% !important;<!-- [et_pb_line_break_holder] -->  padding: 12px 16px !important;<!-- [et_pb_line_break_holder] -->  border: 1px solid #ccc !important;<!-- [et_pb_line_break_holder] -->  border-radius: 8px !important;<!-- [et_pb_line_break_holder] -->  margin-bottom: 20px !important;<!-- [et_pb_line_break_holder] -->  font-size: 16px !important;<!-- [et_pb_line_break_holder] -->  transition: border 0.3s ease !important;<!-- [et_pb_line_break_holder] -->  background-color: #fff !important;<!-- [et_pb_line_break_holder] -->}<!-- [et_pb_line_break_holder] --><!-- [et_pb_line_break_holder] -->.wpcf7 input:focus,<!-- [et_pb_line_break_holder] -->.wpcf7 textarea:focus,<!-- [et_pb_line_break_holder] -->.wpcf7 select:focus {<!-- [et_pb_line_break_holder] -->  border-color: #7b68ee !important;<!-- [et_pb_line_break_holder] -->  outline: none !important;<!-- [et_pb_line_break_holder] -->}<!-- [et_pb_line_break_holder] --><!-- [et_pb_line_break_holder] -->\/* File Upload *\/<!-- [et_pb_line_break_holder] -->.wpcf7 input[type=\"file\"] {<!-- [et_pb_line_break_holder] -->  background: #fff !important;<!-- [et_pb_line_break_holder] -->  padding: 10px !important;<!-- [et_pb_line_break_holder] -->  border: 1px solid #ccc !important;<!-- [et_pb_line_break_holder] -->  border-radius: 8px !important;<!-- [et_pb_line_break_holder] -->  font-size: 14px !important;<!-- [et_pb_line_break_holder] -->  margin-bottom: 20px !important;<!-- [et_pb_line_break_holder] -->}<!-- [et_pb_line_break_holder] --><!-- [et_pb_line_break_holder] -->\/* Submit Button *\/<!-- [et_pb_line_break_holder] -->.wpcf7 input[type=\"submit\"] {<!-- [et_pb_line_break_holder] -->  background-color: #0e5058 !important;<!-- [et_pb_line_break_holder] -->  color: #fff !important;<!-- [et_pb_line_break_holder] -->  font-size: 16px !important;<!-- [et_pb_line_break_holder] -->  padding: 12px 30px !important;<!-- [et_pb_line_break_holder] -->  border: none !important;<!-- [et_pb_line_break_holder] -->  border-radius: 8px !important;<!-- [et_pb_line_break_holder] -->  cursor: pointer !important;<!-- [et_pb_line_break_holder] -->  transition: background 0.3s ease !important;<!-- [et_pb_line_break_holder] -->}<!-- [et_pb_line_break_holder] --><!-- [et_pb_line_break_holder] -->.wpcf7 input[type=\"submit\"]:hover {<!-- [et_pb_line_break_holder] -->  background-color: #9db5b2 !important;<!-- [et_pb_line_break_holder] -->}<!-- [et_pb_line_break_holder] --><!-- [et_pb_line_break_holder] -->\/* Success\/Error Message Styling *\/<!-- [et_pb_line_break_holder] -->.wpcf7-response-output {<!-- [et_pb_line_break_holder] -->  margin-top: 20px !important;<!-- [et_pb_line_break_holder] -->  padding: 15px !important;<!-- [et_pb_line_break_holder] -->  border-radius: 8px !important;<!-- [et_pb_line_break_holder] -->  font-weight: 500 !important;<!-- [et_pb_line_break_holder] -->}<!-- [et_pb_line_break_holder] --><!-- [et_pb_line_break_holder] -->.wpcf7-mail-sent-ok {<!-- [et_pb_line_break_holder] -->  background-color: #d1f4d8 !important;<!-- [et_pb_line_break_holder] -->  border: 1px solid #6cc070 !important;<!-- [et_pb_line_break_holder] -->  color: #2c6b3e !important;<!-- [et_pb_line_break_holder] -->}<!-- [et_pb_line_break_holder] --><!-- [et_pb_line_break_holder] -->.wpcf7-validation-errors {<!-- [et_pb_line_break_holder] -->  background-color: #fce8e6 !important;<!-- [et_pb_line_break_holder] -->  border: 1px solid #f38c86 !important;<!-- [et_pb_line_break_holder] -->  color: #d03c3c !important;<!-- [et_pb_line_break_holder] -->}<!-- [et_pb_line_break_holder] --><\/style>\n<p><!-- [et_pb_line_break_holder] --><!-- [et_pb_line_break_holder] -->[\/et_pb_code][et_pb_text _builder_version=\u201d4.27.4\u2033 _module_preset=\u201ddefault\u201d global_colors_info=\u201d{}\u201d]<\/p>\n\n<div class=\"wpcf7 no-js\" id=\"wpcf7-f242548-o1\" lang=\"en-US\" dir=\"ltr\" data-wpcf7-id=\"242548\">\n<div class=\"screen-reader-response\"><p role=\"status\" aria-live=\"polite\" aria-atomic=\"true\"><\/p> <ul><\/ul><\/div>\n<form action=\"\/bs\/wp-json\/wp\/v2\/pages\/242519#wpcf7-f242548-o1\" method=\"post\" class=\"wpcf7-form init\" aria-label=\"Kontaktni obrazac\" novalidate=\"novalidate\" data-status=\"init\" data-trp-original-action=\"\/bs\/wp-json\/wp\/v2\/pages\/242519#wpcf7-f242548-o1\">\n<fieldset class=\"hidden-fields-container\"><input type=\"hidden\" name=\"_wpcf7\" value=\"242548\" \/><input type=\"hidden\" name=\"_wpcf7_version\" value=\"6.1.4\" \/><input type=\"hidden\" name=\"_wpcf7_locale\" value=\"en_US\" \/><input type=\"hidden\" name=\"_wpcf7_unit_tag\" value=\"wpcf7-f242548-o1\" \/><input type=\"hidden\" name=\"_wpcf7_container_post\" value=\"0\" \/><input type=\"hidden\" name=\"_wpcf7_posted_data_hash\" value=\"\" \/><input type=\"hidden\" name=\"_wpcf7cf_hidden_group_fields\" value=\"[]\" \/><input type=\"hidden\" name=\"_wpcf7cf_hidden_groups\" value=\"[]\" \/><input type=\"hidden\" name=\"_wpcf7cf_visible_groups\" value=\"[]\" \/><input type=\"hidden\" name=\"_wpcf7cf_repeaters\" value=\"[]\" \/><input type=\"hidden\" name=\"_wpcf7cf_steps\" value=\"{}\" \/><input type=\"hidden\" name=\"_wpcf7cf_options\" value=\"{&quot;form_id&quot;:242548,&quot;conditions&quot;:[{&quot;then_field&quot;:&quot;grade-college&quot;,&quot;and_rules&quot;:[{&quot;if_field&quot;:&quot;your-school&quot;,&quot;operator&quot;:&quot;equals&quot;,&quot;if_value&quot;:&quot;Richmond Park College Biha\\u0107&quot;}]},{&quot;then_field&quot;:&quot;grade-primary&quot;,&quot;and_rules&quot;:[{&quot;if_field&quot;:&quot;your-school&quot;,&quot;operator&quot;:&quot;equals&quot;,&quot;if_value&quot;:&quot;Richmond Park International Primary School Biha\\u0107&quot;}]}],&quot;settings&quot;:{&quot;animation&quot;:&quot;yes&quot;,&quot;animation_intime&quot;:200,&quot;animation_outtime&quot;:200,&quot;conditions_ui&quot;:&quot;normal&quot;,&quot;notice_dismissed&quot;:false}}\" \/><input type=\"hidden\" name=\"_wpcf7dtx_version\" value=\"5.0.5\" \/><input type=\"hidden\" name=\"_wpcf7_recaptcha_response\" value=\"\" \/>\n<\/fieldset>\n<input class=\"wpcf7-form-control wpcf7-hidden\" value=\"New Application\" type=\"hidden\" name=\"your-subject\" \/>\n<p><label> Ime (u\u010denika)*<\/label><br \/>\n<span class=\"wpcf7-form-control-wrap\" data-name=\"your-name\"><input size=\"40\" maxlength=\"400\" class=\"wpcf7-form-control wpcf7-text wpcf7-validates-as-required\" aria-required=\"true\" aria-invalid=\"false\" value=\"\" type=\"text\" name=\"your-name\" \/><\/span>\n<\/p>\n<p><label> Prezime (u\u010denika)*<\/label><br \/>\n<span class=\"wpcf7-form-control-wrap\" data-name=\"your-surname\"><input size=\"40\" maxlength=\"400\" class=\"wpcf7-form-control wpcf7-text wpcf7-validates-as-required\" aria-required=\"true\" aria-invalid=\"false\" value=\"\" type=\"text\" name=\"your-surname\" \/><\/span>\n<\/p>\n<p><label> Ime majke*<\/label><br \/>\n<span class=\"wpcf7-form-control-wrap\" data-name=\"your-mother\"><input size=\"40\" maxlength=\"400\" class=\"wpcf7-form-control wpcf7-text wpcf7-validates-as-required\" aria-required=\"true\" aria-invalid=\"false\" value=\"\" type=\"text\" name=\"your-mother\" \/><\/span>\n<\/p>\n<p><label> Ime oca*<\/label><br \/>\n<span class=\"wpcf7-form-control-wrap\" data-name=\"your-father\"><input size=\"40\" maxlength=\"400\" class=\"wpcf7-form-control wpcf7-text wpcf7-validates-as-required\" aria-required=\"true\" aria-invalid=\"false\" value=\"\" type=\"text\" name=\"your-father\" \/><\/span>\n<\/p>\n<p><label> Datum ro\u0111enja (u\u010denik)*<\/label><br \/>\n<span class=\"wpcf7-form-control-wrap\" data-name=\"your-birthdate\"><input class=\"wpcf7-form-control wpcf7-date wpcf7-validates-as-required wpcf7-validates-as-date\" aria-required=\"true\" aria-invalid=\"false\" value=\"\" type=\"date\" name=\"your-birthdate\" \/><\/span>\n<\/p>\n<p><label> Spol (u\u010denik)*<\/label><br \/>\n<span class=\"wpcf7-form-control-wrap\" data-name=\"your-gender\"><span class=\"wpcf7-form-control wpcf7-radio\"><span class=\"wpcf7-list-item first\"><input type=\"radio\" name=\"your-gender\" value=\"Male\" \/><span class=\"wpcf7-list-item-label\">Mu\u0161ko<\/span><\/span><span class=\"wpcf7-list-item last\"><input type=\"radio\" name=\"your-gender\" value=\"Female\" \/><span class=\"wpcf7-list-item-label\">\u017densko<\/span><\/span><\/span><\/span>\n<\/p>\n<p><label> E-po\u0161ta:<\/label><br \/>\n<span class=\"wpcf7-form-control-wrap\" data-name=\"your-email\"><input size=\"40\" maxlength=\"400\" class=\"wpcf7-form-control wpcf7-email wpcf7-validates-as-required wpcf7-text wpcf7-validates-as-email\" aria-required=\"true\" aria-invalid=\"false\" value=\"\" type=\"email\" name=\"your-email\" \/><\/span>\n<\/p>\n<p><label> Broj telefona (roditelj)*<\/label><br \/>\n<span class=\"wpcf7-form-control-wrap\" data-name=\"your-phone\"><input size=\"40\" maxlength=\"400\" class=\"wpcf7-form-control wpcf7-tel wpcf7-validates-as-required wpcf7-text wpcf7-validates-as-tel\" aria-required=\"true\" aria-invalid=\"false\" value=\"\" type=\"tel\" name=\"your-phone\" \/><\/span>\n<\/p>\n<p><label> Odaberite \u0161kolu*<\/label><br \/>\n<span class=\"wpcf7-form-control-wrap\" data-name=\"your-school\"><select class=\"wpcf7-form-control wpcf7-select wpcf7-validates-as-required\" aria-required=\"true\" aria-invalid=\"false\" name=\"your-school\"><option value=\"\">\u2014Molimo odaberite opciju\u2014<\/option><option value=\"Richmond Park Preschool Biha\u0107\">Pred\u0161kolska ustanova Richmond Park Biha\u0107<\/option><option value=\"Richmond Park Preschool Cazin\">Pred\u0161kolska ustanova Richmond Park Cazin<\/option><option value=\"Richmond Park International Primary School Biha\u0107\">Me\u0111unarodna osnovna \u0161kola Richmond Park Biha\u0107<\/option><option value=\"Richmond Park College Biha\u0107\">Richmond Park College Biha\u0107<\/option><\/select><\/span>\n<\/p>\n<div data-id=\"grade-college\" data-orig_data_id=\"grade-college\"  class=\"\" data-class=\"wpcf7cf_group\">\n\t<p><label> Razred u koji se upisujete*<\/label><br \/>\n<span class=\"wpcf7-form-control-wrap\" data-name=\"your-grade-college\"><select class=\"wpcf7-form-control wpcf7-select wpcf7-validates-as-required\" aria-required=\"true\" aria-invalid=\"false\" name=\"your-grade-college\"><option value=\"\">\u2014Molimo odaberite opciju\u2014<\/option><option value=\"1st grade\">1. razred<\/option><option value=\"2nd grade\">2. razred<\/option><option value=\"3rd grade\">3. razred<\/option><option value=\"4th grade\">4. razred<\/option><\/select><\/span>\n\t<\/p>\n<\/div>\n<div data-id=\"grade-primary\" data-orig_data_id=\"grade-primary\"  class=\"\" data-class=\"wpcf7cf_group\">\n\t<p><label> Razred u koji se upisujete*<\/label><br \/>\n<span class=\"wpcf7-form-control-wrap\" data-name=\"your-grade-primary\"><select class=\"wpcf7-form-control wpcf7-select wpcf7-validates-as-required\" aria-required=\"true\" aria-invalid=\"false\" name=\"your-grade-primary\"><option value=\"\">\u2014Molimo odaberite opciju\u2014<\/option><option value=\"1st grade\">1. razred<\/option><option value=\"2nd grade\">2. razred<\/option><option value=\"3rd grade\">3. razred<\/option><option value=\"4th grade\">4. razred<\/option><option value=\"5th grade\">5. razred<\/option><option value=\"6th grade\">6. razred<\/option><option value=\"7th grade\">7. razred<\/option><option value=\"8th grade\">8. razred<\/option><option value=\"9th grade\">9. razred<\/option><\/select><\/span>\n\t<\/p>\n<\/div>\n<p><label> Akademska godina u koju se upisujete*<\/label><br \/>\n<span class=\"wpcf7-form-control-wrap\" data-name=\"your-academic-year\"><span class=\"wpcf7-form-control wpcf7-radio\"><span class=\"wpcf7-list-item first\"><input type=\"radio\" name=\"your-academic-year\" value=\"Ongoing academic year\" \/><span class=\"wpcf7-list-item-label\">Teku\u0107a akademska godina<\/span><\/span><span class=\"wpcf7-list-item last\"><input type=\"radio\" name=\"your-academic-year\" value=\"Next academic year\" checked=\"checked\" \/><span class=\"wpcf7-list-item-label\">Sljede\u0107a akademska godina<\/span><\/span><\/span><\/span>\n<\/p>\n<p><label> Naziv prethodne \u0161kole*<\/label><br \/>\n<span class=\"wpcf7-form-control-wrap\" data-name=\"your-previous-school\"><input size=\"40\" maxlength=\"400\" class=\"wpcf7-form-control wpcf7-text wpcf7-validates-as-required\" aria-required=\"true\" aria-invalid=\"false\" value=\"\" type=\"text\" name=\"your-previous-school\" \/><\/span>\n<\/p>\n<p><label> Kako ste prvi put \u010duli za na\u0161u \u0161kolu? *<\/label>\n<\/p>\n<p><span class=\"wpcf7-form-control-wrap\" data-name=\"school_discovery\"><select class=\"wpcf7-form-control wpcf7-select wpcf7-validates-as-required\" aria-required=\"true\" aria-invalid=\"false\" name=\"school_discovery\"><option value=\"\">\u2014Molimo odaberite opciju\u2014<\/option><option value=\"Social media (Facebook, Instagram, TikTok)\">Dru\u0161tvene mre\u017ee (Facebook, Instagram, TikTok)<\/option><option value=\"Recommendation (friend, relative, student, or parent)\">Preporuka (prijatelja, ro\u0111aka, studenta ili roditelja)<\/option><option value=\"Existing family (already have or previously had a child enrolled)\">Postoje\u0107a porodica (ve\u0107 imaju ili su ranije imali upisano dijete)<\/option><option value=\"Online search or media (Google, web portals, articles)\">Online pretraga ili mediji (Google, web portali, \u010dlanci)<\/option><option value=\"Traditional media (TV, radio, printed materials)\">Tradicionalni mediji (TV, radio, \u0161tampani materijali)<\/option><option value=\"Open Day or similar school events\">Dan otvorenih vrata ili sli\u010dni \u0161kolski doga\u0111aji<\/option><\/select><\/span>\n<\/p>\n<p><label> \u0160ta najbolje opisuje va\u0161u trenutnu fazu upisa?<\/label>\n<\/p>\n<p><span class=\"wpcf7-form-control-wrap\" data-name=\"enrollment_stage\"><select class=\"wpcf7-form-control wpcf7-select\" aria-invalid=\"false\" name=\"enrollment_stage\"><option value=\"\">\u2014Molimo odaberite opciju\u2014<\/option><option value=\"Just gathering information\">Samo prikupljam informacije<\/option><option value=\"Actively comparing several schools\">Aktivno pore\u0111enje nekoliko \u0161kola<\/option><option value=\"Shortlisting schools for enrollment\">Pravljenje u\u017eeg izbora \u0161kola za upis<\/option><option value=\"Ready to proceed with enrollment\">Spremni za nastavak registracije<\/option><\/select><\/span>\n<\/p>\n<p><input class=\"wpcf7-form-control wpcf7-submit has-spinner\" type=\"submit\" value=\"Po\u0161alji\" \/>\n<\/p><div class=\"wpcf7-response-output\" aria-hidden=\"true\"><\/div>\n<input type=\"hidden\" name=\"trp-form-language\" value=\"bs\"\/><\/form>\n<\/div>\n\n<p>[\/et_pb_text][\/et_pb_column][\/et_pb_row][\/et_pb_section]<\/p>","protected":false},"excerpt":{"rendered":"<p>Po\u0161aljite svoju prijavu. Uzbu\u0111eni smo \u0161to razmatrate \u0161kole Richmond Park za obrazovanje va\u0161eg djeteta. Da biste zapo\u010deli proces prijema, jednostavno popunite obrazac za prijavu ispod. Nakon \u0161to ga po\u0161aljete, \u010dlan na\u0161eg tima za prijem \u0107e vas uskoro kontaktirati kako bi vas vodio kroz sljede\u0107e korake. \u0160kole Richmond Park nude niz pogodnosti za upis, [\u2026]<\/p>","protected":false},"author":1,"featured_media":0,"parent":0,"menu_order":0,"comment_status":"closed","ping_status":"closed","template":"","meta":{"_et_pb_use_builder":"on","_et_pb_old_content":"<!-- wp:divi\/placeholder \/-->","_et_gb_content_width":"","iawp_total_views":177,"footnotes":""},"class_list":["post-242519","page","type-page","status-publish","hentry"],"_links":{"self":[{"href":"https:\/\/bihac.rps.edu.ba\/bs\/wp-json\/wp\/v2\/pages\/242519","targetHints":{"allow":["GET"]}}],"collection":[{"href":"https:\/\/bihac.rps.edu.ba\/bs\/wp-json\/wp\/v2\/pages"}],"about":[{"href":"https:\/\/bihac.rps.edu.ba\/bs\/wp-json\/wp\/v2\/types\/page"}],"author":[{"embeddable":true,"href":"https:\/\/bihac.rps.edu.ba\/bs\/wp-json\/wp\/v2\/users\/1"}],"replies":[{"embeddable":true,"href":"https:\/\/bihac.rps.edu.ba\/bs\/wp-json\/wp\/v2\/comments?post=242519"}],"version-history":[{"count":9,"href":"https:\/\/bihac.rps.edu.ba\/bs\/wp-json\/wp\/v2\/pages\/242519\/revisions"}],"predecessor-version":[{"id":242560,"href":"https:\/\/bihac.rps.edu.ba\/bs\/wp-json\/wp\/v2\/pages\/242519\/revisions\/242560"}],"wp:attachment":[{"href":"https:\/\/bihac.rps.edu.ba\/bs\/wp-json\/wp\/v2\/media?parent=242519"}],"curies":[{"name":"radni list","href":"https:\/\/api.w.org\/{rel}","templated":true}]}}