{"id":242343,"date":"2025-07-23T12:35:03","date_gmt":"2025-07-23T12:35:03","guid":{"rendered":"https:\/\/bihac.rps.edu.ba\/?page_id=242343"},"modified":"2025-09-15T12:15:58","modified_gmt":"2025-09-15T12:15:58","slug":"nasa-misija-i-vizija","status":"publish","type":"page","link":"https:\/\/bihac.rps.edu.ba\/bs\/nasa-misija-i-vizija\/","title":{"rendered":"Na\u0161a misija i vizija"},"content":{"rendered":"<p>[et_pb_section fb_built=\u201d1\u2033 fullwidth=\u201duklju\u010deno\u201d _builder_version=\u201d4.27.4\u2033 _module_preset=\u201dpodrazumevano\u201d global_colors_info=\u201d{}\u201d][et_pb_fullwidth_header title=\u201d@ET-DC@eyJkeW5hbWljIjp0cnVlLCJjb250ZW50IjoicG9zdF9saW5rIiwic2V0dGluZ3MiOnsiYmVmb3JlIjoiIiwiYWZ0ZXIiOiIiLCJ0ZXh0IjoicG9zdF90aXRsZSIsImN1c3RvbV90ZXh0IjoiIn19@\u201d _builder_version=\u201d4.27.4\u2033 _dynamic_attributes=\u201dnaslov\u201d _module_preset=\u201dpodrazumevano\u201d title_font=\u201d\u2013et_global_heading_font|700||na|||||\u201d title_font_size=\u201d54px\u201d title_font_size_tablet=\u201d50px\u201d title_font_size_phone=\u201d38px\u201d title_font_size_last_edited=\u201dna|telefonu\u201d global_colors_info=\u201d{}\u201d][\/et_pb_fullwidth_header][\/et_pb_section][et_pb_section fb_built=\u201d1\u2033 _builder_version=\u201d4.27.4\u2033 _module_preset=\u201ddefault\u201d bottom_divider_style=\u201darrow2\u2033 bottom_divider_color=\u201d#EB5E42\u2033 global_colors_info=\u201d{}\u201d][et_pb_row _builder_version=\u201d4.27.4\u2033 _module_preset=\u201ddefault\u201d global_colors_info=\u201d{}\u201d][et_pb_column type=\u201d4_4\u2033 _builder_version=\u201d4.27.4\u2033 _module_preset=\u201dzadano\u201d global_colors_info=\u201d{}\u201d][et_pb_text _builder_version=\u201d4.27.4\u2033 _module_preset=\u201dzadano\u201d global_colors_info=\u201d{}\u201d]<\/p>\n<h2><b>Misija, vizija i temeljne vrijednosti<\/b><b><\/b><\/h2>\n<p>[\/et_pb_text][\/et_pb_column][\/et_pb_row][et_pb_row custom_padding_last_edited=\u201dna|telefonu\u201d _builder_version=\u201d4.27.4\u2033 _module_preset=\u201ddefault\u201d background_color=\u201d#0E5058\u2033 background_image=\u201dhttps:\/\/bihac.rps.edu.ba\/wp-content\/uploads\/2025\/07\/DSC_0445-scaled-2.jpg\u201d background_blend=\u201doverlay\u201d custom_padding=\u201d3vw|5vw|3vw|5vw|true|true\u201d custom_padding_tablet=\u201d5vw|7vw|5vw|7vw|true|true\u201d custom_padding_phone=\u201d7vw|9vw|7vw|9vw|true|true\u201d global_colors_info=\u201d{}\u201d][et_pb_column type=\u201d4_4\u2033 _builder_version=\u201d4.27.4\u2033 _module_preset=\u201ddefault\u201d global_colors_info=\u201d{}\u201d][et_pb_text _builder_version=\u201d4.27.4\u2033 _module_preset=\u201ddefault\u201d background_layout=\u201ddark\u201d global_colors_info=\u201d{}\u201d]<\/p>\n<h3><b>MISIJA<\/b><\/h3>\n<p style=\"text-align: justify;\"><span style=\"font-weight: 400;\">Richmond Park Schools Biha\u0107 imaju za cilj osigurati inkluzivno okru\u017eenje za u\u010denje koje <\/span><b>njeguje, inspiri\u0161e i osna\u017euje<\/b><span style=\"font-weight: 400;\"> u\u010denike da ostvare svoj puni akademski, dru\u0161tveni i emocionalni potencijal. Kroz inovativne metode podu\u010davanja, zanimljive i izazovne programe oboga\u0107ivanja, personaliziranu pa\u017enju i saradnju s porodicama i zajednicom, njegujemo kriti\u010dko razmi\u0161ljanje, kreativnost i cjelo\u017eivotnu strast za u\u010denjem.<\/span><\/p>\n<p>[\/et_pb_text][\/et_pb_column][\/et_pb_row][et_pb_row custom_padding_last_edited=\u201dna|telefonu\u201d _builder_version=\u201d4.27.4\u2033 _module_preset=\u201ddefault\u201d background_color=\u201d#EB5E42\u2033 background_image=\u201dhttps:\/\/bihac.rps.edu.ba\/wp-content\/uploads\/2025\/07\/DSC_0056-scaled-2.jpg\u201d background_position=\u201dcenter_right\u201d background_blend=\u201dmno\u017ei\u201d custom_padding=\u201d3vw|5vw|3vw|5vw|true|true\u201d custom_padding_tablet=\u201d5vw|7vw|5vw|7vw|true|true\u201d custom_padding_phone=\u201d7vw|9vw|7vw|9vw|true|true\u201d global_colors_info=\u201d{}\u201d][et_pb_column type=\u201d4_4\u2033 _builder_version=\u201d4.27.4\u2033 _module_preset=\u201ddefault\u201d global_colors_info=\u201d{}\u201d][et_pb_text _builder_version=\u201d4.27.4\u2033 _module_preset=\u201ddefault\u201d background_layout=\u201ddark\u201d global_colors_info=\u201d{}\u201d]<\/p>\n<h3><b>VIZIJA<\/b><\/h3>\n<p style=\"text-align: justify;\"><span style=\"font-weight: 400;\">Vizija Richmond Park Schools Biha\u0107 je da njihove \u0161kole postanu najtra\u017eenije me\u0111unarodne \u0161kole koje obrazuju globalne gra\u0111ane koji su...<\/span><b> RICHER \u2013 odgovorni, inovativni, samouvjereni, \u010dasni, posve\u0107eni i promi\u0161ljeni\u2013 <\/b><span style=\"font-weight: 400;\">pripremljeni da uspijevaju u svijetu koji se stalno mijenja.<\/span><\/p>\n<p>[\/et_pb_text][\/et_pb_column][\/et_pb_row][et_pb_row _builder_version=\u201d4.27.4\u2033 _module_preset=\u201ddefault\u201d global_colors_info=\u201d{}\u201d][et_pb_column type=\u201d4_4\u2033 _builder_version=\u201d4.27.4\u2033 _module_preset=\u201ddefault\u201d global_colors_info=\u201d{}\u201d][et_pb_text _builder_version=\u201d4.27.4\u2033 _module_preset=\u201ddefault\u201d global_colors_info=\u201d{}\u201d]<\/p>\n<h5 data-start=\"347\" data-end=\"412\" style=\"text-align: center;\">Evo \u0161ta zna\u010di biti <strong>RICHER<\/strong> u Richmond Park Schools u Sarajevu:<\/h5>\n<p>[\/et_pb_text][\/et_pb_column][\/et_pb_row][et_pb_row column_structure=\u201d1_3,1_3,1_3\u2033 _builder_version=\u201d4.27.4\u2033 _module_preset=\u201ddefault\u201d global_colors_info=\u201d{}\u201d][et_pb_column type=\u201d1_3\u2033 _builder_version=\u201d4.27.4\u2033 _module_preset=\u201ddefault\u201d global_colors_info=\u201d{}\u201d][et_pb_blurb title=\u201dOdgovoran\u201d use_icon=\u201duklju\u010deno\u201d font_icon=\u201d\uf00c||fa||900\u2033 _builder_version=\u201d4.27.4\u2033 _module_preset=\u201ddefault\u201d header_font=\u201d|600||||||\u201d text_orientation=\u201dcenter\u201d global_colors_info=\u201d{}\u201d]<\/p>\n<p>Na\u0161i studenti preuzimaju odgovornost za svoje u\u010denje, postupke i utjecaj \u2013 lokalno i globalno.<\/p>\n<p>[\/et_pb_blurb][\/et_pb_column][et_pb_column type=\u201d1_3\u2033 _builder_version=\u201d4.27.4\u2033 _module_preset=\u201ddefault\u201d global_colors_info=\u201d{}\u201d][et_pb_blurb title=\u201dInovativno\u201d use_icon=\u201duklju\u010deno\u201d font_icon=\u201d\ue007||divi||400\u2033 icon_color=\u201d#EB5E42\u2033 _builder_version=\u201d4.27.4\u2033 _module_preset=\u201ddefault\u201d header_font=\u201d|600||||||\u201d text_orientation=\u201dcenter\u201d global_colors_info=\u201d{}\u201d]<\/p>\n<p>Podsti\u010demo radoznalost, kreativnost i strast za rje\u0161avanjem problema u dinami\u010dnom svijetu.<\/p>\n<p>[\/et_pb_blurb][\/et_pb_column][et_pb_column type=\u201d1_3\u2033 _builder_version=\u201d4.27.4\u2033 _module_preset=\u201ddefault\u201d global_colors_info=\u201d{}\u201d][et_pb_blurb title=\u201dSamouvjeren\u201d use_icon=\u201duklju\u010deno\u201d font_icon=\u201d\uf135||fa||900\u2033 _builder_version=\u201d4.27.4\u2033 _module_preset=\u201ddefault\u201d header_font=\u201d|600||||||\u201d text_orientation=\u201dcenter\u201d global_colors_info=\u201d{}\u201d]<\/p>\n<p>U\u010denici su osna\u017eeni da se izraze, preuzmu inicijativu i vode sa svrhom.<\/p>\n<p>[\/et_pb_blurb][\/et_pb_column][\/et_pb_row][et_pb_row column_structure=\u201d1_3,1_3,1_3\u2033 _builder_version=\u201d4.27.4\u2033 _module_preset=\u201ddefault\u201d global_colors_info=\u201d{}\u201d][et_pb_column type=\u201d1_3\u2033 _builder_version=\u201d4.27.4\u2033 _module_preset=\u201ddefault\u201d global_colors_info=\u201d{}\u201d][et_pb_blurb title=\u201dPo\u0161tovani\u201d use_icon=\u201don\u201d font_icon=\u201d\uf24e||fa||900\u2033 icon_color=\u201d#EB5E42\u2033 _builder_version=\u201d4.27.4\u2033 _module_preset=\u201ddefault\u201d header_font=\u201d|600|||||||\u201d text_orientation=\u201dcentar\u201d global_colors_info=\u201d{}\u201d]<\/p>\n<p>U sve \u0161to radimo usa\u0111ujemo vrijednosti po\u0161tenja, integriteta i po\u0161tovanja.<\/p>\n<p>[\/et_pb_blurb][\/et_pb_column][et_pb_column type=\u201d1_3\u2033 _builder_version=\u201d4.27.4\u2033 _module_preset=\u201ddefault\u201d global_colors_info=\u201d{}\u201d][et_pb_blurb title=\u201dAnga\u017eirano\u201d use_icon=\u201duklju\u010deno\u201d font_icon=\u201d\uf4c4||fa||900\u2033 _builder_version=\u201d4.27.4\u2033 _module_preset=\u201ddefault\u201d header_font=\u201d|600||||||\u201d text_orientation=\u201dcenter\u201d global_colors_info=\u201d{}\u201d]<\/p>\n<p>Aktivni u\u010desnici u svom u\u010denju i zajednicama, na\u0161i u\u010denici prave razliku.<\/p>\n<p>[\/et_pb_blurb][\/et_pb_column][et_pb_column type=\u201d1_3\u2033 _builder_version=\u201d4.27.4\u2033 _module_preset=\u201ddefault\u201d global_colors_info=\u201d{}\u201d][et_pb_blurb title=\u201dReflektiraju\u0107e\u201d use_icon=\u201duklju\u010deno\u201d font_icon=\u201d\uf110||fa||900\u2033 icon_color=\u201d#EB5E42\u2033 _builder_version=\u201d4.27.4\u2033 _module_preset=\u201ddefault\u201d header_font=\u201d|600||||||\u201d text_orientation=\u201dcenter\u201d global_colors_info=\u201d{}\u201d]<\/p>\n<p>Usmjeravamo u\u010denike da sami procjenjuju svoj rad, u\u010de iz iskustva i promi\u0161ljeno se prilago\u0111avaju.<\/p>\n<p>[\/et_pb_blurb][\/et_pb_column][\/et_pb_row][\/et_pb_section][et_pb_section fb_built=&#8221;1&#8243; fullwidth=&#8221;on&#8221; _builder_version=&#8221;4.27.4&#8243; _module_preset=&#8221;default&#8221; background_image=&#8221;https:\/\/bihac.rps.edu.ba\/wp-content\/uploads\/2025\/07\/rps_digital_poly-2-min-1.png&#8221; top_divider_style=&#8221;slant2&#8243; top_divider_color=&#8221;#EB5E42&#8243; global_colors_info=&#8221;{}&#8221;][et_pb_fullwidth_header title=&#8221;Shaping Global Citizens in Bosnia and Herzegovina Since 1996&#8243; subhead=&#8221;Richmond Park Education is a leading group of international, English-speaking schools across Bosnia and Herzegovina: Sarajevo, Tuzla, Biha\u0107, Cazin and \u017divinice \u2014 empowering students through innovation, academic excellence, and a global mindset. Richmond Park Education is owned by Stirling Education, a provider of first-class education across the globe with the corporate head office located in London, United Kingdom.&#8221; button_one_url=&#8221;https:\/\/rps.edu.ba\/about-us\/&#8221; button_two_text=&#8221;Learn more&#8221; button_two_url=&#8221;@ET-DC@eyJkeW5hbWljIjp0cnVlLCJjb250ZW50IjoicG9zdF9saW5rX3VybF9wYWdlIiwic2V0dGluZ3MiOnsicG9zdF9pZCI6IjUwIn19@&#8221; background_overlay_color=&#8221;RGBA(255,255,255,0)&#8221; header_image_url=&#8221;https:\/\/bihac.rps.edu.ba\/wp-content\/uploads\/2025\/07\/sarajevo-campus-1.jpg&#8221; _builder_version=&#8221;4.27.4&#8243; _dynamic_attributes=&#8221;button_two_url&#8221; _module_preset=&#8221;default&#8221; title_font=&#8221;&#8211;et_global_heading_font|700|||||||&#8221; title_text_align=&#8221;left&#8221; content_text_align=&#8221;justify&#8221; subhead_text_align=&#8221;justify&#8221; subhead_font_size=&#8221;19px&#8221; background_color=&#8221;RGBA(255,255,255,0)&#8221; background_enable_image=&#8221;off&#8221; background_blend=&#8221;overlay&#8221; button_one_icon=&#8221;&#x22;||divi||400&#8243; background_layout=&#8221;light&#8221; content_font_size_tablet=&#8221;&#8221; content_font_size_phone=&#8221;&#8221; content_font_size_last_edited=&#8221;on|desktop&#8221; subhead_font_size_tablet=&#8221;16px&#8221; subhead_font_size_phone=&#8221;&#8221; subhead_font_size_last_edited=&#8221;on|phone&#8221; global_colors_info=&#8221;{}&#8221;][\/et_pb_fullwidth_header][\/et_pb_section][et_pb_section fb_built=&#8221;1&#8243; prev_background_color=&#8221;#ffffff&#8221; next_background_color=&#8221;#ffffff&#8221; admin_label=&#8221;Call to Action&#8221; _builder_version=&#8221;4.27.4&#8243; _module_preset=&#8221;default&#8221; background_color=&#8221;#0E5058&#8243; background_enable_image=&#8221;off&#8221; custom_padding=&#8221;5vw||5vw||true|false&#8221; top_divider_style=&#8221;curve2&#8243; top_divider_height_tablet=&#8221;&#8221; top_divider_height_phone=&#8221;58px&#8221; top_divider_height_last_edited=&#8221;on|phone&#8221; bottom_divider_style=&#8221;curve2&#8243; bottom_divider_flip=&#8221;vertical&#8221; bottom_divider_height_tablet=&#8221;&#8221; bottom_divider_height_phone=&#8221;58px&#8221; bottom_divider_height_last_edited=&#8221;on|phone&#8221; locked=&#8221;off&#8221; collapsed=&#8221;off&#8221; global_colors_info=&#8221;{%22gcid-36fd78a7-34bc-404d-873c-dafa34efaae5%22:%91%22background_color%22%93}&#8221;][et_pb_row _builder_version=&#8221;4.24.3&#8243; _module_preset=&#8221;5138c454-be54-4233-bd3b-f8e6a8747976&#8243; locked=&#8221;off&#8221; global_colors_info=&#8221;{}&#8221;][et_pb_column type=&#8221;4_4&#8243; _builder_version=&#8221;4.18.0&#8243; _module_preset=&#8221;73121f80-a3ef-4484-8763-c3f18e3c56d2&#8243; global_colors_info=&#8221;{}&#8221;][et_pb_cta title=&#8221;Join the Richmond Park Biha\u0107 Community&#8221; button_url=&#8221;@ET-DC@eyJkeW5hbWljIjp0cnVlLCJjb250ZW50IjoicG9zdF9saW5rX3VybF9wYWdlIiwic2V0dGluZ3MiOnsicG9zdF9pZCI6IjI0MjMxNyJ9fQ==@&#8221; button_text=&#8221;Find Your Place with Us&#8221; _builder_version=&#8221;4.27.4&#8243; _dynamic_attributes=&#8221;button_url&#8221; _module_preset=&#8221;4c2ad5d0-871e-414e-a4be-aa9134d4ae8e&#8221; header_font=&#8221;Montserrat|Montserrat_weight|||||||&#8221; header_text_color=&#8221;gcid-heading-color&#8221; header_font_size=&#8221;50px&#8221; header_line_height=&#8221;1.2em&#8221; body_font=&#8221;Lato||||||||&#8221; body_text_color=&#8221;gcid-body-color&#8221; body_line_height=&#8221;1.75em&#8221; background_color=&#8221;#FFFFFA&#8221; custom_button=&#8221;on&#8221; button_text_size=&#8221;14px&#8221; button_text_color=&#8221;#FFFFFF&#8221; button_bg_color=&#8221;#0E5058&#8243; button_border_width=&#8221;0px&#8221; button_border_radius=&#8221;100px&#8221; button_font=&#8221;&#8211;et_global_heading_font|700|||||||&#8221; button_use_icon=&#8221;off&#8221; button_alignment=&#8221;center&#8221; button_custom_padding=&#8221;12px|24px|12px|24px|true|true&#8221; background_layout=&#8221;light&#8221; custom_padding=&#8221;60px|60px|60px|60px|true|true&#8221; custom_padding_tablet=&#8221;30px|30px|30px|30px|true|true&#8221; custom_padding_phone=&#8221;20px|20px|20px|20px|true|true&#8221; custom_padding_last_edited=&#8221;on|desktop&#8221; header_font_size_tablet=&#8221;28px&#8221; header_font_size_phone=&#8221;20px&#8221; header_font_size_last_edited=&#8221;on|phone&#8221; body_font_size_tablet=&#8221;16px&#8221; body_font_size_phone=&#8221;14px&#8221; body_font_size_last_edited=&#8221;on|phone&#8221; border_radii=&#8221;on|6px|6px|6px|6px&#8221; box_shadow_style=&#8221;preset3&#8243; box_shadow_vertical=&#8221;24px&#8221; box_shadow_blur=&#8221;72px&#8221; box_shadow_spread=&#8221;-12px&#8221; box_shadow_color=&#8221;rgba(0,0,0,0.12)&#8221; locked=&#8221;off&#8221; global_colors_info=&#8221;{%22gcid-36fd78a7-34bc-404d-873c-dafa34efaae5%22:%91%22color%22,%22background_color%22%93,%22gcid-7cadd8b3-5228-48e4-90c4-212d09232f7b%22:%91%22color%22,%22color%22,%22color%22,%22color%22%93,%22gcid-f113ad93-2527-46d7-862b-fc71181c6b5e%22:%91%22border_color_all%22,%22border_color_all%22%93}&#8221; text_font_size_tablet=&#8221;16px&#8221; text_font_size_phone=&#8221;14px&#8221; text_font_size_last_edited=&#8221;on|phone&#8221;]<\/p>\n<p data-start=\"1068\" data-end=\"1296\">Mi smo vi\u0161e od \u0161kole - mi smo mjesto gdje u\u010denici napreduju, porodice se povezuju i oblikuje budu\u0107nost. Otkrijte kako \u0161kole Richmond Park u Sarajevu mogu biti pravi izbor za va\u0161u porodicu.<\/p>\n<p>[\/et_pb_cta][\/et_pb_column][\/et_pb_row][\/et_pb_section]<\/p>","protected":false},"excerpt":{"rendered":"<p>Misija, vizija i temeljne vrijednosti MISIJA \u0160kole Richmond Park u Biha\u0107u imaju za cilj pru\u017eiti inkluzivno okru\u017eenje za u\u010denje koje njeguje, inspirira i osna\u017euje u\u010denike da ostvare svoj puni akademski, dru\u0161tveni i emocionalni potencijal. Kroz inovativne metode podu\u010davanja, zanimljive i izazovne programe oboga\u0107ivanja, personaliziranu pa\u017enju i saradnju s porodicama i zajednicom, njegujemo kriti\u010dko razmi\u0161ljanje, kreativnost, [\u2026]<\/p>","protected":false},"author":1,"featured_media":0,"parent":0,"menu_order":0,"comment_status":"closed","ping_status":"closed","template":"","meta":{"_et_pb_use_builder":"on","_et_pb_old_content":"<!-- wp:divi\/placeholder \/-->","_et_gb_content_width":"","iawp_total_views":142,"footnotes":""},"class_list":["post-242343","page","type-page","status-publish","hentry"],"_links":{"self":[{"href":"https:\/\/bihac.rps.edu.ba\/bs\/wp-json\/wp\/v2\/pages\/242343","targetHints":{"allow":["GET"]}}],"collection":[{"href":"https:\/\/bihac.rps.edu.ba\/bs\/wp-json\/wp\/v2\/pages"}],"about":[{"href":"https:\/\/bihac.rps.edu.ba\/bs\/wp-json\/wp\/v2\/types\/page"}],"author":[{"embeddable":true,"href":"https:\/\/bihac.rps.edu.ba\/bs\/wp-json\/wp\/v2\/users\/1"}],"replies":[{"embeddable":true,"href":"https:\/\/bihac.rps.edu.ba\/bs\/wp-json\/wp\/v2\/comments?post=242343"}],"version-history":[{"count":7,"href":"https:\/\/bihac.rps.edu.ba\/bs\/wp-json\/wp\/v2\/pages\/242343\/revisions"}],"predecessor-version":[{"id":243132,"href":"https:\/\/bihac.rps.edu.ba\/bs\/wp-json\/wp\/v2\/pages\/242343\/revisions\/243132"}],"wp:attachment":[{"href":"https:\/\/bihac.rps.edu.ba\/bs\/wp-json\/wp\/v2\/media?parent=242343"}],"curies":[{"name":"radni list","href":"https:\/\/api.w.org\/{rel}","templated":true}]}}