{"id":242327,"date":"2025-07-23T12:29:41","date_gmt":"2025-07-23T12:29:41","guid":{"rendered":"https:\/\/bihac.rps.edu.ba\/?page_id=242327"},"modified":"2025-09-29T11:06:01","modified_gmt":"2025-09-29T11:06:01","slug":"vrtici","status":"publish","type":"page","link":"https:\/\/bihac.rps.edu.ba\/bs\/vrtici\/","title":{"rendered":"Pregled"},"content":{"rendered":"<p>[et_pb_section fb_built=&#8221;1&#8243; fullwidth=&#8221;on&#8221; _builder_version=&#8221;4.27.4&#8243; _module_preset=&#8221;default&#8221; scroll_blur_enable=&#8221;on&#8221; global_colors_info=&#8221;{}&#8221;][et_pb_fullwidth_header title=&#8221;Richmond Park Biha\u0107 Preschools&#8221; subhead=&#8221;A caring, bilingual, play-based preschool for children aged 1\u20136&#8243; text_orientation=&#8221;center&#8221; header_fullscreen=&#8221;on&#8221; button_one_text=&#8221;Schedule a Visit&#8221; button_one_url=&#8221;@ET-DC@eyJkeW5hbWljIjp0cnVlLCJjb250ZW50IjoicG9zdF9saW5rX3VybF9wYWdlIiwic2V0dGluZ3MiOnsicG9zdF9pZCI6IjI0MjMyMyJ9fQ==@&#8221; button_two_text=&#8221;Apply Now&#8221; button_two_url=&#8221;@ET-DC@eyJkeW5hbWljIjp0cnVlLCJjb250ZW50IjoicG9zdF9saW5rX3VybF9wYWdlIiwic2V0dGluZ3MiOnsicG9zdF9pZCI6IjI0MjUxOSJ9fQ==@&#8221; _builder_version=&#8221;4.27.4&#8243; _dynamic_attributes=&#8221;button_one_url,button_two_url&#8221; _module_preset=&#8221;default&#8221; title_font=&#8221;Questrial|700|||||||&#8221; title_text_align=&#8221;center&#8221; title_font_size=&#8221;60px&#8221; content_font=&#8221;||||||||&#8221; subhead_font=&#8221;||||||||&#8221; subhead_font_size=&#8221;20px&#8221; background_image=&#8221;https:\/\/bihac.rps.edu.ba\/wp-content\/uploads\/2025\/09\/vrtic-cazin.jpg&#8221; background_enable_video_mp4=&#8221;off&#8221; background_video_pause_outside_viewport=&#8221;off&#8221; custom_button_two=&#8221;on&#8221; button_two_bg_color=&#8221;RGBA(255,255,255,0)&#8221; title_font_size_tablet=&#8221;60px&#8221; title_font_size_phone=&#8221;35px&#8221; title_font_size_last_edited=&#8221;on|desktop&#8221; subhead_font_size_tablet=&#8221;20px&#8221; subhead_font_size_phone=&#8221;18px&#8221; subhead_font_size_last_edited=&#8221;on|tablet&#8221; custom_css_before=&#8221;content:%22%22;||display: block;||position: absolute;||top: 0;||left: 0;||width: 100%;||height: 100%;||background-image: linear-gradient(||142deg||,rgba(14, 81, 88,0.51) 0%,#1f544e 100%)!important;||z-index: 1;&#8221; title_text_shadow_style=&#8221;preset1&#8243; global_colors_info=&#8221;{}&#8221; button_two_bg_color__hover_enabled=&#8221;on|hover&#8221; button_two_bg_color__hover=&#8221;#EB5E42&#8243; button_two_bg_enable_color__hover=&#8221;on&#8221;][\/et_pb_fullwidth_header][\/et_pb_section][et_pb_section fb_built=&#8221;1&#8243; _builder_version=&#8221;4.27.4&#8243; _module_preset=&#8221;default&#8221; top_divider_color=&#8221;#0E5058&#8243; bottom_divider_style=&#8221;curve2&#8243; bottom_divider_color=&#8221;#0E5058&#8243; bottom_divider_arrangement=&#8221;below_content&#8221; bottom_divider_style_tablet=&#8221;curve2&#8243; bottom_divider_style_phone=&#8221;curve2&#8243; bottom_divider_style_last_edited=&#8221;on|phone&#8221; animation_style=&#8221;fade&#8221; animation_direction=&#8221;top&#8221; animation_speed_curve=&#8221;ease-in&#8221; global_colors_info=&#8221;{}&#8221;][et_pb_row _builder_version=&#8221;4.27.4&#8243; _module_preset=&#8221;default&#8221; global_colors_info=&#8221;{}&#8221;][et_pb_column type=&#8221;4_4&#8243; _builder_version=&#8221;4.27.4&#8243; _module_preset=&#8221;default&#8221; global_colors_info=&#8221;{}&#8221;][et_pb_text _builder_version=&#8221;4.27.4&#8243; _module_preset=&#8221;default&#8221; header_font=&#8221;&#8211;et_global_heading_font|800||on|||||&#8221; global_colors_info=&#8221;{}&#8221;]<\/p>\n<h1 style=\"text-align: center;\">Svako dijete treba priliku za topao i kvalitetan po\u010detak<\/h1>\n<p>[\/et_pb_text][et_pb_text _builder_version=\u201d4.27.4\u2033 _module_preset=\u201ddefault\u201d text_font=\u201d\u2013et_global_body_font||||||||\u201d text_font_size=\u201d19px\u201d header_font=\u201d\u2013et_global_heading_font|800||uklju\u010deno|||||\u201d text_font_size_tablet=\u201d19px\u201d text_font_size_phone=\u201d19px\u201d text_font_size_last_edited=\u201duklju\u010deno|telefon\u201d text_orientation_last_edited=\u201disklju\u010deno|desktop\u201d global_colors_info=\u201d{}\u201d]<\/p>\n<p style=\"text-align: justify;\"><span style=\"font-weight: 400;\">U pred\u0161kolskim ustanovama Richmond Park vjerujemo da je rano djetinjstvo vrijeme radosnih otkri\u0107a. Na\u0161 pristup poti\u010de djecu da rastu dru\u0161tveno, emocionalno i kognitivno kroz igru, istra\u017eivanje i brigu. Podr\u017eavamo svako dijete da napreduje svojim tempom, u dvojezi\u010dnom okru\u017eenju koje spaja strukturu s ma\u0161tom.<\/span><\/p>\n<p>[\/et_pb_text][\/et_pb_column][\/et_pb_row][et_pb_row column_structure=\u201d1_4,1_4,1_4,1_4\u2033 _builder_version=\u201d4.27.4\u2033 _module_preset=\u201ddefault\u201d global_colors_info=\u201d{}\u201d][et_pb_column type=\u201d1_4\u2033 _builder_version=\u201d4.27.4\u2033 _module_preset=\u201ddefault\u201d global_colors_info=\u201d{}\u201d][et_pb_blurb title=\u201dUranjanje u engleski jezik s podr\u0161kom za bosanski\u201d use_icon=\u201don\u201d font_icon=\u201dN||divi||400\u2033 icon_placement=\u201dleft\u201d _builder_version=\u201d4.27.4\u2033 _module_preset=\u201ddefault\u201d global_colors_info=\u201d{}\u201d][\/et_pb_blurb][\/et_pb_column][et_pb_column type=\u201d1_4\u2033 _builder_version=\u201d4.27.4\u2033 _module_preset=\u201ddefault\u201d global_colors_info=\u201d{}\u201d][et_pb_blurb title=\u201dSigurne, inspirativne u\u010dionice za uzrast 1\u20136\u2033 use_icon=\u201don\u201d font_icon=\u201dN||divi||400\u2033 icon_placement=\u201dleft\u201d _builder_version=\u201d4.27.4\u2033 _module_preset=\u201ddefault\u201d global_colors_info=\u201d{}\u201d][\/et_pb_blurb][\/et_pb_column][et_pb_column type=\u201d1_4\u2033 _builder_version=\u201d4.27.4\u2033 _module_preset=\u201ddefault\u201d global_colors_info=\u201d{}\u201d][et_pb_blurb title=\u201dDnevno rutine koje balansiraju u\u010denje, odmor i igru\u201d use_icon=\u201don\u201d font_icon=\u201dN||divi||400\u2033 icon_placement=\u201dleft\u201d _builder_version=\u201d4.27.4\u2033 _module_preset=\u201ddefault\u201d global_colors_info=\u201d{}\u201d][\/et_pb_blurb][\/et_pb_column][et_pb_column type=\u201d1_4\u2033 _builder_version=\u201d4.27.4\u2033 _module_preset=\u201ddefault\u201d global_colors_info=\u201d{}\u201d][et_pb_blurb title=\u201dSna\u017eno partnerstvo roditelja i edukatora\u201d use_icon=\u201don\u201d font_icon=\u201dN||divi||400\u2033 icon_placement=\u201dleft\u201d _builder_version=\u201d4.27.4\u2033 _module_preset=\u201ddefault\u201d global_colors_info=\u201d{}\u201d][\/et_pb_blurb][\/et_pb_column][\/et_pb_row][\/et_pb_section][et_pb_section fb_built=\u201d1\u2033 custom_padding_last_edited=\u201dna|telefonu\u201d _builder_version=\u201d4.27.4\u2033 _module_preset=\u201dpodrazumevano\u201d custom_padding=\u201d7%||0px||false|false\u201d custom_padding_tablet=\u201d11%||||false|false\u201d custom_padding_phone=\u201d22%||||false|false\u201d top_divider_style=\u201darrow2\u2033 top_divider_color=\u201d#0E5058\u2033 global_colors_info=\u201d{}\u201d][et_pb_row _builder_version=\u201d4.27.4\u2033 _module_preset=\u201dpodrazumevano\u201d global_colors_info=\u201d{}\u201d][et_pb_column type=\u201d4_4\u2033 _builder_version=\u201d4.27.4\u2033 _module_preset=\u201ddefault\u201d global_colors_info=\u201d{}\u201d][et_pb_text _builder_version=\u201d4.27.4\u2033 _module_preset=\u201ddefault\u201d header_font=\u201d\u2013et_global_heading_font|800||uklju\u010deno|||||\u201d hover_enabled=\u201d0\u2033 global_colors_info=\u201d{}\u201d sticky_enabled=\u201d0\u2033]<\/p>\n<h1 style=\"text-align: center;\">Dvije lokacije<\/h1>\n<p>[\/et_pb_text][et_pb_text _builder_version=\u201d4.27.4\u2033 _module_preset=\u201ddefault\u201d text_font=\u201d\u2013et_global_body_font||||||||\u201d text_font_size=\u201d19px\u201d header_font=\u201d\u2013et_global_heading_font|800||uklju\u010deno|||||\u201d hover_enabled=\u201d0\u2033 text_font_size_tablet=\u201d19px\u201d text_font_size_phone=\u201d19px\u201d text_font_size_last_edited=\u201duklju\u010deno|telefon\u201d text_orientation_last_edited=\u201disklju\u010deno|desktop\u201d global_colors_info=\u201d{}\u201d sticky_enabled=\u201d0\u2033]<\/p>\n<p style=\"text-align: justify;\" class=\"translation-block\"><span style=\"font-weight: 400\">Na\u0161i vrti\u0107i u <\/span><span style=\"font-weight: 400\"><b>Biha\u0107u <\/b><\/span><span style=\"font-weight: 400\">i <\/span><span style=\"font-weight: 400\"><b>Cazinu <\/b><\/span><span style=\"font-weight: 400\">prate isti obrazovni program i vrijednosti. Oba kampusa imaju u\u010dionice prilago\u0111ene uzrastu djece, vanjske prostore i ljubazno osoblje posve\u0107eno stvaranju toplog i poticajnog okru\u017eenja za male u\u010denike.<\/span><\/p>\n<p>[\/et_pb_text][\/et_pb_column][\/et_pb_row][\/et_pb_section][et_pb_section fb_built=\u201d1\u2033 admin_label=\u201dNajpopularnije kategorije\u201d _builder_version=\u201d4.27.4\u2033 _module_preset=\u201ddefault\u201d overflow-x=\u201dskriveno\u201d overflow-y=\u201dskriveno\u201d custom_padding=\u201d0px|||||\u201d bottom_divider_style=\u201dcurve2\u2033 bottom_divider_color=\u201d#EB5E42\u2033 bottom_divider_height_last_edited=\u201doff|desktop\u201d collapsed=\u201doff\u201d global_colors_info=\u201d{}\u201d bottom_divider_height__hover_enabled=\u201doff|desktop\u201d][et_pb_row column_structure=\u201d1_2,1_2\u2033 _builder_version=\u201d4.27.4\u2033 _module_preset=\u201ddefault\u201d hover_enabled=\u201d0\u2033 global_colors_info=\u201d{}\u201d sticky_enabled=\u201d0\u2033][et_pb_column type=\u201d1_2\u2033 _builder_version=\u201d4.27.4\u2033 _module_preset=\u201ddefault\u201d global_colors_info=\u201d{}\u201d][et_pb_blurb title=\u201dPred\u0161kolska ustanova Biha\u0107\u201d image=\u201dhttps:\/\/bihac.rps.edu.ba\/wp-content\/uploads\/2025\/09\/richmond-park-preschool-bihac-1024\u00d7768.jpg\u201d alt=\u201d\u0160kole Richmond Parka, kampus Biha\u0107\u201d _builder_version=\u201d4.27.4\u2033 _module_preset=\u201ddefault\u201d hover_enabled=\u201d0\u2033 global_colors_info=\u201d{}\u201d title_text=\u201dPred\u0161kolska ustanova Richmond Park Biha\u0107\u201d sticky_enabled=\u201d0\u2033][\/et_pb_blurb][\/et_pb_column][et_pb_column type=\u201d1_2\u2033 _builder_version=\u201d4.27.4\u2033 _module_preset=\u201ddefault\u201d global_colors_info=\u201d{}\u201d][et_pb_blurb title=\u201dPred\u0161kolska ustanova Cazin\u201d image=\u201dhttps:\/\/bihac.rps.edu.ba\/wp-content\/uploads\/2025\/09\/richmond-park-preschool-cazin.jpg\u201d alt=\u201d\u0160kole Richmond Parka, kampus Biha\u0107\u201d _builder_version=\u201d4.27.4\u2033 _module_preset=\u201ddefault\u201d hover_enabled=\u201d0\u2033 global_colors_info=\u201d{}\u201d title_text=\u201dPred\u0161kolska ustanova Richmond Park Cazin\u201d sticky_enabled=\u201d0\u2033][\/et_pb_blurb][\/et_pb_column][\/et_pb_row][\/et_pb_section][et_pb_section fb_built=\u201d1\u2033 _builder_version=\u201d4.27.4\u2033 _module_preset=\u201ddefault\u201d min_height=\u201d100px\u201d custom_margin=\u201d0px||||false|false\u201d custom_padding=\u201d0px||0px|||\u201d top_divider_style=\u201dstrelica\u201d top_divider_color=\u201d#EB5E42\u2033 top_divider_height=\u201d98px\u201d top_divider_repeat=\u201d1x\u201d top_divider_height_tablet=\u201d117px\u201d top_divider_height_phone=\u201d119px\u201d top_divider_height_last_edited=\u201dna|telefonu\u201d collapsed=\u201duklju\u010deno\u201d global_colors_info=\u201d{}\u201d][\/et_pb_section][et_pb_section fb_built=\u201d1\u2033 _builder_version=\u201d4.27.4\u2033 _module_preset=\u201ddefault\u201d background_color=\u201d#FFFFFF\u201d top_divider_color=\u201d#EB5E42\u2033 bottom_divider_style=\u201dcurve2\u2033 bottom_divider_color=\u201d#0E5058\u2033 global_colors_info=\u201d{}\u201d][et_pb_row column_structure=\u201d3_5,2_5\u2033 _builder_version=\u201d4.27.4\u2033 _module_preset=\u201ddefault\u201d global_colors_info=\u201d{}\u201d][et_pb_column type=\u201d3_5\u2033 _builder_version=\u201d4.27.4\u2033 _module_preset=\u201ddefault\u201d global_colors_info=\u201d{}\u201d][et_pb_text _builder_version=\u201d4.27.4\u2033 _module_preset=\u201ddefault\u201d hover_enabled=\u201d0\u2033 global_colors_info=\u201d{}\u201d sticky_enabled=\u201d0\u2033]<\/p>\n<h2><b>Kvalifikovani, bri\u017eni edukatori<\/b><\/h2>\n<p><span style=\"font-weight: 400;\">Na\u0161i nastavnici su strastveni stru\u010dnjaci za rano djetinjstvo koji kombiniraju stru\u010dnost s empatijom. Vode\u0107i odgajatelji imaju univerzitetske diplome iz pred\u0161kolskog obrazovanja, a svo osoblje je obu\u010deno za razvoj djeteta, sigurnost i podu\u010davanje engleskog jezika.<\/span><\/p>\n<p class=\"translation-block\"><b><span style=\"font-weight: 400\">Osiguravamo da svako dijete dobije potrebnu pa\u017enju i brigu. Na\u0161 tim je pa\u017eljivo odabran, kontinuirano se usavr\u0161ava i u potpunosti je posve\u0107en pomaganju svakom djetetu da napreduje.<\/span><\/b><\/p>\n<p>[\/et_pb_text][\/et_pb_column][et_pb_column type=\u201d2_5\u2033 _builder_version=\u201d4.27.4\u2033 _module_preset=\u201ddefault\u201d global_colors_info=\u201d{}\u201d][et_pb_image src=\u201dhttps:\/\/bihac.rps.edu.ba\/wp-content\/uploads\/2025\/09\/richmond-park-preschool-cazin-students.jpg\u201d title_text=\u201du\u010denici pred\u0161kolske ustanove richmond park cazin\u201d _builder_version=\u201d4.27.4\u2033 _module_preset=\u201ddefault\u201d hover_enabled=\u201d0\u2033 global_colors_info=\u201d{}\u201d sticky_enabled=\u201d0\u2033][\/et_pb_image][\/et_pb_column][\/et_pb_row][et_pb_row _builder_version=\u201d4.27.4\u2033 _module_preset=\u201ddefault\u201d global_colors_info=\u201d{}\u201d][et_pb_column type=\u201d4_4\u2033 _builder_version=\u201d4.27.4\u2033 _module_preset=\u201ddefault\u201d global_colors_info=\u201d{}\u201d][et_pb_text _builder_version=\u201d4.27.4\u2033 _module_preset=\u201ddefault\u201d header_font=\u201d\u2013et_global_heading_font|800||na|||||\u201d global_colors_info=\u201d{}\u201d]<\/p>\n<h2 style=\"text-align: center;\"><strong>Zajedno s porodicama<\/strong><\/h2>\n<p>[\/et_pb_text][et_pb_text _builder_version=\u201d4.27.4\u2033 _module_preset=\u201ddefault\u201d global_colors_info=\u201d{}\u201d]<\/p>\n<p style=\"text-align: center;\"><span style=\"font-weight: 400;\">Gradimo sna\u017ene odnose s roditeljima kroz otvorenu komunikaciju, redovna a\u017euriranja i zajedni\u010dke aktivnosti. Roditelji dobijaju:<\/span><\/p>\n<p>[\/et_pb_text][\/et_pb_column][\/et_pb_row][et_pb_row column_structure=\u201d1_3,1_3,1_3\u2033 _builder_version=\u201d4.27.4\u2033 _module_preset=\u201ddefault\u201d global_colors_info=\u201d{}\u201d][et_pb_column type=\u201d1_3\u2033 _builder_version=\u201d4.27.4\u2033 _module_preset=\u201ddefault\u201d global_colors_info=\u201d{}\u201d][et_pb_blurb title=\u201dPristup SchoolMind platformi\u201d use_icon=\u201don\u201d font_icon=\u201d\ue00b||divi||400\u2033 _builder_version=\u201d4.27.4\u2033 _module_preset=\u201ddefault\u201d header_font=\u201d|600|||||||\u201d text_orientation=\u201dcenter\u201d global_colors_info=\u201d{}\u201d][\/et_pb_blurb][\/et_pb_column][et_pb_column type=\u201d1_3\u2033 _builder_version=\u201d4.27.4\u2033 _module_preset=\u201ddefault\u201d global_colors_info=\u201d{}\u201d][et_pb_blurb title=\u201dPosjete otvorenih vrata i porodi\u010dne radionice\u201d use_icon=\u201don\u201d font_icon=\u201d\ue089||divi||400\u2033 icon_color=\u201d#EB5E42\u2033 _builder_version=\u201d4.27.4\u2033 _module_preset=\u201ddefault\u201d header_font=\u201d|600|||||||\u201d background_color=\u201dRGBA(255,255,255,0)\u201d text_orientation=\u201dcenter\u201d global_colors_info=\u201d{}\u201d][\/et_pb_blurb][\/et_pb_column][et_pb_column type=\u201d1_3\u2033 _builder_version=\u201d4.27.4\u2033 _module_preset=\u201ddefault\u201d global_colors_info=\u201d{}\u201d][et_pb_blurb title=\u201dTeku\u0107a komunikacija s edukatorima\u201d use_icon=\u201don\u201d font_icon=\u201d\uf57c||fa||900\u2033 icon_color=\u201d#0E5058\u2033 _builder_version=\u201d4.27.4\u2033 _module_preset=\u201ddefault\u201d header_font=\u201d|600|||||||\u201d text_orientation=\u201dcentar\u201d global_colors_info=\u201d{}\u201d][\/et_pb_blurb][\/et_pb_column][\/et_pb_row][\/et_pb_section][et_pb_section fb_built=\u201d1\u2033 _builder_version=\u201d4.27.4\u2033 _module_preset=\u201ddefault\u201d background_color=\u201d#FFFFFF\u201d top_divider_style=\u201dcurve2\u2033 top_divider_color=\u201d#0E5058\u2033 top_divider_flip=\u201dvertikalan\u201d bottom_divider_color=\u201d#EB5E42\u2033 global_colors_info=\u201d{}\u201d][et_pb_row _builder_version=\u201d4.27.4\u2033 _module_preset=\u201ddefault\u201d global_colors_info=\u201d{}\u201d][et_pb_column type=\u201d4_4\u2033 _builder_version=\u201d4.27.4\u2033 _module_preset=\u201dpodrazumevano\u201d global_colors_info=\u201d{}\u201d][et_pb_text _builder_version=\u201d4.27.4\u2033 _module_preset=\u201dpodrazumevano\u201d global_colors_info=\u201d{}\u201d]<\/p>\n<h2 style=\"text-align: center;\"><b>Za\u0161to roditelji biraju pred\u0161kolske ustanove u Richmond Parku<\/b><\/h2>\n<p>[\/et_pb_text][\/et_pb_column][\/et_pb_row][et_pb_row column_structure=&#8221;1_6,1_6,1_6,1_6,1_6,1_6&#8243; _builder_version=&#8221;4.27.4&#8243; _module_preset=&#8221;default&#8221; global_colors_info=&#8221;{}&#8221;][et_pb_column type=&#8221;1_6&#8243; _builder_version=&#8221;4.27.4&#8243; _module_preset=&#8221;default&#8221; global_colors_info=&#8221;{}&#8221;][et_pb_blurb title=&#8221;Thematic, project-based activities&#8221; use_icon=&#8221;on&#8221; font_icon=&#8221;&#xf1ae;||fa||900&#8243; _builder_version=&#8221;4.27.4&#8243; _module_preset=&#8221;default&#8221; text_orientation=&#8221;center&#8221; global_colors_info=&#8221;{}&#8221;][\/et_pb_blurb][\/et_pb_column][et_pb_column type=&#8221;1_6&#8243; _builder_version=&#8221;4.27.4&#8243; _module_preset=&#8221;default&#8221; global_colors_info=&#8221;{}&#8221;][et_pb_blurb title=&#8221;Art, music, and movement every day&#8221; use_icon=&#8221;on&#8221; font_icon=&#8221;&#xf53f;||fa||900&#8243; icon_color=&#8221;#EB5E42&#8243; _builder_version=&#8221;4.27.4&#8243; _module_preset=&#8221;default&#8221; background_color=&#8221;RGBA(255,255,255,0)&#8221; text_orientation=&#8221;center&#8221; global_colors_info=&#8221;{}&#8221;][\/et_pb_blurb][\/et_pb_column][et_pb_column type=&#8221;1_6&#8243; _builder_version=&#8221;4.27.4&#8243; _module_preset=&#8221;default&#8221; global_colors_info=&#8221;{}&#8221;][et_pb_blurb title=&#8221;Healthy meals: breakfast, lunch, snacks&#8221; use_icon=&#8221;on&#8221; font_icon=&#8221;&#xf2e7;||fa||900&#8243; icon_color=&#8221;#0E5058&#8243; _builder_version=&#8221;4.27.4&#8243; _module_preset=&#8221;default&#8221; text_orientation=&#8221;center&#8221; global_colors_info=&#8221;{}&#8221;][\/et_pb_blurb][\/et_pb_column][et_pb_column type=&#8221;1_6&#8243; _builder_version=&#8221;4.27.4&#8243; _module_preset=&#8221;default&#8221; global_colors_info=&#8221;{}&#8221;][et_pb_blurb title=&#8221; Nap time and personal care routines&#8221; use_icon=&#8221;on&#8221; font_icon=&#8221;&#xf236;||fa||900&#8243; icon_color=&#8221;#EB5E42&#8243; _builder_version=&#8221;4.27.4&#8243; _module_preset=&#8221;default&#8221; text_orientation=&#8221;center&#8221; global_colors_info=&#8221;{}&#8221;][\/et_pb_blurb][\/et_pb_column][et_pb_column type=&#8221;1_6&#8243; _builder_version=&#8221;4.27.4&#8243; _module_preset=&#8221;default&#8221; global_colors_info=&#8221;{}&#8221;][et_pb_blurb title=&#8221;Outdoor learning and exploration spaces&#8221; use_icon=&#8221;on&#8221; font_icon=&#8221;&#xf1bb;||fa||900&#8243; icon_color=&#8221;#0E5058&#8243; _builder_version=&#8221;4.27.4&#8243; _module_preset=&#8221;default&#8221; text_orientation=&#8221;center&#8221; global_colors_info=&#8221;{}&#8221;][\/et_pb_blurb][\/et_pb_column][et_pb_column type=&#8221;1_6&#8243; _builder_version=&#8221;4.27.4&#8243; _module_preset=&#8221;default&#8221; global_colors_info=&#8221;{}&#8221;][et_pb_blurb title=&#8221;Full-day programme: 6:30\u201316:30&#8243; use_icon=&#8221;on&#8221; font_icon=&#8221;&#xf017;||fa||900&#8243; icon_color=&#8221;#EB5E42&#8243; _builder_version=&#8221;4.27.4&#8243; _module_preset=&#8221;default&#8221; text_orientation=&#8221;center&#8221; hover_enabled=&#8221;0&#8243; global_colors_info=&#8221;{}&#8221; sticky_enabled=&#8221;0&#8243;][\/et_pb_blurb][\/et_pb_column][\/et_pb_row][\/et_pb_section][et_pb_section fb_built=&#8221;1&#8243; prev_background_color=&#8221;#FFFFFF&#8221; next_background_color=&#8221;#ffffff&#8221; admin_label=&#8221;Call to Action&#8221; _builder_version=&#8221;4.27.4&#8243; _module_preset=&#8221;default&#8221; background_color=&#8221;#0E5058&#8243; background_enable_image=&#8221;off&#8221; custom_padding=&#8221;5vw||5vw||true|false&#8221; top_divider_style=&#8221;curve2&#8243; top_divider_height_tablet=&#8221;&#8221; top_divider_height_phone=&#8221;20px&#8221; top_divider_height_last_edited=&#8221;on|phone&#8221; bottom_divider_style=&#8221;curve2&#8243; bottom_divider_flip=&#8221;vertical&#8221; bottom_divider_height_tablet=&#8221;&#8221; bottom_divider_height_phone=&#8221;26px&#8221; bottom_divider_height_last_edited=&#8221;on|desktop&#8221; locked=&#8221;off&#8221; collapsed=&#8221;off&#8221; global_colors_info=&#8221;{%22gcid-36fd78a7-34bc-404d-873c-dafa34efaae5%22:%91%22background_color%22%93}&#8221;][et_pb_row _builder_version=&#8221;4.27.4&#8243; _module_preset=&#8221;5138c454-be54-4233-bd3b-f8e6a8747976&#8243; background_color=&#8221;RGBA(255,255,255,0)&#8221; custom_padding=&#8221;3vw||3vw||true|false&#8221; locked=&#8221;off&#8221; global_colors_info=&#8221;{}&#8221;][et_pb_column type=&#8221;4_4&#8243; _builder_version=&#8221;4.27.4&#8243; _module_preset=&#8221;73121f80-a3ef-4484-8763-c3f18e3c56d2&#8243; background_color=&#8221;RGBA(255,255,255,0)&#8221; global_colors_info=&#8221;{}&#8221;][et_pb_text _builder_version=&#8221;4.27.4&#8243; _module_preset=&#8221;default&#8221; text_text_color=&#8221;#FFFFFF&#8221; background_layout=&#8221;dark&#8221; global_colors_info=&#8221;{}&#8221;]<\/p>\n<h2 style=\"text-align: center;\"><b>Spremni za posjetu ili prijavu?<\/b><\/h2>\n<p style=\"text-align: center;\"><b><span style=\"font-weight: 400;\">Rado bismo po\u017eeljeli dobrodo\u0161licu va\u0161em djetetu u na\u0161u pred\u0161kolsku porodicu. Posjetite jednu od na\u0161ih pred\u0161kolskih ustanova ili zapo\u010dnite s prijavom ve\u0107 danas.<\/span><\/b><\/p>\n<p>[\/et_pb_text][\/et_pb_column][\/et_pb_row][et_pb_row column_structure=\u201d1_3,1_3,1_3\u2033 _builder_version=\u201d4.27.4\u2033 _module_preset=\u201ddefault\u201d background_color=\u201dRGBA(255,255,255,0)\u201d custom_margin=\u201d|||false|false\u201d custom_padding=\u201d0vw||4vw||false|false\u201d global_colors_info=\u201d{}\u201d][et_pb_column type=\u201d1_3\u2033 _builder_version=\u201d4.27.4\u2033 _module_preset=\u201ddefault\u201d global_colors_info=\u201d{}\u201d][et_pb_button button_url=\u201d@ET-DC@eyJkeW5hbWljIjp0cnVlLCJjb250ZW50IjoicG9zdF9saW5rX3VybF9wYWdlIiwic2V0dGluZ3MiOnsicG9zdF9pZCI6IjI0MjMyMyJ9fQ==@\u201d button_text=\u201dZaka\u017eite posjetu\u201d button_alignment=\u201dcenter\u201d _builder_version=\u201d4.27.4\u2033 _dynamic_attributes=\u201dbutton_url\u201d _module_preset=\u201ddefault\u201d global_colors_info=\u201d{}\u201d][\/et_pb_button][\/et_pb_column][et_pb_column type=\u201d1_3\u2033 _builder_version=\u201d4.27.4\u2033 _module_preset=\u201ddefault\u201d global_colors_info=\u201d{}\u201d][et_pb_button button_url=\u201d@ET-DC@eyJkeW5hbWljIjp0cnVlLCJjb250ZW50IjoicG9zdF9saW5rX3VybF9wYWdlIiwic2V0dGluZ3MiOnsicG9zdF9pZCI6IjI0MjU4NiJ9fQ==@\u201d button_text=\u201dPogledaj dnevni raspored\u201d button_alignment=\u201dcenter\u201d _builder_version=\u201d4.27.4\u2033 _dynamic_attributes=\u201dbutton_url\u201d _module_preset=\u201ddefault\u201d global_colors_info=\u201d{}\u201d][\/et_pb_button][\/et_pb_column][et_pb_column type=\u201d1_3\u2033 _builder_version=\u201d4.27.4\u2033 _module_preset=\u201ddefault\u201d global_colors_info=\u201d{}\u201d][et_pb_button button_url=\u201d@ET-DC@eyJkeW5hbWljIjp0cnVlLCJjb250ZW50IjoicG9zdF9saW5rX3VybF9wYWdlIiwic2V0dGluZ3MiOnsicG9zdF9pZCI6IjI0MjUxOSJ9fQ==@\u201d button_text=\u201dPrijavite se odmah\u201d button_alignment=\u201dcenter\u201d _builder_version=\u201d4.27.4\u2033 _dynamic_attributes=\u201dbutton_url\u201d _module_preset=\u201ddefault\u201d global_colors_info=\u201d{}\u201d][\/et_pb_button][\/et_pb_column][\/et_pb_row][\/et_pb_section]<\/p>","protected":false},"excerpt":{"rendered":"<p>Svako dijete zaslu\u017euje bri\u017ean po\u010detak. U pred\u0161kolskim ustanovama Richmond Park vjerujemo da je rano djetinjstvo vrijeme radosnih otkri\u0107a. Na\u0161 pristup poti\u010de djecu da rastu dru\u0161tveno, emocionalno i kognitivno kroz igru, istra\u017eivanje i brigu. Podr\u017eavamo svako dijete da napreduje svojim tempom, u dvojezi\u010dnom okru\u017eenju koje spaja strukturu s ma\u0161tom. Dvije lokacije. Na\u0161i pred\u0161kolski objekti [\u2026]<\/p>","protected":false},"author":1,"featured_media":0,"parent":0,"menu_order":0,"comment_status":"closed","ping_status":"closed","template":"","meta":{"_et_pb_use_builder":"on","_et_pb_old_content":"<!-- wp:divi\/placeholder \/-->","_et_gb_content_width":"","iawp_total_views":205,"footnotes":""},"class_list":["post-242327","page","type-page","status-publish","hentry"],"_links":{"self":[{"href":"https:\/\/bihac.rps.edu.ba\/bs\/wp-json\/wp\/v2\/pages\/242327","targetHints":{"allow":["GET"]}}],"collection":[{"href":"https:\/\/bihac.rps.edu.ba\/bs\/wp-json\/wp\/v2\/pages"}],"about":[{"href":"https:\/\/bihac.rps.edu.ba\/bs\/wp-json\/wp\/v2\/types\/page"}],"author":[{"embeddable":true,"href":"https:\/\/bihac.rps.edu.ba\/bs\/wp-json\/wp\/v2\/users\/1"}],"replies":[{"embeddable":true,"href":"https:\/\/bihac.rps.edu.ba\/bs\/wp-json\/wp\/v2\/comments?post=242327"}],"version-history":[{"count":11,"href":"https:\/\/bihac.rps.edu.ba\/bs\/wp-json\/wp\/v2\/pages\/242327\/revisions"}],"predecessor-version":[{"id":243218,"href":"https:\/\/bihac.rps.edu.ba\/bs\/wp-json\/wp\/v2\/pages\/242327\/revisions\/243218"}],"wp:attachment":[{"href":"https:\/\/bihac.rps.edu.ba\/bs\/wp-json\/wp\/v2\/media?parent=242327"}],"curies":[{"name":"radni list","href":"https:\/\/api.w.org\/{rel}","templated":true}]}}